{"id":1087,"date":"2022-03-30T11:08:35","date_gmt":"2022-03-30T09:08:35","guid":{"rendered":"https:\/\/www.myplacehotel.it\/?page_id=1087"},"modified":"2022-03-30T11:08:37","modified_gmt":"2022-03-30T09:08:37","slug":"sejour-sur","status":"publish","type":"page","link":"https:\/\/www.myplacehotel.it\/fr\/sejour-sur\/","title":{"rendered":"S\u00e9jour S\u00fbr"},"content":{"rendered":"\n<div class=\"wp-block-columns is-layout-flex wp-container-core-columns-is-layout-9d6595d7 wp-block-columns-is-layout-flex\">\n<div class=\"wp-block-column wow slideInLeft is-layout-flow wp-block-column-is-layout-flow\">\n<h3 class=\"wp-block-heading\">Prot\u00e9gez votre r\u00e9servation avec notre Assurance<\/h3>\n\n\n\n<p>\u00c0 l&rsquo;H\u00f4tel My Place, nous sommes soucieux depuis toujours de la sant\u00e9 et de la s\u00e9curit\u00e9 de nos clients.<\/p>\n\n\n\n<p>C&rsquo;est pourquoi, depuis plusieurs ann\u00e9es, nous vous proposons, en collaboration avec l&rsquo;assurance Allianz, Allianz Global Assistance*, le plan d&rsquo;assurance d\u00e9di\u00e9 \u00e0 ceux qui veulent partir en vacances en toute s\u00e9curit\u00e9 et s\u00e9r\u00e9nit\u00e9.<\/p>\n\n\n\n<p>En activant cette assurance, avec seulement 3% des arrhes vers\u00e9es, vous prot\u00e9gerez ce que vous avez pay\u00e9 comme arrhes ou acompte en cas de :<\/p>\n\n\n\n<ul class=\"wp-block-list\"><li>non-pr\u00e9sentation<\/li><li>interruption de votre s\u00e9jour pour quelque motif que ce soit<\/li><li>arriv\u00e9e tardive \u00e0 notre h\u00f4tel<\/li><\/ul>\n<\/div>\n\n\n\n<div class=\"wp-block-column wow slideInRight is-layout-flow wp-block-column-is-layout-flow\">\n<figure class=\"wp-block-image size-large\"><img fetchpriority=\"high\" decoding=\"async\" width=\"800\" height=\"534\" src=\"https:\/\/www.myplacehotel.it\/wp-content\/uploads\/2021\/05\/soggiorno-sicuro-1.jpg\" alt=\"\" class=\"wp-image-507\" srcset=\"https:\/\/www.myplacehotel.it\/wp-content\/uploads\/2021\/05\/soggiorno-sicuro-1.jpg 800w, https:\/\/www.myplacehotel.it\/wp-content\/uploads\/2021\/05\/soggiorno-sicuro-1-300x200.jpg 300w, https:\/\/www.myplacehotel.it\/wp-content\/uploads\/2021\/05\/soggiorno-sicuro-1-768x513.jpg 768w\" sizes=\"(max-width: 800px) 100vw, 800px\" \/><\/figure>\n<\/div>\n<\/div>\n\n\n\n<div class=\"wp-block-columns is-layout-flex wp-container-core-columns-is-layout-9d6595d7 wp-block-columns-is-layout-flex\">\n<div class=\"wp-block-column wow slideInLeft is-layout-flow wp-block-column-is-layout-flow\">\n<figure class=\"wp-block-image size-large\"><img decoding=\"async\" width=\"785\" height=\"525\" src=\"https:\/\/www.myplacehotel.it\/wp-content\/uploads\/2021\/05\/assicurazione-allianz.jpg\" alt=\"\" class=\"wp-image-503\" srcset=\"https:\/\/www.myplacehotel.it\/wp-content\/uploads\/2021\/05\/assicurazione-allianz.jpg 785w, https:\/\/www.myplacehotel.it\/wp-content\/uploads\/2021\/05\/assicurazione-allianz-300x201.jpg 300w, https:\/\/www.myplacehotel.it\/wp-content\/uploads\/2021\/05\/assicurazione-allianz-768x514.jpg 768w\" sizes=\"(max-width: 785px) 100vw, 785px\" \/><\/figure>\n<\/div>\n\n\n\n<div class=\"wp-block-column wow slideInRight is-layout-flow wp-block-column-is-layout-flow\">\n<h3 class=\"wp-block-heading\">Booking Protection<\/h3>\n\n\n\n<p>Cette assurance est destin\u00e9e \u00e0 rembourser les frais encourus lorsque le client doit renoncer aux vacances programm\u00e9es, retarder le d\u00e9but de celles-ci ou les interrompre pr\u00e9matur\u00e9ment pour cause de:<\/p>\n\n\n\n<ul class=\"wp-block-list\"><li>maladie grave<\/li><li>accident du client ou d&rsquo;un membre de sa famille<\/li><li>difficult\u00e9 \u00e0 rejoindre l&rsquo;h\u00f4tel<\/li><\/ul>\n\n\n\n<h3 class=\"wp-block-heading\">Booking Protection Plus<\/h3>\n\n\n\n<p>Il s&rsquo;agit d&rsquo;une assurance qui comprend la Booking Protection de base plus une <strong>assistance m\u00e9dicale<\/strong> par t\u00e9l\u00e9phone pour des informations et\/ou des conseils m\u00e9dicaux, l&rsquo;envoi gratuit d&rsquo;un m\u00e9decin, le transport vers des \u00e9tablissements dot\u00e9s d&rsquo;\u00e9quipements m\u00e9dicaux et le retour m\u00e9dicalis\u00e9 au domicile de l&rsquo;assur\u00e9.<\/p>\n<\/div>\n<\/div>\n\n\n\n<p class=\"has-text-align-center\"><strong>Vous voulez en savoir plus?<br>Contactez-nous pour demander des informations ou obtenir votre devis personnalis\u00e9!<\/strong><\/p>\n\n\n\n<p class=\"has-text-align-center\"><em>*La couverture Allianz Global Assistance ne peut pas \u00eatre appliqu\u00e9e aux retards, aux non-pr\u00e9sentations et aux interruptions de s\u00e9jour dues au CoVid-19.<\/em><\/p>\n","protected":false},"excerpt":{"rendered":"<p>Prot\u00e9gez votre r\u00e9servation avec notre Assurance \u00c0 l&rsquo;H\u00f4tel My Place, nous sommes soucieux depuis toujours de la sant\u00e9 et de la s\u00e9curit\u00e9 de nos clients. C&rsquo;est pourquoi, depuis plusieurs ann\u00e9es, nous vous proposons, en collaboration avec l&rsquo;assurance Allianz, Allianz Global Assistance*, le plan d&rsquo;assurance d\u00e9di\u00e9 \u00e0 ceux qui veulent partir en vacances en toute s\u00e9curit\u00e9 [&hellip;]<\/p>\n","protected":false},"author":1,"featured_media":318,"parent":0,"menu_order":0,"comment_status":"closed","ping_status":"closed","template":"","meta":{"_acf_changed":false,"footnotes":""},"class_list":["post-1087","page","type-page","status-publish","has-post-thumbnail","hentry"],"acf":[],"yoast_head":"<!-- This site is optimized with the Yoast SEO plugin v27.0 - https:\/\/yoast.com\/product\/yoast-seo-wordpress\/ -->\n<title>S\u00e9jour S\u00fbr - My Place Hotel<\/title>\n<meta name=\"robots\" content=\"index, follow, max-snippet:-1, max-image-preview:large, max-video-preview:-1\" \/>\n<link rel=\"canonical\" href=\"https:\/\/www.myplacehotel.it\/fr\/sejour-sur\/\" \/>\n<meta property=\"og:locale\" content=\"fr_FR\" \/>\n<meta property=\"og:type\" content=\"article\" \/>\n<meta property=\"og:title\" content=\"S\u00e9jour S\u00fbr - My Place Hotel\" \/>\n<meta property=\"og:description\" content=\"Prot\u00e9gez votre r\u00e9servation avec notre Assurance \u00c0 l&rsquo;H\u00f4tel My Place, nous sommes soucieux depuis toujours de la sant\u00e9 et de la s\u00e9curit\u00e9 de nos clients. C&rsquo;est pourquoi, depuis plusieurs ann\u00e9es, nous vous proposons, en collaboration avec l&rsquo;assurance Allianz, Allianz Global Assistance*, le plan d&rsquo;assurance d\u00e9di\u00e9 \u00e0 ceux qui veulent partir en vacances en toute s\u00e9curit\u00e9 [&hellip;]\" \/>\n<meta property=\"og:url\" content=\"https:\/\/www.myplacehotel.it\/fr\/sejour-sur\/\" \/>\n<meta property=\"og:site_name\" content=\"My Place Hotel\" \/>\n<meta property=\"article:modified_time\" content=\"2022-03-30T09:08:37+00:00\" \/>\n<meta property=\"og:image\" content=\"https:\/\/www.myplacehotel.it\/wp-content\/uploads\/2021\/05\/soggiorno-sicuro.jpg\" \/>\n\t<meta property=\"og:image:width\" content=\"1920\" \/>\n\t<meta property=\"og:image:height\" content=\"1282\" \/>\n\t<meta property=\"og:image:type\" content=\"image\/jpeg\" \/>\n<meta name=\"twitter:card\" content=\"summary_large_image\" \/>\n<meta name=\"twitter:label1\" content=\"Dur\u00e9e de lecture estim\u00e9e\" \/>\n\t<meta name=\"twitter:data1\" content=\"2 minutes\" \/>\n<script type=\"application\/ld+json\" class=\"yoast-schema-graph\">{\"@context\":\"https:\/\/schema.org\",\"@graph\":[{\"@type\":\"WebPage\",\"@id\":\"https:\/\/www.myplacehotel.it\/fr\/sejour-sur\/\",\"url\":\"https:\/\/www.myplacehotel.it\/fr\/sejour-sur\/\",\"name\":\"S\u00e9jour S\u00fbr - My Place Hotel\",\"isPartOf\":{\"@id\":\"https:\/\/www.myplacehotel.it\/fr\/#website\"},\"primaryImageOfPage\":{\"@id\":\"https:\/\/www.myplacehotel.it\/fr\/sejour-sur\/#primaryimage\"},\"image\":{\"@id\":\"https:\/\/www.myplacehotel.it\/fr\/sejour-sur\/#primaryimage\"},\"thumbnailUrl\":\"https:\/\/www.myplacehotel.it\/wp-content\/uploads\/2021\/05\/soggiorno-sicuro.jpg\",\"datePublished\":\"2022-03-30T09:08:35+00:00\",\"dateModified\":\"2022-03-30T09:08:37+00:00\",\"breadcrumb\":{\"@id\":\"https:\/\/www.myplacehotel.it\/fr\/sejour-sur\/#breadcrumb\"},\"inLanguage\":\"fr-FR\",\"potentialAction\":[{\"@type\":\"ReadAction\",\"target\":[\"https:\/\/www.myplacehotel.it\/fr\/sejour-sur\/\"]}]},{\"@type\":\"ImageObject\",\"inLanguage\":\"fr-FR\",\"@id\":\"https:\/\/www.myplacehotel.it\/fr\/sejour-sur\/#primaryimage\",\"url\":\"https:\/\/www.myplacehotel.it\/wp-content\/uploads\/2021\/05\/soggiorno-sicuro.jpg\",\"contentUrl\":\"https:\/\/www.myplacehotel.it\/wp-content\/uploads\/2021\/05\/soggiorno-sicuro.jpg\",\"width\":1920,\"height\":1282},{\"@type\":\"BreadcrumbList\",\"@id\":\"https:\/\/www.myplacehotel.it\/fr\/sejour-sur\/#breadcrumb\",\"itemListElement\":[{\"@type\":\"ListItem\",\"position\":1,\"name\":\"Home\",\"item\":\"https:\/\/www.myplacehotel.it\/fr\/\"},{\"@type\":\"ListItem\",\"position\":2,\"name\":\"S\u00e9jour S\u00fbr\"}]},{\"@type\":\"WebSite\",\"@id\":\"https:\/\/www.myplacehotel.it\/fr\/#website\",\"url\":\"https:\/\/www.myplacehotel.it\/fr\/\",\"name\":\"My Place Hotel\",\"description\":\"\",\"potentialAction\":[{\"@type\":\"SearchAction\",\"target\":{\"@type\":\"EntryPoint\",\"urlTemplate\":\"https:\/\/www.myplacehotel.it\/fr\/?s={search_term_string}\"},\"query-input\":{\"@type\":\"PropertyValueSpecification\",\"valueRequired\":true,\"valueName\":\"search_term_string\"}}],\"inLanguage\":\"fr-FR\"}]}<\/script>\n<!-- \/ Yoast SEO plugin. -->","yoast_head_json":{"title":"S\u00e9jour S\u00fbr - My Place Hotel","robots":{"index":"index","follow":"follow","max-snippet":"max-snippet:-1","max-image-preview":"max-image-preview:large","max-video-preview":"max-video-preview:-1"},"canonical":"https:\/\/www.myplacehotel.it\/fr\/sejour-sur\/","og_locale":"fr_FR","og_type":"article","og_title":"S\u00e9jour S\u00fbr - My Place Hotel","og_description":"Prot\u00e9gez votre r\u00e9servation avec notre Assurance \u00c0 l&rsquo;H\u00f4tel My Place, nous sommes soucieux depuis toujours de la sant\u00e9 et de la s\u00e9curit\u00e9 de nos clients. C&rsquo;est pourquoi, depuis plusieurs ann\u00e9es, nous vous proposons, en collaboration avec l&rsquo;assurance Allianz, Allianz Global Assistance*, le plan d&rsquo;assurance d\u00e9di\u00e9 \u00e0 ceux qui veulent partir en vacances en toute s\u00e9curit\u00e9 [&hellip;]","og_url":"https:\/\/www.myplacehotel.it\/fr\/sejour-sur\/","og_site_name":"My Place Hotel","article_modified_time":"2022-03-30T09:08:37+00:00","og_image":[{"width":1920,"height":1282,"url":"https:\/\/www.myplacehotel.it\/wp-content\/uploads\/2021\/05\/soggiorno-sicuro.jpg","type":"image\/jpeg"}],"twitter_card":"summary_large_image","twitter_misc":{"Dur\u00e9e de lecture estim\u00e9e":"2 minutes"},"schema":{"@context":"https:\/\/schema.org","@graph":[{"@type":"WebPage","@id":"https:\/\/www.myplacehotel.it\/fr\/sejour-sur\/","url":"https:\/\/www.myplacehotel.it\/fr\/sejour-sur\/","name":"S\u00e9jour S\u00fbr - My Place Hotel","isPartOf":{"@id":"https:\/\/www.myplacehotel.it\/fr\/#website"},"primaryImageOfPage":{"@id":"https:\/\/www.myplacehotel.it\/fr\/sejour-sur\/#primaryimage"},"image":{"@id":"https:\/\/www.myplacehotel.it\/fr\/sejour-sur\/#primaryimage"},"thumbnailUrl":"https:\/\/www.myplacehotel.it\/wp-content\/uploads\/2021\/05\/soggiorno-sicuro.jpg","datePublished":"2022-03-30T09:08:35+00:00","dateModified":"2022-03-30T09:08:37+00:00","breadcrumb":{"@id":"https:\/\/www.myplacehotel.it\/fr\/sejour-sur\/#breadcrumb"},"inLanguage":"fr-FR","potentialAction":[{"@type":"ReadAction","target":["https:\/\/www.myplacehotel.it\/fr\/sejour-sur\/"]}]},{"@type":"ImageObject","inLanguage":"fr-FR","@id":"https:\/\/www.myplacehotel.it\/fr\/sejour-sur\/#primaryimage","url":"https:\/\/www.myplacehotel.it\/wp-content\/uploads\/2021\/05\/soggiorno-sicuro.jpg","contentUrl":"https:\/\/www.myplacehotel.it\/wp-content\/uploads\/2021\/05\/soggiorno-sicuro.jpg","width":1920,"height":1282},{"@type":"BreadcrumbList","@id":"https:\/\/www.myplacehotel.it\/fr\/sejour-sur\/#breadcrumb","itemListElement":[{"@type":"ListItem","position":1,"name":"Home","item":"https:\/\/www.myplacehotel.it\/fr\/"},{"@type":"ListItem","position":2,"name":"S\u00e9jour S\u00fbr"}]},{"@type":"WebSite","@id":"https:\/\/www.myplacehotel.it\/fr\/#website","url":"https:\/\/www.myplacehotel.it\/fr\/","name":"My Place Hotel","description":"","potentialAction":[{"@type":"SearchAction","target":{"@type":"EntryPoint","urlTemplate":"https:\/\/www.myplacehotel.it\/fr\/?s={search_term_string}"},"query-input":{"@type":"PropertyValueSpecification","valueRequired":true,"valueName":"search_term_string"}}],"inLanguage":"fr-FR"}]}},"_links":{"self":[{"href":"https:\/\/www.myplacehotel.it\/fr\/wp-json\/wp\/v2\/pages\/1087","targetHints":{"allow":["GET"]}}],"collection":[{"href":"https:\/\/www.myplacehotel.it\/fr\/wp-json\/wp\/v2\/pages"}],"about":[{"href":"https:\/\/www.myplacehotel.it\/fr\/wp-json\/wp\/v2\/types\/page"}],"author":[{"embeddable":true,"href":"https:\/\/www.myplacehotel.it\/fr\/wp-json\/wp\/v2\/users\/1"}],"replies":[{"embeddable":true,"href":"https:\/\/www.myplacehotel.it\/fr\/wp-json\/wp\/v2\/comments?post=1087"}],"version-history":[{"count":1,"href":"https:\/\/www.myplacehotel.it\/fr\/wp-json\/wp\/v2\/pages\/1087\/revisions"}],"predecessor-version":[{"id":1088,"href":"https:\/\/www.myplacehotel.it\/fr\/wp-json\/wp\/v2\/pages\/1087\/revisions\/1088"}],"wp:featuredmedia":[{"embeddable":true,"href":"https:\/\/www.myplacehotel.it\/fr\/wp-json\/wp\/v2\/media\/318"}],"wp:attachment":[{"href":"https:\/\/www.myplacehotel.it\/fr\/wp-json\/wp\/v2\/media?parent=1087"}],"curies":[{"name":"wp","href":"https:\/\/api.w.org\/{rel}","templated":true}]}}