{"id":1085,"date":"2022-03-30T11:06:21","date_gmt":"2022-03-30T09:06:21","guid":{"rendered":"https:\/\/www.myplacehotel.it\/?page_id=1085"},"modified":"2023-02-09T16:01:42","modified_gmt":"2023-02-09T15:01:42","slug":"piscine","status":"publish","type":"page","link":"https:\/\/www.myplacehotel.it\/fr\/piscine\/","title":{"rendered":"Piscine"},"content":{"rendered":"\n<div class=\"wp-block-columns is-layout-flex wp-container-core-columns-is-layout-9d6595d7 wp-block-columns-is-layout-flex\">\n<div class=\"wp-block-column wow slideInLeft is-layout-flow wp-block-column-is-layout-flow\">\n<p><strong>H\u00f4tel avec piscine et solarium \u00e0 Rimini<\/strong><\/p>\n\n\n\n<p>Dans notre piscine entour\u00e9e de verdure, vous pourrez vous d\u00e9tendre, en prenant un bain de soleil, en lisant un livre ou avec un cocktail \u00e0 la main.<\/p>\n\n\n\n<p>Elle est \u00e9galement tr\u00e8s appr\u00e9ci\u00e9e des enfants qui peuvent y jouer et s&rsquo;y amuser avec joie.Quand la <strong>chaleur <\/strong>est torride, il n&rsquo;y a rien de mieux pour <strong>rafra\u00eechir le corps<\/strong> et l&rsquo;esprit qu&rsquo;un <strong>plongeon<\/strong> dans la <strong>piscine <\/strong>en bonne compagnie.<\/p>\n<\/div>\n<\/div>\n\n\n\n<figure class=\"wp-block-gallery has-nested-images columns-default is-cropped wp-block-gallery-1 is-layout-flex wp-block-gallery-is-layout-flex\">\n<figure class=\"wp-block-image size-large\"><img fetchpriority=\"high\" decoding=\"async\" width=\"1000\" height=\"665\" data-id=\"361\" src=\"https:\/\/www.myplacehotel.it\/wp-content\/uploads\/2021\/05\/pool03.jpg\" alt=\"\" class=\"wp-image-361\" srcset=\"https:\/\/www.myplacehotel.it\/wp-content\/uploads\/2021\/05\/pool03.jpg 1000w, https:\/\/www.myplacehotel.it\/wp-content\/uploads\/2021\/05\/pool03-300x200.jpg 300w, https:\/\/www.myplacehotel.it\/wp-content\/uploads\/2021\/05\/pool03-768x511.jpg 768w\" sizes=\"(max-width: 1000px) 100vw, 1000px\" \/><\/figure>\n\n\n\n<figure class=\"wp-block-image size-large\"><img decoding=\"async\" width=\"2000\" height=\"561\" data-id=\"365\" src=\"https:\/\/www.myplacehotel.it\/wp-content\/uploads\/2021\/05\/pool02.jpg\" alt=\"\" class=\"wp-image-365\" srcset=\"https:\/\/www.myplacehotel.it\/wp-content\/uploads\/2021\/05\/pool02.jpg 2000w, https:\/\/www.myplacehotel.it\/wp-content\/uploads\/2021\/05\/pool02-300x84.jpg 300w, https:\/\/www.myplacehotel.it\/wp-content\/uploads\/2021\/05\/pool02-1024x287.jpg 1024w, https:\/\/www.myplacehotel.it\/wp-content\/uploads\/2021\/05\/pool02-768x215.jpg 768w, https:\/\/www.myplacehotel.it\/wp-content\/uploads\/2021\/05\/pool02-1600x449.jpg 1600w, https:\/\/www.myplacehotel.it\/wp-content\/uploads\/2021\/05\/pool02-1536x431.jpg 1536w\" sizes=\"(max-width: 2000px) 100vw, 2000px\" \/><\/figure>\n<\/figure>\n","protected":false},"excerpt":{"rendered":"<p>H\u00f4tel avec piscine et solarium \u00e0 Rimini Dans notre piscine entour\u00e9e de verdure, vous pourrez vous d\u00e9tendre, en prenant un bain de soleil, en lisant un livre ou avec un cocktail \u00e0 la main. Elle est \u00e9galement tr\u00e8s appr\u00e9ci\u00e9e des enfants qui peuvent y jouer et s&rsquo;y amuser avec joie.Quand la chaleur est torride, il [&hellip;]<\/p>\n","protected":false},"author":1,"featured_media":1636,"parent":0,"menu_order":0,"comment_status":"closed","ping_status":"closed","template":"","meta":{"_acf_changed":false,"footnotes":""},"class_list":["post-1085","page","type-page","status-publish","has-post-thumbnail","hentry"],"acf":[],"yoast_head":"<!-- This site is optimized with the Yoast SEO plugin v27.0 - https:\/\/yoast.com\/product\/yoast-seo-wordpress\/ -->\n<title>Piscine - My Place Hotel<\/title>\n<meta name=\"robots\" content=\"index, follow, max-snippet:-1, max-image-preview:large, max-video-preview:-1\" \/>\n<link rel=\"canonical\" href=\"https:\/\/www.myplacehotel.it\/fr\/piscine\/\" \/>\n<meta property=\"og:locale\" content=\"fr_FR\" \/>\n<meta property=\"og:type\" content=\"article\" \/>\n<meta property=\"og:title\" content=\"Piscine - My Place Hotel\" \/>\n<meta property=\"og:description\" content=\"H\u00f4tel avec piscine et solarium \u00e0 Rimini Dans notre piscine entour\u00e9e de verdure, vous pourrez vous d\u00e9tendre, en prenant un bain de soleil, en lisant un livre ou avec un cocktail \u00e0 la main. Elle est \u00e9galement tr\u00e8s appr\u00e9ci\u00e9e des enfants qui peuvent y jouer et s&rsquo;y amuser avec joie.Quand la chaleur est torride, il [&hellip;]\" \/>\n<meta property=\"og:url\" content=\"https:\/\/www.myplacehotel.it\/fr\/piscine\/\" \/>\n<meta property=\"og:site_name\" content=\"My Place Hotel\" \/>\n<meta property=\"article:modified_time\" content=\"2023-02-09T15:01:42+00:00\" \/>\n<meta property=\"og:image\" content=\"https:\/\/www.myplacehotel.it\/wp-content\/uploads\/2021\/05\/pool-e1619977071971.jpg\" \/>\n\t<meta property=\"og:image:width\" content=\"1920\" \/>\n\t<meta property=\"og:image:height\" content=\"1288\" \/>\n\t<meta property=\"og:image:type\" content=\"image\/jpeg\" \/>\n<meta name=\"twitter:card\" content=\"summary_large_image\" \/>\n<meta name=\"twitter:label1\" content=\"Dur\u00e9e de lecture estim\u00e9e\" \/>\n\t<meta name=\"twitter:data1\" content=\"1 minute\" \/>\n<script type=\"application\/ld+json\" class=\"yoast-schema-graph\">{\"@context\":\"https:\/\/schema.org\",\"@graph\":[{\"@type\":\"WebPage\",\"@id\":\"https:\/\/www.myplacehotel.it\/fr\/piscine\/\",\"url\":\"https:\/\/www.myplacehotel.it\/fr\/piscine\/\",\"name\":\"Piscine - My Place Hotel\",\"isPartOf\":{\"@id\":\"https:\/\/www.myplacehotel.it\/fr\/#website\"},\"primaryImageOfPage\":{\"@id\":\"https:\/\/www.myplacehotel.it\/fr\/piscine\/#primaryimage\"},\"image\":{\"@id\":\"https:\/\/www.myplacehotel.it\/fr\/piscine\/#primaryimage\"},\"thumbnailUrl\":\"https:\/\/www.myplacehotel.it\/wp-content\/uploads\/2023\/03\/2.png\",\"datePublished\":\"2022-03-30T09:06:21+00:00\",\"dateModified\":\"2023-02-09T15:01:42+00:00\",\"breadcrumb\":{\"@id\":\"https:\/\/www.myplacehotel.it\/fr\/piscine\/#breadcrumb\"},\"inLanguage\":\"fr-FR\",\"potentialAction\":[{\"@type\":\"ReadAction\",\"target\":[\"https:\/\/www.myplacehotel.it\/fr\/piscine\/\"]}]},{\"@type\":\"ImageObject\",\"inLanguage\":\"fr-FR\",\"@id\":\"https:\/\/www.myplacehotel.it\/fr\/piscine\/#primaryimage\",\"url\":\"https:\/\/www.myplacehotel.it\/wp-content\/uploads\/2023\/03\/2.png\",\"contentUrl\":\"https:\/\/www.myplacehotel.it\/wp-content\/uploads\/2023\/03\/2.png\",\"width\":1600,\"height\":900},{\"@type\":\"BreadcrumbList\",\"@id\":\"https:\/\/www.myplacehotel.it\/fr\/piscine\/#breadcrumb\",\"itemListElement\":[{\"@type\":\"ListItem\",\"position\":1,\"name\":\"Home\",\"item\":\"https:\/\/www.myplacehotel.it\/fr\/\"},{\"@type\":\"ListItem\",\"position\":2,\"name\":\"Piscine\"}]},{\"@type\":\"WebSite\",\"@id\":\"https:\/\/www.myplacehotel.it\/fr\/#website\",\"url\":\"https:\/\/www.myplacehotel.it\/fr\/\",\"name\":\"My Place Hotel\",\"description\":\"\",\"potentialAction\":[{\"@type\":\"SearchAction\",\"target\":{\"@type\":\"EntryPoint\",\"urlTemplate\":\"https:\/\/www.myplacehotel.it\/fr\/?s={search_term_string}\"},\"query-input\":{\"@type\":\"PropertyValueSpecification\",\"valueRequired\":true,\"valueName\":\"search_term_string\"}}],\"inLanguage\":\"fr-FR\"}]}<\/script>\n<!-- \/ Yoast SEO plugin. -->","yoast_head_json":{"title":"Piscine - My Place Hotel","robots":{"index":"index","follow":"follow","max-snippet":"max-snippet:-1","max-image-preview":"max-image-preview:large","max-video-preview":"max-video-preview:-1"},"canonical":"https:\/\/www.myplacehotel.it\/fr\/piscine\/","og_locale":"fr_FR","og_type":"article","og_title":"Piscine - My Place Hotel","og_description":"H\u00f4tel avec piscine et solarium \u00e0 Rimini Dans notre piscine entour\u00e9e de verdure, vous pourrez vous d\u00e9tendre, en prenant un bain de soleil, en lisant un livre ou avec un cocktail \u00e0 la main. Elle est \u00e9galement tr\u00e8s appr\u00e9ci\u00e9e des enfants qui peuvent y jouer et s&rsquo;y amuser avec joie.Quand la chaleur est torride, il [&hellip;]","og_url":"https:\/\/www.myplacehotel.it\/fr\/piscine\/","og_site_name":"My Place Hotel","article_modified_time":"2023-02-09T15:01:42+00:00","og_image":[{"width":1920,"height":1288,"url":"https:\/\/www.myplacehotel.it\/wp-content\/uploads\/2021\/05\/pool-e1619977071971.jpg","type":"image\/jpeg"}],"twitter_card":"summary_large_image","twitter_misc":{"Dur\u00e9e de lecture estim\u00e9e":"1 minute"},"schema":{"@context":"https:\/\/schema.org","@graph":[{"@type":"WebPage","@id":"https:\/\/www.myplacehotel.it\/fr\/piscine\/","url":"https:\/\/www.myplacehotel.it\/fr\/piscine\/","name":"Piscine - My Place Hotel","isPartOf":{"@id":"https:\/\/www.myplacehotel.it\/fr\/#website"},"primaryImageOfPage":{"@id":"https:\/\/www.myplacehotel.it\/fr\/piscine\/#primaryimage"},"image":{"@id":"https:\/\/www.myplacehotel.it\/fr\/piscine\/#primaryimage"},"thumbnailUrl":"https:\/\/www.myplacehotel.it\/wp-content\/uploads\/2023\/03\/2.png","datePublished":"2022-03-30T09:06:21+00:00","dateModified":"2023-02-09T15:01:42+00:00","breadcrumb":{"@id":"https:\/\/www.myplacehotel.it\/fr\/piscine\/#breadcrumb"},"inLanguage":"fr-FR","potentialAction":[{"@type":"ReadAction","target":["https:\/\/www.myplacehotel.it\/fr\/piscine\/"]}]},{"@type":"ImageObject","inLanguage":"fr-FR","@id":"https:\/\/www.myplacehotel.it\/fr\/piscine\/#primaryimage","url":"https:\/\/www.myplacehotel.it\/wp-content\/uploads\/2023\/03\/2.png","contentUrl":"https:\/\/www.myplacehotel.it\/wp-content\/uploads\/2023\/03\/2.png","width":1600,"height":900},{"@type":"BreadcrumbList","@id":"https:\/\/www.myplacehotel.it\/fr\/piscine\/#breadcrumb","itemListElement":[{"@type":"ListItem","position":1,"name":"Home","item":"https:\/\/www.myplacehotel.it\/fr\/"},{"@type":"ListItem","position":2,"name":"Piscine"}]},{"@type":"WebSite","@id":"https:\/\/www.myplacehotel.it\/fr\/#website","url":"https:\/\/www.myplacehotel.it\/fr\/","name":"My Place Hotel","description":"","potentialAction":[{"@type":"SearchAction","target":{"@type":"EntryPoint","urlTemplate":"https:\/\/www.myplacehotel.it\/fr\/?s={search_term_string}"},"query-input":{"@type":"PropertyValueSpecification","valueRequired":true,"valueName":"search_term_string"}}],"inLanguage":"fr-FR"}]}},"_links":{"self":[{"href":"https:\/\/www.myplacehotel.it\/fr\/wp-json\/wp\/v2\/pages\/1085","targetHints":{"allow":["GET"]}}],"collection":[{"href":"https:\/\/www.myplacehotel.it\/fr\/wp-json\/wp\/v2\/pages"}],"about":[{"href":"https:\/\/www.myplacehotel.it\/fr\/wp-json\/wp\/v2\/types\/page"}],"author":[{"embeddable":true,"href":"https:\/\/www.myplacehotel.it\/fr\/wp-json\/wp\/v2\/users\/1"}],"replies":[{"embeddable":true,"href":"https:\/\/www.myplacehotel.it\/fr\/wp-json\/wp\/v2\/comments?post=1085"}],"version-history":[{"count":2,"href":"https:\/\/www.myplacehotel.it\/fr\/wp-json\/wp\/v2\/pages\/1085\/revisions"}],"predecessor-version":[{"id":1586,"href":"https:\/\/www.myplacehotel.it\/fr\/wp-json\/wp\/v2\/pages\/1085\/revisions\/1586"}],"wp:featuredmedia":[{"embeddable":true,"href":"https:\/\/www.myplacehotel.it\/fr\/wp-json\/wp\/v2\/media\/1636"}],"wp:attachment":[{"href":"https:\/\/www.myplacehotel.it\/fr\/wp-json\/wp\/v2\/media?parent=1085"}],"curies":[{"name":"wp","href":"https:\/\/api.w.org\/{rel}","templated":true}]}}