{"id":1083,"date":"2022-03-30T11:04:17","date_gmt":"2022-03-30T09:04:17","guid":{"rendered":"https:\/\/www.myplacehotel.it\/?page_id=1083"},"modified":"2023-02-09T16:01:54","modified_gmt":"2023-02-09T15:01:54","slug":"animaux-de-compagnie-votre-hotel","status":"publish","type":"page","link":"https:\/\/www.myplacehotel.it\/fr\/animaux-de-compagnie-votre-hotel\/","title":{"rendered":"Animaux De Compagnie, Votre H\u00f4tel"},"content":{"rendered":"\n<div class=\"wp-block-columns is-layout-flex wp-container-core-columns-is-layout-9d6595d7 wp-block-columns-is-layout-flex\">\n<div class=\"wp-block-column wow slideInLeft is-layout-flow wp-block-column-is-layout-flow\">\n<p>Depuis que Red est arriv\u00e9 du chenil, l&rsquo;ambiance de l\u2019H\u00f4tel My Place est assur\u00e9ment plus chaleureuse!<\/p>\n\n\n\n<p>Red fait partie de la r\u00e9ception et, avec vous, il accueillera votre ami \u00e0 quatre pattes, qui est le bienvenu et un invit\u00e9 dans notre \u00e9tablissement.<\/p>\n\n\n\n<p>Nous avons pr\u00e9par\u00e9 pour vous des bols, des coussins et des sacs hygi\u00e9niques au cas o\u00f9 vous les auriez oubli\u00e9s chez vous, afin que nous puissions choyer non seulement le client, mais aussi son meilleur ami!<\/p>\n<\/div>\n<\/div>\n","protected":false},"excerpt":{"rendered":"<p>Depuis que Red est arriv\u00e9 du chenil, l&rsquo;ambiance de l\u2019H\u00f4tel My Place est assur\u00e9ment plus chaleureuse! Red fait partie de la r\u00e9ception et, avec vous, il accueillera votre ami \u00e0 quatre pattes, qui est le bienvenu et un invit\u00e9 dans notre \u00e9tablissement. Nous avons pr\u00e9par\u00e9 pour vous des bols, des coussins et des sacs hygi\u00e9niques [&hellip;]<\/p>\n","protected":false},"author":1,"featured_media":288,"parent":0,"menu_order":0,"comment_status":"closed","ping_status":"closed","template":"","meta":{"_acf_changed":false,"footnotes":""},"class_list":["post-1083","page","type-page","status-publish","has-post-thumbnail","hentry"],"acf":[],"yoast_head":"<!-- This site is optimized with the Yoast SEO plugin v27.0 - https:\/\/yoast.com\/product\/yoast-seo-wordpress\/ -->\n<title>Animaux De Compagnie, Votre H\u00f4tel - My Place Hotel<\/title>\n<meta name=\"robots\" content=\"index, follow, max-snippet:-1, max-image-preview:large, max-video-preview:-1\" \/>\n<link rel=\"canonical\" href=\"https:\/\/www.myplacehotel.it\/fr\/animaux-de-compagnie-votre-hotel\/\" \/>\n<meta property=\"og:locale\" content=\"fr_FR\" \/>\n<meta property=\"og:type\" content=\"article\" \/>\n<meta property=\"og:title\" content=\"Animaux De Compagnie, Votre H\u00f4tel - My Place Hotel\" \/>\n<meta property=\"og:description\" content=\"Depuis que Red est arriv\u00e9 du chenil, l&rsquo;ambiance de l\u2019H\u00f4tel My Place est assur\u00e9ment plus chaleureuse! Red fait partie de la r\u00e9ception et, avec vous, il accueillera votre ami \u00e0 quatre pattes, qui est le bienvenu et un invit\u00e9 dans notre \u00e9tablissement. Nous avons pr\u00e9par\u00e9 pour vous des bols, des coussins et des sacs hygi\u00e9niques [&hellip;]\" \/>\n<meta property=\"og:url\" content=\"https:\/\/www.myplacehotel.it\/fr\/animaux-de-compagnie-votre-hotel\/\" \/>\n<meta property=\"og:site_name\" content=\"My Place Hotel\" \/>\n<meta property=\"article:modified_time\" content=\"2023-02-09T15:01:54+00:00\" \/>\n<meta property=\"og:image\" content=\"https:\/\/www.myplacehotel.it\/wp-content\/uploads\/2021\/05\/pet-friendly.jpg\" \/>\n\t<meta property=\"og:image:width\" content=\"1920\" \/>\n\t<meta property=\"og:image:height\" content=\"1281\" \/>\n\t<meta property=\"og:image:type\" content=\"image\/jpeg\" \/>\n<meta name=\"twitter:card\" content=\"summary_large_image\" \/>\n<meta name=\"twitter:label1\" content=\"Dur\u00e9e de lecture estim\u00e9e\" \/>\n\t<meta name=\"twitter:data1\" content=\"1 minute\" \/>\n<script type=\"application\/ld+json\" class=\"yoast-schema-graph\">{\"@context\":\"https:\/\/schema.org\",\"@graph\":[{\"@type\":\"WebPage\",\"@id\":\"https:\/\/www.myplacehotel.it\/fr\/animaux-de-compagnie-votre-hotel\/\",\"url\":\"https:\/\/www.myplacehotel.it\/fr\/animaux-de-compagnie-votre-hotel\/\",\"name\":\"Animaux De Compagnie, Votre H\u00f4tel - My Place Hotel\",\"isPartOf\":{\"@id\":\"https:\/\/www.myplacehotel.it\/fr\/#website\"},\"primaryImageOfPage\":{\"@id\":\"https:\/\/www.myplacehotel.it\/fr\/animaux-de-compagnie-votre-hotel\/#primaryimage\"},\"image\":{\"@id\":\"https:\/\/www.myplacehotel.it\/fr\/animaux-de-compagnie-votre-hotel\/#primaryimage\"},\"thumbnailUrl\":\"https:\/\/www.myplacehotel.it\/wp-content\/uploads\/2021\/05\/pet-friendly.jpg\",\"datePublished\":\"2022-03-30T09:04:17+00:00\",\"dateModified\":\"2023-02-09T15:01:54+00:00\",\"breadcrumb\":{\"@id\":\"https:\/\/www.myplacehotel.it\/fr\/animaux-de-compagnie-votre-hotel\/#breadcrumb\"},\"inLanguage\":\"fr-FR\",\"potentialAction\":[{\"@type\":\"ReadAction\",\"target\":[\"https:\/\/www.myplacehotel.it\/fr\/animaux-de-compagnie-votre-hotel\/\"]}]},{\"@type\":\"ImageObject\",\"inLanguage\":\"fr-FR\",\"@id\":\"https:\/\/www.myplacehotel.it\/fr\/animaux-de-compagnie-votre-hotel\/#primaryimage\",\"url\":\"https:\/\/www.myplacehotel.it\/wp-content\/uploads\/2021\/05\/pet-friendly.jpg\",\"contentUrl\":\"https:\/\/www.myplacehotel.it\/wp-content\/uploads\/2021\/05\/pet-friendly.jpg\",\"width\":1920,\"height\":1281},{\"@type\":\"BreadcrumbList\",\"@id\":\"https:\/\/www.myplacehotel.it\/fr\/animaux-de-compagnie-votre-hotel\/#breadcrumb\",\"itemListElement\":[{\"@type\":\"ListItem\",\"position\":1,\"name\":\"Home\",\"item\":\"https:\/\/www.myplacehotel.it\/fr\/\"},{\"@type\":\"ListItem\",\"position\":2,\"name\":\"Animaux De Compagnie, Votre H\u00f4tel\"}]},{\"@type\":\"WebSite\",\"@id\":\"https:\/\/www.myplacehotel.it\/fr\/#website\",\"url\":\"https:\/\/www.myplacehotel.it\/fr\/\",\"name\":\"My Place Hotel\",\"description\":\"\",\"potentialAction\":[{\"@type\":\"SearchAction\",\"target\":{\"@type\":\"EntryPoint\",\"urlTemplate\":\"https:\/\/www.myplacehotel.it\/fr\/?s={search_term_string}\"},\"query-input\":{\"@type\":\"PropertyValueSpecification\",\"valueRequired\":true,\"valueName\":\"search_term_string\"}}],\"inLanguage\":\"fr-FR\"}]}<\/script>\n<!-- \/ Yoast SEO plugin. -->","yoast_head_json":{"title":"Animaux De Compagnie, Votre H\u00f4tel - My Place Hotel","robots":{"index":"index","follow":"follow","max-snippet":"max-snippet:-1","max-image-preview":"max-image-preview:large","max-video-preview":"max-video-preview:-1"},"canonical":"https:\/\/www.myplacehotel.it\/fr\/animaux-de-compagnie-votre-hotel\/","og_locale":"fr_FR","og_type":"article","og_title":"Animaux De Compagnie, Votre H\u00f4tel - My Place Hotel","og_description":"Depuis que Red est arriv\u00e9 du chenil, l&rsquo;ambiance de l\u2019H\u00f4tel My Place est assur\u00e9ment plus chaleureuse! Red fait partie de la r\u00e9ception et, avec vous, il accueillera votre ami \u00e0 quatre pattes, qui est le bienvenu et un invit\u00e9 dans notre \u00e9tablissement. Nous avons pr\u00e9par\u00e9 pour vous des bols, des coussins et des sacs hygi\u00e9niques [&hellip;]","og_url":"https:\/\/www.myplacehotel.it\/fr\/animaux-de-compagnie-votre-hotel\/","og_site_name":"My Place Hotel","article_modified_time":"2023-02-09T15:01:54+00:00","og_image":[{"width":1920,"height":1281,"url":"https:\/\/www.myplacehotel.it\/wp-content\/uploads\/2021\/05\/pet-friendly.jpg","type":"image\/jpeg"}],"twitter_card":"summary_large_image","twitter_misc":{"Dur\u00e9e de lecture estim\u00e9e":"1 minute"},"schema":{"@context":"https:\/\/schema.org","@graph":[{"@type":"WebPage","@id":"https:\/\/www.myplacehotel.it\/fr\/animaux-de-compagnie-votre-hotel\/","url":"https:\/\/www.myplacehotel.it\/fr\/animaux-de-compagnie-votre-hotel\/","name":"Animaux De Compagnie, Votre H\u00f4tel - My Place Hotel","isPartOf":{"@id":"https:\/\/www.myplacehotel.it\/fr\/#website"},"primaryImageOfPage":{"@id":"https:\/\/www.myplacehotel.it\/fr\/animaux-de-compagnie-votre-hotel\/#primaryimage"},"image":{"@id":"https:\/\/www.myplacehotel.it\/fr\/animaux-de-compagnie-votre-hotel\/#primaryimage"},"thumbnailUrl":"https:\/\/www.myplacehotel.it\/wp-content\/uploads\/2021\/05\/pet-friendly.jpg","datePublished":"2022-03-30T09:04:17+00:00","dateModified":"2023-02-09T15:01:54+00:00","breadcrumb":{"@id":"https:\/\/www.myplacehotel.it\/fr\/animaux-de-compagnie-votre-hotel\/#breadcrumb"},"inLanguage":"fr-FR","potentialAction":[{"@type":"ReadAction","target":["https:\/\/www.myplacehotel.it\/fr\/animaux-de-compagnie-votre-hotel\/"]}]},{"@type":"ImageObject","inLanguage":"fr-FR","@id":"https:\/\/www.myplacehotel.it\/fr\/animaux-de-compagnie-votre-hotel\/#primaryimage","url":"https:\/\/www.myplacehotel.it\/wp-content\/uploads\/2021\/05\/pet-friendly.jpg","contentUrl":"https:\/\/www.myplacehotel.it\/wp-content\/uploads\/2021\/05\/pet-friendly.jpg","width":1920,"height":1281},{"@type":"BreadcrumbList","@id":"https:\/\/www.myplacehotel.it\/fr\/animaux-de-compagnie-votre-hotel\/#breadcrumb","itemListElement":[{"@type":"ListItem","position":1,"name":"Home","item":"https:\/\/www.myplacehotel.it\/fr\/"},{"@type":"ListItem","position":2,"name":"Animaux De Compagnie, Votre H\u00f4tel"}]},{"@type":"WebSite","@id":"https:\/\/www.myplacehotel.it\/fr\/#website","url":"https:\/\/www.myplacehotel.it\/fr\/","name":"My Place Hotel","description":"","potentialAction":[{"@type":"SearchAction","target":{"@type":"EntryPoint","urlTemplate":"https:\/\/www.myplacehotel.it\/fr\/?s={search_term_string}"},"query-input":{"@type":"PropertyValueSpecification","valueRequired":true,"valueName":"search_term_string"}}],"inLanguage":"fr-FR"}]}},"_links":{"self":[{"href":"https:\/\/www.myplacehotel.it\/fr\/wp-json\/wp\/v2\/pages\/1083","targetHints":{"allow":["GET"]}}],"collection":[{"href":"https:\/\/www.myplacehotel.it\/fr\/wp-json\/wp\/v2\/pages"}],"about":[{"href":"https:\/\/www.myplacehotel.it\/fr\/wp-json\/wp\/v2\/types\/page"}],"author":[{"embeddable":true,"href":"https:\/\/www.myplacehotel.it\/fr\/wp-json\/wp\/v2\/users\/1"}],"replies":[{"embeddable":true,"href":"https:\/\/www.myplacehotel.it\/fr\/wp-json\/wp\/v2\/comments?post=1083"}],"version-history":[{"count":2,"href":"https:\/\/www.myplacehotel.it\/fr\/wp-json\/wp\/v2\/pages\/1083\/revisions"}],"predecessor-version":[{"id":1587,"href":"https:\/\/www.myplacehotel.it\/fr\/wp-json\/wp\/v2\/pages\/1083\/revisions\/1587"}],"wp:featuredmedia":[{"embeddable":true,"href":"https:\/\/www.myplacehotel.it\/fr\/wp-json\/wp\/v2\/media\/288"}],"wp:attachment":[{"href":"https:\/\/www.myplacehotel.it\/fr\/wp-json\/wp\/v2\/media?parent=1083"}],"curies":[{"name":"wp","href":"https:\/\/api.w.org\/{rel}","templated":true}]}}