{"id":1081,"date":"2022-03-30T11:03:12","date_gmt":"2022-03-30T09:03:12","guid":{"rendered":"https:\/\/www.myplacehotel.it\/?page_id=1081"},"modified":"2022-03-30T11:03:15","modified_gmt":"2022-03-30T09:03:15","slug":"nous-aimons-la-terre","status":"publish","type":"page","link":"https:\/\/www.myplacehotel.it\/fr\/nous-aimons-la-terre\/","title":{"rendered":"Nous Aimons La Terre"},"content":{"rendered":"\n<div class=\"wp-block-columns is-layout-flex wp-container-core-columns-is-layout-9d6595d7 wp-block-columns-is-layout-flex\">\n<div class=\"wp-block-column wow slideInLeft is-layout-flow wp-block-column-is-layout-flow\">\n<p>Le projet My Place vise \u00e0 offrir la meilleure exp\u00e9rience possible \u00e0 ses clients et souhaite le faire de mani\u00e8re durable. Le d\u00e9fi du changement climatique est tr\u00e8s important et nous voulons apporter notre contribution.<\/p>\n\n\n\n<p>C&rsquo;est pourquoi nous nous effor\u00e7ons de jouer notre r\u00f4le et de pr\u00e9server notre plan\u00e8te.<\/p>\n\n\n\n<p>L&rsquo;H\u00f4tel My Place dispose de:<\/p>\n\n\n\n<ul class=\"wp-block-list\"><li>Panneaux solaires thermiques et photovolta\u00efques, pour la production d&rsquo;\u00e9nergie verte et autosuffisante<\/li><li>Machines et \u00e9clairage \u00e0 faible consommation d&rsquo;\u00e9nergie<\/li><li>Produits de service \u00e0 faible impact environnemental<\/li><li>Produits alimentaires locaux et saisonniers<\/li><\/ul>\n\n\n\n<p>Gr\u00e2ce \u00e0 <a href=\"https:\/\/www.treedom.net\" target=\"_blank\" rel=\"noreferrer noopener\">Treedom<\/a> et <a href=\"https:\/\/www.3bee.com\">3<\/a><a href=\"https:\/\/www.3bee.com\" target=\"_blank\" rel=\"noreferrer noopener\">b<\/a><a href=\"https:\/\/www.3bee.com\">ee<\/a>, nous plantons des arbres et adoptons des ruches!<\/p>\n\n\n\n<p>Et n&rsquo;oublions pas Caroline, notre tortue, que nous avons adopt\u00e9e gr\u00e2ce au projet <strong>Fondazione Cetacea<\/strong>!<\/p>\n\n\n\n<p>Des petits gestes qui peuvent faire la diff\u00e9rence.<\/p>\n\n\n\n<p>L&rsquo;innovation dans notre projet est la nouvelle <strong>WallBox<\/strong> pr\u00e9sente depuis cette ann\u00e9e dans notre parking, <strong>une borne de recharge pour les voitures \u00e9lectriques<\/strong>.<\/p>\n<\/div>\n\n\n\n<div class=\"wp-block-column wow slideInRight is-layout-flow wp-block-column-is-layout-flow\">\n<figure class=\"wp-block-image size-full is-resized is-style-default\"><img decoding=\"async\" src=\"https:\/\/www.myplacehotel.it\/wp-content\/uploads\/2022\/03\/natura-alberi-edited.jpeg\" alt=\"\" class=\"wp-image-968\" width=\"569\" srcset=\"https:\/\/www.myplacehotel.it\/wp-content\/uploads\/2022\/03\/natura-alberi-edited.jpeg 836w, https:\/\/www.myplacehotel.it\/wp-content\/uploads\/2022\/03\/natura-alberi-edited-300x200.jpeg 300w, https:\/\/www.myplacehotel.it\/wp-content\/uploads\/2022\/03\/natura-alberi-edited-768x513.jpeg 768w\" sizes=\"(max-width: 836px) 100vw, 836px\" \/><\/figure>\n<\/div>\n<\/div>\n\n\n\n<figure class=\"wp-block-gallery has-nested-images columns-2 is-cropped wp-block-gallery-1 is-layout-flex wp-block-gallery-is-layout-flex\">\n<figure class=\"wp-block-image size-large\"><img fetchpriority=\"high\" decoding=\"async\" width=\"1280\" height=\"853\" data-id=\"956\" src=\"https:\/\/www.myplacehotel.it\/wp-content\/uploads\/2022\/03\/alveare-api.jpeg\" alt=\"\" class=\"wp-image-956\" srcset=\"https:\/\/www.myplacehotel.it\/wp-content\/uploads\/2022\/03\/alveare-api.jpeg 1280w, https:\/\/www.myplacehotel.it\/wp-content\/uploads\/2022\/03\/alveare-api-300x200.jpeg 300w, https:\/\/www.myplacehotel.it\/wp-content\/uploads\/2022\/03\/alveare-api-768x512.jpeg 768w\" sizes=\"(max-width: 1280px) 100vw, 1280px\" \/><\/figure>\n\n\n\n<figure class=\"wp-block-image size-large\"><img decoding=\"async\" width=\"1280\" height=\"850\" data-id=\"948\" src=\"https:\/\/www.myplacehotel.it\/wp-content\/uploads\/2022\/03\/ristorante-cibo-km0.jpeg\" alt=\"\" class=\"wp-image-948\" srcset=\"https:\/\/www.myplacehotel.it\/wp-content\/uploads\/2022\/03\/ristorante-cibo-km0.jpeg 1280w, https:\/\/www.myplacehotel.it\/wp-content\/uploads\/2022\/03\/ristorante-cibo-km0-300x199.jpeg 300w, https:\/\/www.myplacehotel.it\/wp-content\/uploads\/2022\/03\/ristorante-cibo-km0-768x510.jpeg 768w\" sizes=\"(max-width: 1280px) 100vw, 1280px\" \/><\/figure>\n<\/figure>\n","protected":false},"excerpt":{"rendered":"<p>Le projet My Place vise \u00e0 offrir la meilleure exp\u00e9rience possible \u00e0 ses clients et souhaite le faire de mani\u00e8re durable. Le d\u00e9fi du changement climatique est tr\u00e8s important et nous voulons apporter notre contribution. C&rsquo;est pourquoi nous nous effor\u00e7ons de jouer notre r\u00f4le et de pr\u00e9server notre plan\u00e8te. L&rsquo;H\u00f4tel My Place dispose de: Panneaux [&hellip;]<\/p>\n","protected":false},"author":1,"featured_media":1640,"parent":0,"menu_order":0,"comment_status":"closed","ping_status":"closed","template":"","meta":{"_acf_changed":false,"footnotes":""},"class_list":["post-1081","page","type-page","status-publish","has-post-thumbnail","hentry"],"acf":[],"yoast_head":"<!-- This site is optimized with the Yoast SEO plugin v27.0 - https:\/\/yoast.com\/product\/yoast-seo-wordpress\/ -->\n<title>Nous Aimons La Terre - My Place Hotel<\/title>\n<meta name=\"robots\" content=\"index, follow, max-snippet:-1, max-image-preview:large, max-video-preview:-1\" \/>\n<link rel=\"canonical\" href=\"https:\/\/www.myplacehotel.it\/fr\/nous-aimons-la-terre\/\" \/>\n<meta property=\"og:locale\" content=\"fr_FR\" \/>\n<meta property=\"og:type\" content=\"article\" \/>\n<meta property=\"og:title\" content=\"Nous Aimons La Terre - My Place Hotel\" \/>\n<meta property=\"og:description\" content=\"Le projet My Place vise \u00e0 offrir la meilleure exp\u00e9rience possible \u00e0 ses clients et souhaite le faire de mani\u00e8re durable. Le d\u00e9fi du changement climatique est tr\u00e8s important et nous voulons apporter notre contribution. C&rsquo;est pourquoi nous nous effor\u00e7ons de jouer notre r\u00f4le et de pr\u00e9server notre plan\u00e8te. L&rsquo;H\u00f4tel My Place dispose de: Panneaux [&hellip;]\" \/>\n<meta property=\"og:url\" content=\"https:\/\/www.myplacehotel.it\/fr\/nous-aimons-la-terre\/\" \/>\n<meta property=\"og:site_name\" content=\"My Place Hotel\" \/>\n<meta property=\"article:modified_time\" content=\"2022-03-30T09:03:15+00:00\" \/>\n<meta property=\"og:image\" content=\"https:\/\/www.myplacehotel.it\/wp-content\/uploads\/2022\/03\/natura-alberi.jpeg\" \/>\n\t<meta property=\"og:image:width\" content=\"1280\" \/>\n\t<meta property=\"og:image:height\" content=\"853\" \/>\n\t<meta property=\"og:image:type\" content=\"image\/jpeg\" \/>\n<meta name=\"twitter:card\" content=\"summary_large_image\" \/>\n<meta name=\"twitter:label1\" content=\"Dur\u00e9e de lecture estim\u00e9e\" \/>\n\t<meta name=\"twitter:data1\" content=\"2 minutes\" \/>\n<script type=\"application\/ld+json\" class=\"yoast-schema-graph\">{\"@context\":\"https:\/\/schema.org\",\"@graph\":[{\"@type\":\"WebPage\",\"@id\":\"https:\/\/www.myplacehotel.it\/fr\/nous-aimons-la-terre\/\",\"url\":\"https:\/\/www.myplacehotel.it\/fr\/nous-aimons-la-terre\/\",\"name\":\"Nous Aimons La Terre - My Place Hotel\",\"isPartOf\":{\"@id\":\"https:\/\/www.myplacehotel.it\/fr\/#website\"},\"primaryImageOfPage\":{\"@id\":\"https:\/\/www.myplacehotel.it\/fr\/nous-aimons-la-terre\/#primaryimage\"},\"image\":{\"@id\":\"https:\/\/www.myplacehotel.it\/fr\/nous-aimons-la-terre\/#primaryimage\"},\"thumbnailUrl\":\"https:\/\/www.myplacehotel.it\/wp-content\/uploads\/2023\/03\/3.png\",\"datePublished\":\"2022-03-30T09:03:12+00:00\",\"dateModified\":\"2022-03-30T09:03:15+00:00\",\"breadcrumb\":{\"@id\":\"https:\/\/www.myplacehotel.it\/fr\/nous-aimons-la-terre\/#breadcrumb\"},\"inLanguage\":\"fr-FR\",\"potentialAction\":[{\"@type\":\"ReadAction\",\"target\":[\"https:\/\/www.myplacehotel.it\/fr\/nous-aimons-la-terre\/\"]}]},{\"@type\":\"ImageObject\",\"inLanguage\":\"fr-FR\",\"@id\":\"https:\/\/www.myplacehotel.it\/fr\/nous-aimons-la-terre\/#primaryimage\",\"url\":\"https:\/\/www.myplacehotel.it\/wp-content\/uploads\/2023\/03\/3.png\",\"contentUrl\":\"https:\/\/www.myplacehotel.it\/wp-content\/uploads\/2023\/03\/3.png\",\"width\":1600,\"height\":900},{\"@type\":\"BreadcrumbList\",\"@id\":\"https:\/\/www.myplacehotel.it\/fr\/nous-aimons-la-terre\/#breadcrumb\",\"itemListElement\":[{\"@type\":\"ListItem\",\"position\":1,\"name\":\"Home\",\"item\":\"https:\/\/www.myplacehotel.it\/fr\/\"},{\"@type\":\"ListItem\",\"position\":2,\"name\":\"Nous Aimons La Terre\"}]},{\"@type\":\"WebSite\",\"@id\":\"https:\/\/www.myplacehotel.it\/fr\/#website\",\"url\":\"https:\/\/www.myplacehotel.it\/fr\/\",\"name\":\"My Place Hotel\",\"description\":\"\",\"potentialAction\":[{\"@type\":\"SearchAction\",\"target\":{\"@type\":\"EntryPoint\",\"urlTemplate\":\"https:\/\/www.myplacehotel.it\/fr\/?s={search_term_string}\"},\"query-input\":{\"@type\":\"PropertyValueSpecification\",\"valueRequired\":true,\"valueName\":\"search_term_string\"}}],\"inLanguage\":\"fr-FR\"}]}<\/script>\n<!-- \/ Yoast SEO plugin. -->","yoast_head_json":{"title":"Nous Aimons La Terre - My Place Hotel","robots":{"index":"index","follow":"follow","max-snippet":"max-snippet:-1","max-image-preview":"max-image-preview:large","max-video-preview":"max-video-preview:-1"},"canonical":"https:\/\/www.myplacehotel.it\/fr\/nous-aimons-la-terre\/","og_locale":"fr_FR","og_type":"article","og_title":"Nous Aimons La Terre - My Place Hotel","og_description":"Le projet My Place vise \u00e0 offrir la meilleure exp\u00e9rience possible \u00e0 ses clients et souhaite le faire de mani\u00e8re durable. Le d\u00e9fi du changement climatique est tr\u00e8s important et nous voulons apporter notre contribution. C&rsquo;est pourquoi nous nous effor\u00e7ons de jouer notre r\u00f4le et de pr\u00e9server notre plan\u00e8te. L&rsquo;H\u00f4tel My Place dispose de: Panneaux [&hellip;]","og_url":"https:\/\/www.myplacehotel.it\/fr\/nous-aimons-la-terre\/","og_site_name":"My Place Hotel","article_modified_time":"2022-03-30T09:03:15+00:00","og_image":[{"width":1280,"height":853,"url":"https:\/\/www.myplacehotel.it\/wp-content\/uploads\/2022\/03\/natura-alberi.jpeg","type":"image\/jpeg"}],"twitter_card":"summary_large_image","twitter_misc":{"Dur\u00e9e de lecture estim\u00e9e":"2 minutes"},"schema":{"@context":"https:\/\/schema.org","@graph":[{"@type":"WebPage","@id":"https:\/\/www.myplacehotel.it\/fr\/nous-aimons-la-terre\/","url":"https:\/\/www.myplacehotel.it\/fr\/nous-aimons-la-terre\/","name":"Nous Aimons La Terre - My Place Hotel","isPartOf":{"@id":"https:\/\/www.myplacehotel.it\/fr\/#website"},"primaryImageOfPage":{"@id":"https:\/\/www.myplacehotel.it\/fr\/nous-aimons-la-terre\/#primaryimage"},"image":{"@id":"https:\/\/www.myplacehotel.it\/fr\/nous-aimons-la-terre\/#primaryimage"},"thumbnailUrl":"https:\/\/www.myplacehotel.it\/wp-content\/uploads\/2023\/03\/3.png","datePublished":"2022-03-30T09:03:12+00:00","dateModified":"2022-03-30T09:03:15+00:00","breadcrumb":{"@id":"https:\/\/www.myplacehotel.it\/fr\/nous-aimons-la-terre\/#breadcrumb"},"inLanguage":"fr-FR","potentialAction":[{"@type":"ReadAction","target":["https:\/\/www.myplacehotel.it\/fr\/nous-aimons-la-terre\/"]}]},{"@type":"ImageObject","inLanguage":"fr-FR","@id":"https:\/\/www.myplacehotel.it\/fr\/nous-aimons-la-terre\/#primaryimage","url":"https:\/\/www.myplacehotel.it\/wp-content\/uploads\/2023\/03\/3.png","contentUrl":"https:\/\/www.myplacehotel.it\/wp-content\/uploads\/2023\/03\/3.png","width":1600,"height":900},{"@type":"BreadcrumbList","@id":"https:\/\/www.myplacehotel.it\/fr\/nous-aimons-la-terre\/#breadcrumb","itemListElement":[{"@type":"ListItem","position":1,"name":"Home","item":"https:\/\/www.myplacehotel.it\/fr\/"},{"@type":"ListItem","position":2,"name":"Nous Aimons La Terre"}]},{"@type":"WebSite","@id":"https:\/\/www.myplacehotel.it\/fr\/#website","url":"https:\/\/www.myplacehotel.it\/fr\/","name":"My Place Hotel","description":"","potentialAction":[{"@type":"SearchAction","target":{"@type":"EntryPoint","urlTemplate":"https:\/\/www.myplacehotel.it\/fr\/?s={search_term_string}"},"query-input":{"@type":"PropertyValueSpecification","valueRequired":true,"valueName":"search_term_string"}}],"inLanguage":"fr-FR"}]}},"_links":{"self":[{"href":"https:\/\/www.myplacehotel.it\/fr\/wp-json\/wp\/v2\/pages\/1081","targetHints":{"allow":["GET"]}}],"collection":[{"href":"https:\/\/www.myplacehotel.it\/fr\/wp-json\/wp\/v2\/pages"}],"about":[{"href":"https:\/\/www.myplacehotel.it\/fr\/wp-json\/wp\/v2\/types\/page"}],"author":[{"embeddable":true,"href":"https:\/\/www.myplacehotel.it\/fr\/wp-json\/wp\/v2\/users\/1"}],"replies":[{"embeddable":true,"href":"https:\/\/www.myplacehotel.it\/fr\/wp-json\/wp\/v2\/comments?post=1081"}],"version-history":[{"count":1,"href":"https:\/\/www.myplacehotel.it\/fr\/wp-json\/wp\/v2\/pages\/1081\/revisions"}],"predecessor-version":[{"id":1082,"href":"https:\/\/www.myplacehotel.it\/fr\/wp-json\/wp\/v2\/pages\/1081\/revisions\/1082"}],"wp:featuredmedia":[{"embeddable":true,"href":"https:\/\/www.myplacehotel.it\/fr\/wp-json\/wp\/v2\/media\/1640"}],"wp:attachment":[{"href":"https:\/\/www.myplacehotel.it\/fr\/wp-json\/wp\/v2\/media?parent=1081"}],"curies":[{"name":"wp","href":"https:\/\/api.w.org\/{rel}","templated":true}]}}