{"id":1079,"date":"2022-03-30T11:00:15","date_gmt":"2022-03-30T09:00:15","guid":{"rendered":"https:\/\/www.myplacehotel.it\/?page_id=1079"},"modified":"2023-02-09T15:57:41","modified_gmt":"2023-02-09T14:57:41","slug":"meeting-et-businesspoint","status":"publish","type":"page","link":"https:\/\/www.myplacehotel.it\/fr\/meeting-et-businesspoint\/","title":{"rendered":"Meeting et Businesspoint"},"content":{"rendered":"\t\t<div data-elementor-type=\"wp-page\" data-elementor-id=\"1079\" class=\"elementor elementor-1079 elementor-845\">\n\t\t\t\t\t\t<section class=\"elementor-section elementor-top-section elementor-element elementor-element-317a8817 elementor-section-boxed elementor-section-height-default elementor-section-height-default\" data-id=\"317a8817\" data-element_type=\"section\" data-e-type=\"section\">\n\t\t\t\t\t\t<div class=\"elementor-container elementor-column-gap-default\">\n\t\t\t\t\t<div class=\"elementor-column elementor-col-100 elementor-top-column elementor-element elementor-element-4a0513c5\" data-id=\"4a0513c5\" data-element_type=\"column\" data-e-type=\"column\">\n\t\t\t<div class=\"elementor-widget-wrap elementor-element-populated\">\n\t\t\t\t\t\t<div class=\"elementor-element elementor-element-6e638fba elementor-widget elementor-widget-text-editor\" data-id=\"6e638fba\" data-element_type=\"widget\" data-e-type=\"widget\" data-widget_type=\"text-editor.default\">\n\t\t\t\t<div class=\"elementor-widget-container\">\n\t\t\t\t\t\t\t\t\t\n<div class=\"wp-block-columns\">\n<div class=\"wp-block-column wow slideInLeft\">\n<p>Une salle con\u00e7ue pour les clients d&rsquo;affaires, pour ceux qui ont besoin d&rsquo;un endroit calme pour effectuer au mieux leur travail.<br \/>Parfaite pour organiser des s\u00e9minaires et des r\u00e9unions d&rsquo;entreprise, elle est \u00e9quip\u00e9e d&rsquo;une connexion Wi-Fi haut d\u00e9bit, de postes de travail, d&rsquo;un vid\u00e9oprojecteur et de nombreux autres outils utiles.<\/p>\n\n\n\n<p>R\u00e9servez notre Meeting &amp; BusinessPoint pour vos r\u00e9unions d&rsquo;affaires!<\/p>\n\n\n\n<p>Et profitez, dans l&rsquo;intervalle, de tous les services de l&rsquo;H\u00f4tel My Place.<\/p>\n<\/div>\n\n\t\t\t\t\t\t\t\t<\/div>\n\t\t\t\t<\/div>\n\t\t\t\t\t<\/div>\n\t\t<\/div>\n\t\t\t\t\t<\/div>\n\t\t<\/section>\n\t\t\t\t<\/div>\n\t\t","protected":false},"excerpt":{"rendered":"<p>Une salle con\u00e7ue pour les clients d&rsquo;affaires, pour ceux qui ont besoin d&rsquo;un endroit calme pour effectuer au mieux leur travail.Parfaite pour organiser des s\u00e9minaires et des r\u00e9unions d&rsquo;entreprise, elle est \u00e9quip\u00e9e d&rsquo;une connexion Wi-Fi haut d\u00e9bit, de postes de travail, d&rsquo;un vid\u00e9oprojecteur et de nombreux autres outils utiles. R\u00e9servez notre Meeting &amp; BusinessPoint pour [&hellip;]<\/p>\n","protected":false},"author":1,"featured_media":1648,"parent":0,"menu_order":0,"comment_status":"closed","ping_status":"closed","template":"","meta":{"_acf_changed":false,"footnotes":""},"class_list":["post-1079","page","type-page","status-publish","has-post-thumbnail","hentry"],"acf":[],"yoast_head":"<!-- This site is optimized with the Yoast SEO plugin v27.0 - https:\/\/yoast.com\/product\/yoast-seo-wordpress\/ -->\n<title>Meeting et Businesspoint - My Place Hotel<\/title>\n<meta name=\"robots\" content=\"index, follow, max-snippet:-1, max-image-preview:large, max-video-preview:-1\" \/>\n<link rel=\"canonical\" href=\"https:\/\/www.myplacehotel.it\/fr\/meeting-et-businesspoint\/\" \/>\n<meta property=\"og:locale\" content=\"fr_FR\" \/>\n<meta property=\"og:type\" content=\"article\" \/>\n<meta property=\"og:title\" content=\"Meeting et Businesspoint - My Place Hotel\" \/>\n<meta property=\"og:description\" content=\"Une salle con\u00e7ue pour les clients d&rsquo;affaires, pour ceux qui ont besoin d&rsquo;un endroit calme pour effectuer au mieux leur travail.Parfaite pour organiser des s\u00e9minaires et des r\u00e9unions d&rsquo;entreprise, elle est \u00e9quip\u00e9e d&rsquo;une connexion Wi-Fi haut d\u00e9bit, de postes de travail, d&rsquo;un vid\u00e9oprojecteur et de nombreux autres outils utiles. R\u00e9servez notre Meeting &amp; BusinessPoint pour [&hellip;]\" \/>\n<meta property=\"og:url\" content=\"https:\/\/www.myplacehotel.it\/fr\/meeting-et-businesspoint\/\" \/>\n<meta property=\"og:site_name\" content=\"My Place Hotel\" \/>\n<meta property=\"article:modified_time\" content=\"2023-02-09T14:57:41+00:00\" \/>\n<meta property=\"og:image\" content=\"https:\/\/www.myplacehotel.it\/wp-content\/uploads\/2022\/02\/conference-g1ba6ed761_1920.jpeg\" \/>\n\t<meta property=\"og:image:width\" content=\"1920\" \/>\n\t<meta property=\"og:image:height\" content=\"1280\" \/>\n\t<meta property=\"og:image:type\" content=\"image\/jpeg\" \/>\n<meta name=\"twitter:card\" content=\"summary_large_image\" \/>\n<meta name=\"twitter:label1\" content=\"Dur\u00e9e de lecture estim\u00e9e\" \/>\n\t<meta name=\"twitter:data1\" content=\"1 minute\" \/>\n<script type=\"application\/ld+json\" class=\"yoast-schema-graph\">{\"@context\":\"https:\/\/schema.org\",\"@graph\":[{\"@type\":\"WebPage\",\"@id\":\"https:\/\/www.myplacehotel.it\/fr\/meeting-et-businesspoint\/\",\"url\":\"https:\/\/www.myplacehotel.it\/fr\/meeting-et-businesspoint\/\",\"name\":\"Meeting et Businesspoint - My Place Hotel\",\"isPartOf\":{\"@id\":\"https:\/\/www.myplacehotel.it\/fr\/#website\"},\"primaryImageOfPage\":{\"@id\":\"https:\/\/www.myplacehotel.it\/fr\/meeting-et-businesspoint\/#primaryimage\"},\"image\":{\"@id\":\"https:\/\/www.myplacehotel.it\/fr\/meeting-et-businesspoint\/#primaryimage\"},\"thumbnailUrl\":\"https:\/\/www.myplacehotel.it\/wp-content\/uploads\/2023\/03\/5.png\",\"datePublished\":\"2022-03-30T09:00:15+00:00\",\"dateModified\":\"2023-02-09T14:57:41+00:00\",\"breadcrumb\":{\"@id\":\"https:\/\/www.myplacehotel.it\/fr\/meeting-et-businesspoint\/#breadcrumb\"},\"inLanguage\":\"fr-FR\",\"potentialAction\":[{\"@type\":\"ReadAction\",\"target\":[\"https:\/\/www.myplacehotel.it\/fr\/meeting-et-businesspoint\/\"]}]},{\"@type\":\"ImageObject\",\"inLanguage\":\"fr-FR\",\"@id\":\"https:\/\/www.myplacehotel.it\/fr\/meeting-et-businesspoint\/#primaryimage\",\"url\":\"https:\/\/www.myplacehotel.it\/wp-content\/uploads\/2023\/03\/5.png\",\"contentUrl\":\"https:\/\/www.myplacehotel.it\/wp-content\/uploads\/2023\/03\/5.png\",\"width\":1600,\"height\":900},{\"@type\":\"BreadcrumbList\",\"@id\":\"https:\/\/www.myplacehotel.it\/fr\/meeting-et-businesspoint\/#breadcrumb\",\"itemListElement\":[{\"@type\":\"ListItem\",\"position\":1,\"name\":\"Home\",\"item\":\"https:\/\/www.myplacehotel.it\/fr\/\"},{\"@type\":\"ListItem\",\"position\":2,\"name\":\"Meeting et Businesspoint\"}]},{\"@type\":\"WebSite\",\"@id\":\"https:\/\/www.myplacehotel.it\/fr\/#website\",\"url\":\"https:\/\/www.myplacehotel.it\/fr\/\",\"name\":\"My Place Hotel\",\"description\":\"\",\"potentialAction\":[{\"@type\":\"SearchAction\",\"target\":{\"@type\":\"EntryPoint\",\"urlTemplate\":\"https:\/\/www.myplacehotel.it\/fr\/?s={search_term_string}\"},\"query-input\":{\"@type\":\"PropertyValueSpecification\",\"valueRequired\":true,\"valueName\":\"search_term_string\"}}],\"inLanguage\":\"fr-FR\"}]}<\/script>\n<!-- \/ Yoast SEO plugin. -->","yoast_head_json":{"title":"Meeting et Businesspoint - My Place Hotel","robots":{"index":"index","follow":"follow","max-snippet":"max-snippet:-1","max-image-preview":"max-image-preview:large","max-video-preview":"max-video-preview:-1"},"canonical":"https:\/\/www.myplacehotel.it\/fr\/meeting-et-businesspoint\/","og_locale":"fr_FR","og_type":"article","og_title":"Meeting et Businesspoint - My Place Hotel","og_description":"Une salle con\u00e7ue pour les clients d&rsquo;affaires, pour ceux qui ont besoin d&rsquo;un endroit calme pour effectuer au mieux leur travail.Parfaite pour organiser des s\u00e9minaires et des r\u00e9unions d&rsquo;entreprise, elle est \u00e9quip\u00e9e d&rsquo;une connexion Wi-Fi haut d\u00e9bit, de postes de travail, d&rsquo;un vid\u00e9oprojecteur et de nombreux autres outils utiles. R\u00e9servez notre Meeting &amp; BusinessPoint pour [&hellip;]","og_url":"https:\/\/www.myplacehotel.it\/fr\/meeting-et-businesspoint\/","og_site_name":"My Place Hotel","article_modified_time":"2023-02-09T14:57:41+00:00","og_image":[{"width":1920,"height":1280,"url":"https:\/\/www.myplacehotel.it\/wp-content\/uploads\/2022\/02\/conference-g1ba6ed761_1920.jpeg","type":"image\/jpeg"}],"twitter_card":"summary_large_image","twitter_misc":{"Dur\u00e9e de lecture estim\u00e9e":"1 minute"},"schema":{"@context":"https:\/\/schema.org","@graph":[{"@type":"WebPage","@id":"https:\/\/www.myplacehotel.it\/fr\/meeting-et-businesspoint\/","url":"https:\/\/www.myplacehotel.it\/fr\/meeting-et-businesspoint\/","name":"Meeting et Businesspoint - My Place Hotel","isPartOf":{"@id":"https:\/\/www.myplacehotel.it\/fr\/#website"},"primaryImageOfPage":{"@id":"https:\/\/www.myplacehotel.it\/fr\/meeting-et-businesspoint\/#primaryimage"},"image":{"@id":"https:\/\/www.myplacehotel.it\/fr\/meeting-et-businesspoint\/#primaryimage"},"thumbnailUrl":"https:\/\/www.myplacehotel.it\/wp-content\/uploads\/2023\/03\/5.png","datePublished":"2022-03-30T09:00:15+00:00","dateModified":"2023-02-09T14:57:41+00:00","breadcrumb":{"@id":"https:\/\/www.myplacehotel.it\/fr\/meeting-et-businesspoint\/#breadcrumb"},"inLanguage":"fr-FR","potentialAction":[{"@type":"ReadAction","target":["https:\/\/www.myplacehotel.it\/fr\/meeting-et-businesspoint\/"]}]},{"@type":"ImageObject","inLanguage":"fr-FR","@id":"https:\/\/www.myplacehotel.it\/fr\/meeting-et-businesspoint\/#primaryimage","url":"https:\/\/www.myplacehotel.it\/wp-content\/uploads\/2023\/03\/5.png","contentUrl":"https:\/\/www.myplacehotel.it\/wp-content\/uploads\/2023\/03\/5.png","width":1600,"height":900},{"@type":"BreadcrumbList","@id":"https:\/\/www.myplacehotel.it\/fr\/meeting-et-businesspoint\/#breadcrumb","itemListElement":[{"@type":"ListItem","position":1,"name":"Home","item":"https:\/\/www.myplacehotel.it\/fr\/"},{"@type":"ListItem","position":2,"name":"Meeting et Businesspoint"}]},{"@type":"WebSite","@id":"https:\/\/www.myplacehotel.it\/fr\/#website","url":"https:\/\/www.myplacehotel.it\/fr\/","name":"My Place Hotel","description":"","potentialAction":[{"@type":"SearchAction","target":{"@type":"EntryPoint","urlTemplate":"https:\/\/www.myplacehotel.it\/fr\/?s={search_term_string}"},"query-input":{"@type":"PropertyValueSpecification","valueRequired":true,"valueName":"search_term_string"}}],"inLanguage":"fr-FR"}]}},"_links":{"self":[{"href":"https:\/\/www.myplacehotel.it\/fr\/wp-json\/wp\/v2\/pages\/1079","targetHints":{"allow":["GET"]}}],"collection":[{"href":"https:\/\/www.myplacehotel.it\/fr\/wp-json\/wp\/v2\/pages"}],"about":[{"href":"https:\/\/www.myplacehotel.it\/fr\/wp-json\/wp\/v2\/types\/page"}],"author":[{"embeddable":true,"href":"https:\/\/www.myplacehotel.it\/fr\/wp-json\/wp\/v2\/users\/1"}],"replies":[{"embeddable":true,"href":"https:\/\/www.myplacehotel.it\/fr\/wp-json\/wp\/v2\/comments?post=1079"}],"version-history":[{"count":4,"href":"https:\/\/www.myplacehotel.it\/fr\/wp-json\/wp\/v2\/pages\/1079\/revisions"}],"predecessor-version":[{"id":1583,"href":"https:\/\/www.myplacehotel.it\/fr\/wp-json\/wp\/v2\/pages\/1079\/revisions\/1583"}],"wp:featuredmedia":[{"embeddable":true,"href":"https:\/\/www.myplacehotel.it\/fr\/wp-json\/wp\/v2\/media\/1648"}],"wp:attachment":[{"href":"https:\/\/www.myplacehotel.it\/fr\/wp-json\/wp\/v2\/media?parent=1079"}],"curies":[{"name":"wp","href":"https:\/\/api.w.org\/{rel}","templated":true}]}}