{"id":1073,"date":"2022-03-30T10:54:04","date_gmt":"2022-03-30T08:54:04","guid":{"rendered":"https:\/\/www.myplacehotel.it\/?page_id=1073"},"modified":"2023-02-09T16:01:14","modified_gmt":"2023-02-09T15:01:14","slug":"petit-dejeuner-et-restaurant","status":"publish","type":"page","link":"https:\/\/www.myplacehotel.it\/fr\/petit-dejeuner-et-restaurant\/","title":{"rendered":"Petit-d\u00e9jeuner et Restaurant"},"content":{"rendered":"\n<div class=\"wp-block-columns is-layout-flex wp-container-core-columns-is-layout-9d6595d7 wp-block-columns-is-layout-flex\">\n<div class=\"wp-block-column wow slideInLeft is-layout-flow wp-block-column-is-layout-flow\">\n<p><strong>Petit-d\u00e9jeuner<\/strong><\/p>\n\n\n\n<p>Ici, \u00e0 l&rsquo;H\u00f4tel My Place, <strong><em>nous aimons choyer nos clients d\u00e8s leur r\u00e9veil<\/em><\/strong>.<br>Le petit-d\u00e9jeuner est servi de 7h30 \u00e0 10h et se compose d&rsquo;un buffet riche en g\u00e2teaux faits maison, croissants, petites viennoiseries, cr\u00eapes et pancakes faits sur place, yaourts, et vari\u00e9t\u00e9s de graines, de fruits secs et de confitures.&nbsp;<\/p>\n\n\n\n<p>Le buffet sal\u00e9 offre une vari\u00e9t\u00e9 de charcuteries et de fromages romagnols, des tartes sal\u00e9es faites en cuisine et des toasts qui peuvent \u00eatre pr\u00e9par\u00e9s selon votre go\u00fbt. Tout sera accompagn\u00e9 de caf\u00e9 de qualit\u00e9, de jus de fruits et de fruits frais tous les jours.<\/p>\n\n\n\n<p><strong>Restaurant<\/strong><\/p>\n\n\n\n<p>Chez nous, vous pouvez d\u00e9jeuner sous le parasol ou o\u00f9 vous voulez&nbsp;!<\/p>\n\n\n\n<p>Nous avons con\u00e7u pour vous une solution savoureuse et fra\u00eeche, qui vous permet de vous affranchir des horaires fixes.<\/p>\n\n\n\n<p><strong>R\u00e9servez votre MyLunch Box!<\/strong><\/p>\n\n\n\n<p>Ou si vous pr\u00e9f\u00e9rez, vous pouvez profiter de nos options de demi-pension ou de pension compl\u00e8te.<\/p>\n\n\n\n<p>Notre cuisine est locale et nous sommes soucieux de la qualit\u00e9 des mati\u00e8res premi\u00e8res, de la saisonnalit\u00e9, de la durabilit\u00e9 et du gaspillage.<\/p>\n<\/div>\n<\/div>\n\n\n\n<figure class=\"wp-block-gallery has-nested-images columns-3 is-cropped wp-block-gallery-1 is-layout-flex wp-block-gallery-is-layout-flex\">\n<figure class=\"wp-block-image size-large\"><img fetchpriority=\"high\" decoding=\"async\" width=\"1024\" height=\"683\" data-id=\"661\" src=\"https:\/\/www.myplacehotel.it\/wp-content\/uploads\/2021\/05\/NY6A3318-1024x683.jpg\" alt=\"\" class=\"wp-image-661\" srcset=\"https:\/\/www.myplacehotel.it\/wp-content\/uploads\/2021\/05\/NY6A3318-1024x683.jpg 1024w, https:\/\/www.myplacehotel.it\/wp-content\/uploads\/2021\/05\/NY6A3318-300x200.jpg 300w, https:\/\/www.myplacehotel.it\/wp-content\/uploads\/2021\/05\/NY6A3318-768x512.jpg 768w, https:\/\/www.myplacehotel.it\/wp-content\/uploads\/2021\/05\/NY6A3318-1536x1024.jpg 1536w, https:\/\/www.myplacehotel.it\/wp-content\/uploads\/2021\/05\/NY6A3318-2048x1365.jpg 2048w\" sizes=\"(max-width: 1024px) 100vw, 1024px\" \/><\/figure>\n\n\n\n<figure class=\"wp-block-image size-large\"><img decoding=\"async\" width=\"1000\" height=\"678\" data-id=\"470\" src=\"https:\/\/www.myplacehotel.it\/wp-content\/uploads\/2021\/05\/ristorante-colazione-1.jpg\" alt=\"\" class=\"wp-image-470\" srcset=\"https:\/\/www.myplacehotel.it\/wp-content\/uploads\/2021\/05\/ristorante-colazione-1.jpg 1000w, https:\/\/www.myplacehotel.it\/wp-content\/uploads\/2021\/05\/ristorante-colazione-1-300x203.jpg 300w, https:\/\/www.myplacehotel.it\/wp-content\/uploads\/2021\/05\/ristorante-colazione-1-768x521.jpg 768w\" sizes=\"(max-width: 1000px) 100vw, 1000px\" \/><\/figure>\n\n\n\n<figure class=\"wp-block-image size-large\"><img decoding=\"async\" width=\"611\" height=\"917\" data-id=\"104\" src=\"https:\/\/www.myplacehotel.it\/wp-content\/uploads\/2021\/05\/900x917-138_8494_183642-1.jpg-1.jpg\" alt=\"\" class=\"wp-image-104\" srcset=\"https:\/\/www.myplacehotel.it\/wp-content\/uploads\/2021\/05\/900x917-138_8494_183642-1.jpg-1.jpg 611w, https:\/\/www.myplacehotel.it\/wp-content\/uploads\/2021\/05\/900x917-138_8494_183642-1.jpg-1-200x300.jpg 200w\" sizes=\"(max-width: 611px) 100vw, 611px\" \/><\/figure>\n<\/figure>\n","protected":false},"excerpt":{"rendered":"<p>Petit-d\u00e9jeuner Ici, \u00e0 l&rsquo;H\u00f4tel My Place, nous aimons choyer nos clients d\u00e8s leur r\u00e9veil.Le petit-d\u00e9jeuner est servi de 7h30 \u00e0 10h et se compose d&rsquo;un buffet riche en g\u00e2teaux faits maison, croissants, petites viennoiseries, cr\u00eapes et pancakes faits sur place, yaourts, et vari\u00e9t\u00e9s de graines, de fruits secs et de confitures.&nbsp; Le buffet sal\u00e9 offre [&hellip;]<\/p>\n","protected":false},"author":1,"featured_media":1632,"parent":0,"menu_order":0,"comment_status":"closed","ping_status":"closed","template":"","meta":{"_acf_changed":false,"footnotes":""},"class_list":["post-1073","page","type-page","status-publish","has-post-thumbnail","hentry"],"acf":[],"yoast_head":"<!-- This site is optimized with the Yoast SEO plugin v27.0 - https:\/\/yoast.com\/product\/yoast-seo-wordpress\/ -->\n<title>Petit-d\u00e9jeuner et Restaurant - My Place Hotel<\/title>\n<meta name=\"robots\" content=\"index, follow, max-snippet:-1, max-image-preview:large, max-video-preview:-1\" \/>\n<link rel=\"canonical\" href=\"https:\/\/www.myplacehotel.it\/fr\/petit-dejeuner-et-restaurant\/\" \/>\n<meta property=\"og:locale\" content=\"fr_FR\" \/>\n<meta property=\"og:type\" content=\"article\" \/>\n<meta property=\"og:title\" content=\"Petit-d\u00e9jeuner et Restaurant - My Place Hotel\" \/>\n<meta property=\"og:description\" content=\"Petit-d\u00e9jeuner Ici, \u00e0 l&rsquo;H\u00f4tel My Place, nous aimons choyer nos clients d\u00e8s leur r\u00e9veil.Le petit-d\u00e9jeuner est servi de 7h30 \u00e0 10h et se compose d&rsquo;un buffet riche en g\u00e2teaux faits maison, croissants, petites viennoiseries, cr\u00eapes et pancakes faits sur place, yaourts, et vari\u00e9t\u00e9s de graines, de fruits secs et de confitures.&nbsp; Le buffet sal\u00e9 offre [&hellip;]\" \/>\n<meta property=\"og:url\" content=\"https:\/\/www.myplacehotel.it\/fr\/petit-dejeuner-et-restaurant\/\" \/>\n<meta property=\"og:site_name\" content=\"My Place Hotel\" \/>\n<meta property=\"article:modified_time\" content=\"2023-02-09T15:01:14+00:00\" \/>\n<meta property=\"og:image\" content=\"https:\/\/www.myplacehotel.it\/wp-content\/uploads\/2022\/03\/NY6A3308.jpg\" \/>\n\t<meta property=\"og:image:width\" content=\"2560\" \/>\n\t<meta property=\"og:image:height\" content=\"1707\" \/>\n\t<meta property=\"og:image:type\" content=\"image\/jpeg\" \/>\n<meta name=\"twitter:card\" content=\"summary_large_image\" \/>\n<meta name=\"twitter:label1\" content=\"Dur\u00e9e de lecture estim\u00e9e\" \/>\n\t<meta name=\"twitter:data1\" content=\"2 minutes\" \/>\n<script type=\"application\/ld+json\" class=\"yoast-schema-graph\">{\"@context\":\"https:\/\/schema.org\",\"@graph\":[{\"@type\":\"WebPage\",\"@id\":\"https:\/\/www.myplacehotel.it\/fr\/petit-dejeuner-et-restaurant\/\",\"url\":\"https:\/\/www.myplacehotel.it\/fr\/petit-dejeuner-et-restaurant\/\",\"name\":\"Petit-d\u00e9jeuner et Restaurant - My Place Hotel\",\"isPartOf\":{\"@id\":\"https:\/\/www.myplacehotel.it\/fr\/#website\"},\"primaryImageOfPage\":{\"@id\":\"https:\/\/www.myplacehotel.it\/fr\/petit-dejeuner-et-restaurant\/#primaryimage\"},\"image\":{\"@id\":\"https:\/\/www.myplacehotel.it\/fr\/petit-dejeuner-et-restaurant\/#primaryimage\"},\"thumbnailUrl\":\"https:\/\/www.myplacehotel.it\/wp-content\/uploads\/2023\/03\/1.png\",\"datePublished\":\"2022-03-30T08:54:04+00:00\",\"dateModified\":\"2023-02-09T15:01:14+00:00\",\"breadcrumb\":{\"@id\":\"https:\/\/www.myplacehotel.it\/fr\/petit-dejeuner-et-restaurant\/#breadcrumb\"},\"inLanguage\":\"fr-FR\",\"potentialAction\":[{\"@type\":\"ReadAction\",\"target\":[\"https:\/\/www.myplacehotel.it\/fr\/petit-dejeuner-et-restaurant\/\"]}]},{\"@type\":\"ImageObject\",\"inLanguage\":\"fr-FR\",\"@id\":\"https:\/\/www.myplacehotel.it\/fr\/petit-dejeuner-et-restaurant\/#primaryimage\",\"url\":\"https:\/\/www.myplacehotel.it\/wp-content\/uploads\/2023\/03\/1.png\",\"contentUrl\":\"https:\/\/www.myplacehotel.it\/wp-content\/uploads\/2023\/03\/1.png\",\"width\":1600,\"height\":900},{\"@type\":\"BreadcrumbList\",\"@id\":\"https:\/\/www.myplacehotel.it\/fr\/petit-dejeuner-et-restaurant\/#breadcrumb\",\"itemListElement\":[{\"@type\":\"ListItem\",\"position\":1,\"name\":\"Home\",\"item\":\"https:\/\/www.myplacehotel.it\/fr\/\"},{\"@type\":\"ListItem\",\"position\":2,\"name\":\"Petit-d\u00e9jeuner et Restaurant\"}]},{\"@type\":\"WebSite\",\"@id\":\"https:\/\/www.myplacehotel.it\/fr\/#website\",\"url\":\"https:\/\/www.myplacehotel.it\/fr\/\",\"name\":\"My Place Hotel\",\"description\":\"\",\"potentialAction\":[{\"@type\":\"SearchAction\",\"target\":{\"@type\":\"EntryPoint\",\"urlTemplate\":\"https:\/\/www.myplacehotel.it\/fr\/?s={search_term_string}\"},\"query-input\":{\"@type\":\"PropertyValueSpecification\",\"valueRequired\":true,\"valueName\":\"search_term_string\"}}],\"inLanguage\":\"fr-FR\"}]}<\/script>\n<!-- \/ Yoast SEO plugin. -->","yoast_head_json":{"title":"Petit-d\u00e9jeuner et Restaurant - My Place Hotel","robots":{"index":"index","follow":"follow","max-snippet":"max-snippet:-1","max-image-preview":"max-image-preview:large","max-video-preview":"max-video-preview:-1"},"canonical":"https:\/\/www.myplacehotel.it\/fr\/petit-dejeuner-et-restaurant\/","og_locale":"fr_FR","og_type":"article","og_title":"Petit-d\u00e9jeuner et Restaurant - My Place Hotel","og_description":"Petit-d\u00e9jeuner Ici, \u00e0 l&rsquo;H\u00f4tel My Place, nous aimons choyer nos clients d\u00e8s leur r\u00e9veil.Le petit-d\u00e9jeuner est servi de 7h30 \u00e0 10h et se compose d&rsquo;un buffet riche en g\u00e2teaux faits maison, croissants, petites viennoiseries, cr\u00eapes et pancakes faits sur place, yaourts, et vari\u00e9t\u00e9s de graines, de fruits secs et de confitures.&nbsp; Le buffet sal\u00e9 offre [&hellip;]","og_url":"https:\/\/www.myplacehotel.it\/fr\/petit-dejeuner-et-restaurant\/","og_site_name":"My Place Hotel","article_modified_time":"2023-02-09T15:01:14+00:00","og_image":[{"width":2560,"height":1707,"url":"https:\/\/www.myplacehotel.it\/wp-content\/uploads\/2022\/03\/NY6A3308.jpg","type":"image\/jpeg"}],"twitter_card":"summary_large_image","twitter_misc":{"Dur\u00e9e de lecture estim\u00e9e":"2 minutes"},"schema":{"@context":"https:\/\/schema.org","@graph":[{"@type":"WebPage","@id":"https:\/\/www.myplacehotel.it\/fr\/petit-dejeuner-et-restaurant\/","url":"https:\/\/www.myplacehotel.it\/fr\/petit-dejeuner-et-restaurant\/","name":"Petit-d\u00e9jeuner et Restaurant - My Place Hotel","isPartOf":{"@id":"https:\/\/www.myplacehotel.it\/fr\/#website"},"primaryImageOfPage":{"@id":"https:\/\/www.myplacehotel.it\/fr\/petit-dejeuner-et-restaurant\/#primaryimage"},"image":{"@id":"https:\/\/www.myplacehotel.it\/fr\/petit-dejeuner-et-restaurant\/#primaryimage"},"thumbnailUrl":"https:\/\/www.myplacehotel.it\/wp-content\/uploads\/2023\/03\/1.png","datePublished":"2022-03-30T08:54:04+00:00","dateModified":"2023-02-09T15:01:14+00:00","breadcrumb":{"@id":"https:\/\/www.myplacehotel.it\/fr\/petit-dejeuner-et-restaurant\/#breadcrumb"},"inLanguage":"fr-FR","potentialAction":[{"@type":"ReadAction","target":["https:\/\/www.myplacehotel.it\/fr\/petit-dejeuner-et-restaurant\/"]}]},{"@type":"ImageObject","inLanguage":"fr-FR","@id":"https:\/\/www.myplacehotel.it\/fr\/petit-dejeuner-et-restaurant\/#primaryimage","url":"https:\/\/www.myplacehotel.it\/wp-content\/uploads\/2023\/03\/1.png","contentUrl":"https:\/\/www.myplacehotel.it\/wp-content\/uploads\/2023\/03\/1.png","width":1600,"height":900},{"@type":"BreadcrumbList","@id":"https:\/\/www.myplacehotel.it\/fr\/petit-dejeuner-et-restaurant\/#breadcrumb","itemListElement":[{"@type":"ListItem","position":1,"name":"Home","item":"https:\/\/www.myplacehotel.it\/fr\/"},{"@type":"ListItem","position":2,"name":"Petit-d\u00e9jeuner et Restaurant"}]},{"@type":"WebSite","@id":"https:\/\/www.myplacehotel.it\/fr\/#website","url":"https:\/\/www.myplacehotel.it\/fr\/","name":"My Place Hotel","description":"","potentialAction":[{"@type":"SearchAction","target":{"@type":"EntryPoint","urlTemplate":"https:\/\/www.myplacehotel.it\/fr\/?s={search_term_string}"},"query-input":{"@type":"PropertyValueSpecification","valueRequired":true,"valueName":"search_term_string"}}],"inLanguage":"fr-FR"}]}},"_links":{"self":[{"href":"https:\/\/www.myplacehotel.it\/fr\/wp-json\/wp\/v2\/pages\/1073","targetHints":{"allow":["GET"]}}],"collection":[{"href":"https:\/\/www.myplacehotel.it\/fr\/wp-json\/wp\/v2\/pages"}],"about":[{"href":"https:\/\/www.myplacehotel.it\/fr\/wp-json\/wp\/v2\/types\/page"}],"author":[{"embeddable":true,"href":"https:\/\/www.myplacehotel.it\/fr\/wp-json\/wp\/v2\/users\/1"}],"replies":[{"embeddable":true,"href":"https:\/\/www.myplacehotel.it\/fr\/wp-json\/wp\/v2\/comments?post=1073"}],"version-history":[{"count":2,"href":"https:\/\/www.myplacehotel.it\/fr\/wp-json\/wp\/v2\/pages\/1073\/revisions"}],"predecessor-version":[{"id":1585,"href":"https:\/\/www.myplacehotel.it\/fr\/wp-json\/wp\/v2\/pages\/1073\/revisions\/1585"}],"wp:featuredmedia":[{"embeddable":true,"href":"https:\/\/www.myplacehotel.it\/fr\/wp-json\/wp\/v2\/media\/1632"}],"wp:attachment":[{"href":"https:\/\/www.myplacehotel.it\/fr\/wp-json\/wp\/v2\/media?parent=1073"}],"curies":[{"name":"wp","href":"https:\/\/api.w.org\/{rel}","templated":true}]}}