{"id":1149,"date":"2022-03-30T11:55:12","date_gmt":"2022-03-30T09:55:12","guid":{"rendered":"https:\/\/www.myplacehotel.it\/?page_id=1149"},"modified":"2023-02-09T16:04:40","modified_gmt":"2023-02-09T15:04:40","slug":"your-pet-your-hotel","status":"publish","type":"page","link":"https:\/\/www.myplacehotel.it\/de\/your-pet-your-hotel\/","title":{"rendered":"Your Pet, your hotel"},"content":{"rendered":"\n<div class=\"wp-block-columns is-layout-flex wp-container-core-columns-is-layout-9d6595d7 wp-block-columns-is-layout-flex\">\n<div class=\"wp-block-column wow slideInLeft is-layout-flow wp-block-column-is-layout-flow\">\n<p>Seit der Ankunft von Red aus dem Tierheim ist die Atmosph\u00e4re im My Place Hotel noch herzlicher geworden!<\/p>\n\n\n\n<p>Red ist Teil unseres Empfangsteams und wird zusammen mit uns Ihren vierbeinigen Freund als Gast in unserem Hotel willkommen hei\u00dfen.<\/p>\n\n\n\n<p>Wir haben Sch\u00fcsseln, Kissen und Hygienebeutel vorbereitet, f\u00fcr den Fall, dass Sie sie zu Hause vergessen haben, damit wir nicht nur den Gast, sondern auch seinen besten Freund verw\u00f6hnen k\u00f6nnen!<\/p>\n<\/div>\n<\/div>\n","protected":false},"excerpt":{"rendered":"<p>Seit der Ankunft von Red aus dem Tierheim ist die Atmosph\u00e4re im My Place Hotel noch herzlicher geworden! Red ist Teil unseres Empfangsteams und wird zusammen mit uns Ihren vierbeinigen Freund als Gast in unserem Hotel willkommen hei\u00dfen. Wir haben Sch\u00fcsseln, Kissen und Hygienebeutel vorbereitet, f\u00fcr den Fall, dass Sie sie zu Hause vergessen haben, [&hellip;]<\/p>\n","protected":false},"author":1,"featured_media":289,"parent":0,"menu_order":0,"comment_status":"closed","ping_status":"closed","template":"","meta":{"_acf_changed":false,"footnotes":""},"class_list":["post-1149","page","type-page","status-publish","has-post-thumbnail","hentry"],"acf":[],"yoast_head":"<!-- This site is optimized with the Yoast SEO plugin v27.0 - https:\/\/yoast.com\/product\/yoast-seo-wordpress\/ -->\n<title>Your Pet, your hotel - My Place Hotel<\/title>\n<meta name=\"robots\" content=\"index, follow, max-snippet:-1, max-image-preview:large, max-video-preview:-1\" \/>\n<link rel=\"canonical\" href=\"https:\/\/www.myplacehotel.it\/de\/your-pet-your-hotel\/\" \/>\n<meta property=\"og:locale\" content=\"de_DE\" \/>\n<meta property=\"og:type\" content=\"article\" \/>\n<meta property=\"og:title\" content=\"Your Pet, your hotel - My Place Hotel\" \/>\n<meta property=\"og:description\" content=\"Seit der Ankunft von Red aus dem Tierheim ist die Atmosph\u00e4re im My Place Hotel noch herzlicher geworden! Red ist Teil unseres Empfangsteams und wird zusammen mit uns Ihren vierbeinigen Freund als Gast in unserem Hotel willkommen hei\u00dfen. Wir haben Sch\u00fcsseln, Kissen und Hygienebeutel vorbereitet, f\u00fcr den Fall, dass Sie sie zu Hause vergessen haben, [&hellip;]\" \/>\n<meta property=\"og:url\" content=\"https:\/\/www.myplacehotel.it\/de\/your-pet-your-hotel\/\" \/>\n<meta property=\"og:site_name\" content=\"My Place Hotel\" \/>\n<meta property=\"article:modified_time\" content=\"2023-02-09T15:04:40+00:00\" \/>\n<meta property=\"og:image\" content=\"https:\/\/www.myplacehotel.it\/wp-content\/uploads\/2021\/05\/pet-friendly.jpg\" \/>\n\t<meta property=\"og:image:width\" content=\"1920\" \/>\n\t<meta property=\"og:image:height\" content=\"1281\" \/>\n\t<meta property=\"og:image:type\" content=\"image\/jpeg\" \/>\n<meta name=\"twitter:card\" content=\"summary_large_image\" \/>\n<meta name=\"twitter:label1\" content=\"Gesch\u00e4tzte Lesezeit\" \/>\n\t<meta name=\"twitter:data1\" content=\"1\u00a0Minute\" \/>\n<script type=\"application\/ld+json\" class=\"yoast-schema-graph\">{\"@context\":\"https:\/\/schema.org\",\"@graph\":[{\"@type\":\"WebPage\",\"@id\":\"https:\/\/www.myplacehotel.it\/de\/your-pet-your-hotel\/\",\"url\":\"https:\/\/www.myplacehotel.it\/de\/your-pet-your-hotel\/\",\"name\":\"Your Pet, your hotel - My Place Hotel\",\"isPartOf\":{\"@id\":\"https:\/\/www.myplacehotel.it\/de\/#website\"},\"primaryImageOfPage\":{\"@id\":\"https:\/\/www.myplacehotel.it\/de\/your-pet-your-hotel\/#primaryimage\"},\"image\":{\"@id\":\"https:\/\/www.myplacehotel.it\/de\/your-pet-your-hotel\/#primaryimage\"},\"thumbnailUrl\":\"https:\/\/www.myplacehotel.it\/wp-content\/uploads\/2021\/05\/pet-friendly.jpg\",\"datePublished\":\"2022-03-30T09:55:12+00:00\",\"dateModified\":\"2023-02-09T15:04:40+00:00\",\"breadcrumb\":{\"@id\":\"https:\/\/www.myplacehotel.it\/de\/your-pet-your-hotel\/#breadcrumb\"},\"inLanguage\":\"de\",\"potentialAction\":[{\"@type\":\"ReadAction\",\"target\":[\"https:\/\/www.myplacehotel.it\/de\/your-pet-your-hotel\/\"]}]},{\"@type\":\"ImageObject\",\"inLanguage\":\"de\",\"@id\":\"https:\/\/www.myplacehotel.it\/de\/your-pet-your-hotel\/#primaryimage\",\"url\":\"https:\/\/www.myplacehotel.it\/wp-content\/uploads\/2021\/05\/pet-friendly.jpg\",\"contentUrl\":\"https:\/\/www.myplacehotel.it\/wp-content\/uploads\/2021\/05\/pet-friendly.jpg\",\"width\":1920,\"height\":1281},{\"@type\":\"BreadcrumbList\",\"@id\":\"https:\/\/www.myplacehotel.it\/de\/your-pet-your-hotel\/#breadcrumb\",\"itemListElement\":[{\"@type\":\"ListItem\",\"position\":1,\"name\":\"Home\",\"item\":\"https:\/\/www.myplacehotel.it\/de\/\"},{\"@type\":\"ListItem\",\"position\":2,\"name\":\"Your Pet, your hotel\"}]},{\"@type\":\"WebSite\",\"@id\":\"https:\/\/www.myplacehotel.it\/de\/#website\",\"url\":\"https:\/\/www.myplacehotel.it\/de\/\",\"name\":\"My Place Hotel\",\"description\":\"\",\"potentialAction\":[{\"@type\":\"SearchAction\",\"target\":{\"@type\":\"EntryPoint\",\"urlTemplate\":\"https:\/\/www.myplacehotel.it\/de\/?s={search_term_string}\"},\"query-input\":{\"@type\":\"PropertyValueSpecification\",\"valueRequired\":true,\"valueName\":\"search_term_string\"}}],\"inLanguage\":\"de\"}]}<\/script>\n<!-- \/ Yoast SEO plugin. -->","yoast_head_json":{"title":"Your Pet, your hotel - My Place Hotel","robots":{"index":"index","follow":"follow","max-snippet":"max-snippet:-1","max-image-preview":"max-image-preview:large","max-video-preview":"max-video-preview:-1"},"canonical":"https:\/\/www.myplacehotel.it\/de\/your-pet-your-hotel\/","og_locale":"de_DE","og_type":"article","og_title":"Your Pet, your hotel - My Place Hotel","og_description":"Seit der Ankunft von Red aus dem Tierheim ist die Atmosph\u00e4re im My Place Hotel noch herzlicher geworden! Red ist Teil unseres Empfangsteams und wird zusammen mit uns Ihren vierbeinigen Freund als Gast in unserem Hotel willkommen hei\u00dfen. Wir haben Sch\u00fcsseln, Kissen und Hygienebeutel vorbereitet, f\u00fcr den Fall, dass Sie sie zu Hause vergessen haben, [&hellip;]","og_url":"https:\/\/www.myplacehotel.it\/de\/your-pet-your-hotel\/","og_site_name":"My Place Hotel","article_modified_time":"2023-02-09T15:04:40+00:00","og_image":[{"width":1920,"height":1281,"url":"https:\/\/www.myplacehotel.it\/wp-content\/uploads\/2021\/05\/pet-friendly.jpg","type":"image\/jpeg"}],"twitter_card":"summary_large_image","twitter_misc":{"Gesch\u00e4tzte Lesezeit":"1\u00a0Minute"},"schema":{"@context":"https:\/\/schema.org","@graph":[{"@type":"WebPage","@id":"https:\/\/www.myplacehotel.it\/de\/your-pet-your-hotel\/","url":"https:\/\/www.myplacehotel.it\/de\/your-pet-your-hotel\/","name":"Your Pet, your hotel - My Place Hotel","isPartOf":{"@id":"https:\/\/www.myplacehotel.it\/de\/#website"},"primaryImageOfPage":{"@id":"https:\/\/www.myplacehotel.it\/de\/your-pet-your-hotel\/#primaryimage"},"image":{"@id":"https:\/\/www.myplacehotel.it\/de\/your-pet-your-hotel\/#primaryimage"},"thumbnailUrl":"https:\/\/www.myplacehotel.it\/wp-content\/uploads\/2021\/05\/pet-friendly.jpg","datePublished":"2022-03-30T09:55:12+00:00","dateModified":"2023-02-09T15:04:40+00:00","breadcrumb":{"@id":"https:\/\/www.myplacehotel.it\/de\/your-pet-your-hotel\/#breadcrumb"},"inLanguage":"de","potentialAction":[{"@type":"ReadAction","target":["https:\/\/www.myplacehotel.it\/de\/your-pet-your-hotel\/"]}]},{"@type":"ImageObject","inLanguage":"de","@id":"https:\/\/www.myplacehotel.it\/de\/your-pet-your-hotel\/#primaryimage","url":"https:\/\/www.myplacehotel.it\/wp-content\/uploads\/2021\/05\/pet-friendly.jpg","contentUrl":"https:\/\/www.myplacehotel.it\/wp-content\/uploads\/2021\/05\/pet-friendly.jpg","width":1920,"height":1281},{"@type":"BreadcrumbList","@id":"https:\/\/www.myplacehotel.it\/de\/your-pet-your-hotel\/#breadcrumb","itemListElement":[{"@type":"ListItem","position":1,"name":"Home","item":"https:\/\/www.myplacehotel.it\/de\/"},{"@type":"ListItem","position":2,"name":"Your Pet, your hotel"}]},{"@type":"WebSite","@id":"https:\/\/www.myplacehotel.it\/de\/#website","url":"https:\/\/www.myplacehotel.it\/de\/","name":"My Place Hotel","description":"","potentialAction":[{"@type":"SearchAction","target":{"@type":"EntryPoint","urlTemplate":"https:\/\/www.myplacehotel.it\/de\/?s={search_term_string}"},"query-input":{"@type":"PropertyValueSpecification","valueRequired":true,"valueName":"search_term_string"}}],"inLanguage":"de"}]}},"_links":{"self":[{"href":"https:\/\/www.myplacehotel.it\/de\/wp-json\/wp\/v2\/pages\/1149","targetHints":{"allow":["GET"]}}],"collection":[{"href":"https:\/\/www.myplacehotel.it\/de\/wp-json\/wp\/v2\/pages"}],"about":[{"href":"https:\/\/www.myplacehotel.it\/de\/wp-json\/wp\/v2\/types\/page"}],"author":[{"embeddable":true,"href":"https:\/\/www.myplacehotel.it\/de\/wp-json\/wp\/v2\/users\/1"}],"replies":[{"embeddable":true,"href":"https:\/\/www.myplacehotel.it\/de\/wp-json\/wp\/v2\/comments?post=1149"}],"version-history":[{"count":2,"href":"https:\/\/www.myplacehotel.it\/de\/wp-json\/wp\/v2\/pages\/1149\/revisions"}],"predecessor-version":[{"id":1591,"href":"https:\/\/www.myplacehotel.it\/de\/wp-json\/wp\/v2\/pages\/1149\/revisions\/1591"}],"wp:featuredmedia":[{"embeddable":true,"href":"https:\/\/www.myplacehotel.it\/de\/wp-json\/wp\/v2\/media\/289"}],"wp:attachment":[{"href":"https:\/\/www.myplacehotel.it\/de\/wp-json\/wp\/v2\/media?parent=1149"}],"curies":[{"name":"wp","href":"https:\/\/api.w.org\/{rel}","templated":true}]}}