{"id":1147,"date":"2022-03-30T11:54:24","date_gmt":"2022-03-30T09:54:24","guid":{"rendered":"https:\/\/www.myplacehotel.it\/?page_id=1147"},"modified":"2022-03-30T11:54:26","modified_gmt":"2022-03-30T09:54:26","slug":"we-love-earth","status":"publish","type":"page","link":"https:\/\/www.myplacehotel.it\/de\/we-love-earth\/","title":{"rendered":"We Love Earth"},"content":{"rendered":"\n<div class=\"wp-block-columns is-layout-flex wp-container-core-columns-is-layout-9d6595d7 wp-block-columns-is-layout-flex\">\n<div class=\"wp-block-column wow slideInLeft is-layout-flow wp-block-column-is-layout-flow\">\n<p>Das My Place Projekt bem\u00fcht sich, seinen G\u00e4sten das bestm\u00f6gliche Erlebnis zu bieten, und das auf nachhaltige Weise.<\/p>\n\n\n\n<p>Die Herausforderung des Klimawandels ist uns sehr wichtig und wir wollen unseren Beitrag dazu leisten.<\/p>\n\n\n\n<p>Deshalb engagieren wir uns daf\u00fcr, unseren Teil zum Schutz unseres Planeten beizutragen.<\/p>\n\n\n\n<p>My Place Hotel verf\u00fcgt \u00fcber:<\/p>\n\n\n\n<ul class=\"wp-block-list\"><li>Solarthermische und photovoltaische Paneele, f\u00fcr die Produktion von selbstversorgender und gr\u00fcner Energie<\/li><li>Maschinen und Beleuchtung mit niedrigem Energieverbrauch<\/li><li>Service-Produkte mit geringer Umweltbelastung<\/li><li>Lokale und saisonale Lebensmittel<\/li><\/ul>\n\n\n\n<p>Mit Hilfe von <a href=\"https:\/\/www.treedom.net\" target=\"_blank\" rel=\"noreferrer noopener\">Treedom<\/a> und <a href=\"https:\/\/www.3bee.com\">3<\/a><a href=\"https:\/\/www.3bee.com\" target=\"_blank\" rel=\"noreferrer noopener\">b<\/a><a href=\"https:\/\/www.3bee.com\">ee<\/a> pflanzen wir B\u00e4ume und adoptieren Bienenst\u00f6cke!<\/p>\n\n\n\n<p>Und dann ist da noch Carolina, unsere Schildkr\u00f6te, die wir dank des Projekts <strong>Fondazione Cetacea<\/strong> adoptiert haben.<\/p>\n\n\n\n<p>Kleine Gesten, die den Unterschied machen.<\/p>\n\n\n\n<p>Eine Innovation in unserem Projekt ist die neue WallBox in unserem Parkhaus, eine Ladestation f\u00fcr Elektroautos, die seit diesem Jahr in Betrieb ist.<\/p>\n<\/div>\n\n\n\n<div class=\"wp-block-column wow slideInRight is-layout-flow wp-block-column-is-layout-flow\">\n<figure class=\"wp-block-image size-full is-resized is-style-default\"><img decoding=\"async\" src=\"https:\/\/www.myplacehotel.it\/wp-content\/uploads\/2022\/03\/natura-alberi-edited.jpeg\" alt=\"\" class=\"wp-image-969\" width=\"569\" srcset=\"https:\/\/www.myplacehotel.it\/wp-content\/uploads\/2022\/03\/natura-alberi-edited.jpeg 836w, https:\/\/www.myplacehotel.it\/wp-content\/uploads\/2022\/03\/natura-alberi-edited-300x200.jpeg 300w, https:\/\/www.myplacehotel.it\/wp-content\/uploads\/2022\/03\/natura-alberi-edited-768x513.jpeg 768w\" sizes=\"(max-width: 836px) 100vw, 836px\" \/><\/figure>\n<\/div>\n<\/div>\n\n\n\n<figure class=\"wp-block-gallery has-nested-images columns-2 is-cropped wp-block-gallery-1 is-layout-flex wp-block-gallery-is-layout-flex\">\n<figure class=\"wp-block-image size-large\"><img fetchpriority=\"high\" decoding=\"async\" width=\"1280\" height=\"853\" data-id=\"957\" src=\"https:\/\/www.myplacehotel.it\/wp-content\/uploads\/2022\/03\/alveare-api.jpeg\" alt=\"\" class=\"wp-image-957\" srcset=\"https:\/\/www.myplacehotel.it\/wp-content\/uploads\/2022\/03\/alveare-api.jpeg 1280w, https:\/\/www.myplacehotel.it\/wp-content\/uploads\/2022\/03\/alveare-api-300x200.jpeg 300w, https:\/\/www.myplacehotel.it\/wp-content\/uploads\/2022\/03\/alveare-api-768x512.jpeg 768w\" sizes=\"(max-width: 1280px) 100vw, 1280px\" \/><\/figure>\n\n\n\n<figure class=\"wp-block-image size-large\"><img decoding=\"async\" width=\"1280\" height=\"850\" data-id=\"949\" src=\"https:\/\/www.myplacehotel.it\/wp-content\/uploads\/2022\/03\/ristorante-cibo-km0.jpeg\" alt=\"\" class=\"wp-image-949\" srcset=\"https:\/\/www.myplacehotel.it\/wp-content\/uploads\/2022\/03\/ristorante-cibo-km0.jpeg 1280w, https:\/\/www.myplacehotel.it\/wp-content\/uploads\/2022\/03\/ristorante-cibo-km0-300x199.jpeg 300w, https:\/\/www.myplacehotel.it\/wp-content\/uploads\/2022\/03\/ristorante-cibo-km0-768x510.jpeg 768w\" sizes=\"(max-width: 1280px) 100vw, 1280px\" \/><\/figure>\n<\/figure>\n","protected":false},"excerpt":{"rendered":"<p>Das My Place Projekt bem\u00fcht sich, seinen G\u00e4sten das bestm\u00f6gliche Erlebnis zu bieten, und das auf nachhaltige Weise. Die Herausforderung des Klimawandels ist uns sehr wichtig und wir wollen unseren Beitrag dazu leisten. Deshalb engagieren wir uns daf\u00fcr, unseren Teil zum Schutz unseres Planeten beizutragen. My Place Hotel verf\u00fcgt \u00fcber: Solarthermische und photovoltaische Paneele, f\u00fcr [&hellip;]<\/p>\n","protected":false},"author":1,"featured_media":1641,"parent":0,"menu_order":0,"comment_status":"closed","ping_status":"closed","template":"","meta":{"_acf_changed":false,"footnotes":""},"class_list":["post-1147","page","type-page","status-publish","has-post-thumbnail","hentry"],"acf":[],"yoast_head":"<!-- This site is optimized with the Yoast SEO plugin v27.0 - https:\/\/yoast.com\/product\/yoast-seo-wordpress\/ -->\n<title>We Love Earth - My Place Hotel<\/title>\n<meta name=\"robots\" content=\"index, follow, max-snippet:-1, max-image-preview:large, max-video-preview:-1\" \/>\n<link rel=\"canonical\" href=\"https:\/\/www.myplacehotel.it\/de\/we-love-earth\/\" \/>\n<meta property=\"og:locale\" content=\"de_DE\" \/>\n<meta property=\"og:type\" content=\"article\" \/>\n<meta property=\"og:title\" content=\"We Love Earth - My Place Hotel\" \/>\n<meta property=\"og:description\" content=\"Das My Place Projekt bem\u00fcht sich, seinen G\u00e4sten das bestm\u00f6gliche Erlebnis zu bieten, und das auf nachhaltige Weise. Die Herausforderung des Klimawandels ist uns sehr wichtig und wir wollen unseren Beitrag dazu leisten. Deshalb engagieren wir uns daf\u00fcr, unseren Teil zum Schutz unseres Planeten beizutragen. My Place Hotel verf\u00fcgt \u00fcber: Solarthermische und photovoltaische Paneele, f\u00fcr [&hellip;]\" \/>\n<meta property=\"og:url\" content=\"https:\/\/www.myplacehotel.it\/de\/we-love-earth\/\" \/>\n<meta property=\"og:site_name\" content=\"My Place Hotel\" \/>\n<meta property=\"article:modified_time\" content=\"2022-03-30T09:54:26+00:00\" \/>\n<meta property=\"og:image\" content=\"https:\/\/www.myplacehotel.it\/wp-content\/uploads\/2022\/03\/natura-alberi.jpeg\" \/>\n\t<meta property=\"og:image:width\" content=\"1280\" \/>\n\t<meta property=\"og:image:height\" content=\"853\" \/>\n\t<meta property=\"og:image:type\" content=\"image\/jpeg\" \/>\n<meta name=\"twitter:card\" content=\"summary_large_image\" \/>\n<meta name=\"twitter:label1\" content=\"Gesch\u00e4tzte Lesezeit\" \/>\n\t<meta name=\"twitter:data1\" content=\"2\u00a0Minuten\" \/>\n<script type=\"application\/ld+json\" class=\"yoast-schema-graph\">{\"@context\":\"https:\/\/schema.org\",\"@graph\":[{\"@type\":\"WebPage\",\"@id\":\"https:\/\/www.myplacehotel.it\/de\/we-love-earth\/\",\"url\":\"https:\/\/www.myplacehotel.it\/de\/we-love-earth\/\",\"name\":\"We Love Earth - My Place Hotel\",\"isPartOf\":{\"@id\":\"https:\/\/www.myplacehotel.it\/de\/#website\"},\"primaryImageOfPage\":{\"@id\":\"https:\/\/www.myplacehotel.it\/de\/we-love-earth\/#primaryimage\"},\"image\":{\"@id\":\"https:\/\/www.myplacehotel.it\/de\/we-love-earth\/#primaryimage\"},\"thumbnailUrl\":\"https:\/\/www.myplacehotel.it\/wp-content\/uploads\/2023\/03\/3.png\",\"datePublished\":\"2022-03-30T09:54:24+00:00\",\"dateModified\":\"2022-03-30T09:54:26+00:00\",\"breadcrumb\":{\"@id\":\"https:\/\/www.myplacehotel.it\/de\/we-love-earth\/#breadcrumb\"},\"inLanguage\":\"de\",\"potentialAction\":[{\"@type\":\"ReadAction\",\"target\":[\"https:\/\/www.myplacehotel.it\/de\/we-love-earth\/\"]}]},{\"@type\":\"ImageObject\",\"inLanguage\":\"de\",\"@id\":\"https:\/\/www.myplacehotel.it\/de\/we-love-earth\/#primaryimage\",\"url\":\"https:\/\/www.myplacehotel.it\/wp-content\/uploads\/2023\/03\/3.png\",\"contentUrl\":\"https:\/\/www.myplacehotel.it\/wp-content\/uploads\/2023\/03\/3.png\",\"width\":1600,\"height\":900},{\"@type\":\"BreadcrumbList\",\"@id\":\"https:\/\/www.myplacehotel.it\/de\/we-love-earth\/#breadcrumb\",\"itemListElement\":[{\"@type\":\"ListItem\",\"position\":1,\"name\":\"Home\",\"item\":\"https:\/\/www.myplacehotel.it\/de\/\"},{\"@type\":\"ListItem\",\"position\":2,\"name\":\"We Love Earth\"}]},{\"@type\":\"WebSite\",\"@id\":\"https:\/\/www.myplacehotel.it\/de\/#website\",\"url\":\"https:\/\/www.myplacehotel.it\/de\/\",\"name\":\"My Place Hotel\",\"description\":\"\",\"potentialAction\":[{\"@type\":\"SearchAction\",\"target\":{\"@type\":\"EntryPoint\",\"urlTemplate\":\"https:\/\/www.myplacehotel.it\/de\/?s={search_term_string}\"},\"query-input\":{\"@type\":\"PropertyValueSpecification\",\"valueRequired\":true,\"valueName\":\"search_term_string\"}}],\"inLanguage\":\"de\"}]}<\/script>\n<!-- \/ Yoast SEO plugin. -->","yoast_head_json":{"title":"We Love Earth - My Place Hotel","robots":{"index":"index","follow":"follow","max-snippet":"max-snippet:-1","max-image-preview":"max-image-preview:large","max-video-preview":"max-video-preview:-1"},"canonical":"https:\/\/www.myplacehotel.it\/de\/we-love-earth\/","og_locale":"de_DE","og_type":"article","og_title":"We Love Earth - My Place Hotel","og_description":"Das My Place Projekt bem\u00fcht sich, seinen G\u00e4sten das bestm\u00f6gliche Erlebnis zu bieten, und das auf nachhaltige Weise. Die Herausforderung des Klimawandels ist uns sehr wichtig und wir wollen unseren Beitrag dazu leisten. Deshalb engagieren wir uns daf\u00fcr, unseren Teil zum Schutz unseres Planeten beizutragen. My Place Hotel verf\u00fcgt \u00fcber: Solarthermische und photovoltaische Paneele, f\u00fcr [&hellip;]","og_url":"https:\/\/www.myplacehotel.it\/de\/we-love-earth\/","og_site_name":"My Place Hotel","article_modified_time":"2022-03-30T09:54:26+00:00","og_image":[{"width":1280,"height":853,"url":"https:\/\/www.myplacehotel.it\/wp-content\/uploads\/2022\/03\/natura-alberi.jpeg","type":"image\/jpeg"}],"twitter_card":"summary_large_image","twitter_misc":{"Gesch\u00e4tzte Lesezeit":"2\u00a0Minuten"},"schema":{"@context":"https:\/\/schema.org","@graph":[{"@type":"WebPage","@id":"https:\/\/www.myplacehotel.it\/de\/we-love-earth\/","url":"https:\/\/www.myplacehotel.it\/de\/we-love-earth\/","name":"We Love Earth - My Place Hotel","isPartOf":{"@id":"https:\/\/www.myplacehotel.it\/de\/#website"},"primaryImageOfPage":{"@id":"https:\/\/www.myplacehotel.it\/de\/we-love-earth\/#primaryimage"},"image":{"@id":"https:\/\/www.myplacehotel.it\/de\/we-love-earth\/#primaryimage"},"thumbnailUrl":"https:\/\/www.myplacehotel.it\/wp-content\/uploads\/2023\/03\/3.png","datePublished":"2022-03-30T09:54:24+00:00","dateModified":"2022-03-30T09:54:26+00:00","breadcrumb":{"@id":"https:\/\/www.myplacehotel.it\/de\/we-love-earth\/#breadcrumb"},"inLanguage":"de","potentialAction":[{"@type":"ReadAction","target":["https:\/\/www.myplacehotel.it\/de\/we-love-earth\/"]}]},{"@type":"ImageObject","inLanguage":"de","@id":"https:\/\/www.myplacehotel.it\/de\/we-love-earth\/#primaryimage","url":"https:\/\/www.myplacehotel.it\/wp-content\/uploads\/2023\/03\/3.png","contentUrl":"https:\/\/www.myplacehotel.it\/wp-content\/uploads\/2023\/03\/3.png","width":1600,"height":900},{"@type":"BreadcrumbList","@id":"https:\/\/www.myplacehotel.it\/de\/we-love-earth\/#breadcrumb","itemListElement":[{"@type":"ListItem","position":1,"name":"Home","item":"https:\/\/www.myplacehotel.it\/de\/"},{"@type":"ListItem","position":2,"name":"We Love Earth"}]},{"@type":"WebSite","@id":"https:\/\/www.myplacehotel.it\/de\/#website","url":"https:\/\/www.myplacehotel.it\/de\/","name":"My Place Hotel","description":"","potentialAction":[{"@type":"SearchAction","target":{"@type":"EntryPoint","urlTemplate":"https:\/\/www.myplacehotel.it\/de\/?s={search_term_string}"},"query-input":{"@type":"PropertyValueSpecification","valueRequired":true,"valueName":"search_term_string"}}],"inLanguage":"de"}]}},"_links":{"self":[{"href":"https:\/\/www.myplacehotel.it\/de\/wp-json\/wp\/v2\/pages\/1147","targetHints":{"allow":["GET"]}}],"collection":[{"href":"https:\/\/www.myplacehotel.it\/de\/wp-json\/wp\/v2\/pages"}],"about":[{"href":"https:\/\/www.myplacehotel.it\/de\/wp-json\/wp\/v2\/types\/page"}],"author":[{"embeddable":true,"href":"https:\/\/www.myplacehotel.it\/de\/wp-json\/wp\/v2\/users\/1"}],"replies":[{"embeddable":true,"href":"https:\/\/www.myplacehotel.it\/de\/wp-json\/wp\/v2\/comments?post=1147"}],"version-history":[{"count":1,"href":"https:\/\/www.myplacehotel.it\/de\/wp-json\/wp\/v2\/pages\/1147\/revisions"}],"predecessor-version":[{"id":1148,"href":"https:\/\/www.myplacehotel.it\/de\/wp-json\/wp\/v2\/pages\/1147\/revisions\/1148"}],"wp:featuredmedia":[{"embeddable":true,"href":"https:\/\/www.myplacehotel.it\/de\/wp-json\/wp\/v2\/media\/1641"}],"wp:attachment":[{"href":"https:\/\/www.myplacehotel.it\/de\/wp-json\/wp\/v2\/media?parent=1147"}],"curies":[{"name":"wp","href":"https:\/\/api.w.org\/{rel}","templated":true}]}}