{"id":1145,"date":"2022-03-30T11:52:22","date_gmt":"2022-03-30T09:52:22","guid":{"rendered":"https:\/\/www.myplacehotel.it\/?page_id=1145"},"modified":"2023-06-21T09:04:44","modified_gmt":"2023-06-21T07:04:44","slug":"workspace-businesspoint","status":"publish","type":"page","link":"https:\/\/www.myplacehotel.it\/de\/workspace-businesspoint\/","title":{"rendered":"Workspace &#038; BusinessPoint"},"content":{"rendered":"\t\t<div data-elementor-type=\"wp-page\" data-elementor-id=\"1145\" class=\"elementor elementor-1145 elementor-845\">\n\t\t\t\t\t\t<section class=\"elementor-section elementor-top-section elementor-element elementor-element-37af1854 elementor-section-boxed elementor-section-height-default elementor-section-height-default\" data-id=\"37af1854\" data-element_type=\"section\" data-e-type=\"section\">\n\t\t\t\t\t\t<div class=\"elementor-container elementor-column-gap-default\">\n\t\t\t\t\t<div class=\"elementor-column elementor-col-100 elementor-top-column elementor-element elementor-element-476e20cb\" data-id=\"476e20cb\" data-element_type=\"column\" data-e-type=\"column\">\n\t\t\t<div class=\"elementor-widget-wrap elementor-element-populated\">\n\t\t\t\t\t\t<div class=\"elementor-element elementor-element-118526a5 elementor-widget elementor-widget-text-editor\" data-id=\"118526a5\" data-element_type=\"widget\" data-e-type=\"widget\" data-widget_type=\"text-editor.default\">\n\t\t\t\t<div class=\"elementor-widget-container\">\n\t\t\t\t\t\t\t\t\t<div class=\"wp-block-columns\">\n<div class=\"wp-block-column wow slideInLeft\">\n<p>Ein Raum f\u00fcr Gesch\u00e4ftskunden, die einen ruhigen Ort f\u00fcr ihre Arbeit ben\u00f6tigen.<\/p>\n<p>Perfekt f\u00fcr Meetings und Firmenveranstaltungen, ausgestattet mit High-Speed-Wi-Fi, Workstations, Videoprojektor und vielen anderen n\u00fctzlichen Ger\u00e4ten.<\/p>\n<p>Reservieren Sie unseren Meeting&amp;BusinessPoint f\u00fcr Ihre Gesch\u00e4ftstreffen!<\/p>\n<p>Und genie\u00dfen Sie dabei alle Serviceangebote von My Place Hotel.<\/p>\n<\/div>\n<\/div>\t\t\t\t\t\t\t\t<\/div>\n\t\t\t\t<\/div>\n\t\t\t\t\t<\/div>\n\t\t<\/div>\n\t\t\t\t\t<\/div>\n\t\t<\/section>\n\t\t\t\t<\/div>\n\t\t","protected":false},"excerpt":{"rendered":"<p>Ein Raum f\u00fcr Gesch\u00e4ftskunden, die einen ruhigen Ort f\u00fcr ihre Arbeit ben\u00f6tigen. Perfekt f\u00fcr Meetings und Firmenveranstaltungen, ausgestattet mit High-Speed-Wi-Fi, Workstations, Videoprojektor und vielen anderen n\u00fctzlichen Ger\u00e4ten. Reservieren Sie unseren Meeting&amp;BusinessPoint f\u00fcr Ihre Gesch\u00e4ftstreffen! Und genie\u00dfen Sie dabei alle Serviceangebote von My Place Hotel.<\/p>\n","protected":false},"author":1,"featured_media":1649,"parent":0,"menu_order":0,"comment_status":"closed","ping_status":"closed","template":"","meta":{"_acf_changed":false,"footnotes":""},"class_list":["post-1145","page","type-page","status-publish","has-post-thumbnail","hentry"],"acf":[],"yoast_head":"<!-- This site is optimized with the Yoast SEO plugin v27.0 - https:\/\/yoast.com\/product\/yoast-seo-wordpress\/ -->\n<title>Workspace &amp; BusinessPoint - My Place Hotel<\/title>\n<meta name=\"robots\" content=\"index, follow, max-snippet:-1, max-image-preview:large, max-video-preview:-1\" \/>\n<link rel=\"canonical\" href=\"https:\/\/www.myplacehotel.it\/de\/workspace-businesspoint\/\" \/>\n<meta property=\"og:locale\" content=\"de_DE\" \/>\n<meta property=\"og:type\" content=\"article\" \/>\n<meta property=\"og:title\" content=\"Workspace &amp; BusinessPoint - My Place Hotel\" \/>\n<meta property=\"og:description\" content=\"Ein Raum f\u00fcr Gesch\u00e4ftskunden, die einen ruhigen Ort f\u00fcr ihre Arbeit ben\u00f6tigen. Perfekt f\u00fcr Meetings und Firmenveranstaltungen, ausgestattet mit High-Speed-Wi-Fi, Workstations, Videoprojektor und vielen anderen n\u00fctzlichen Ger\u00e4ten. Reservieren Sie unseren Meeting&amp;BusinessPoint f\u00fcr Ihre Gesch\u00e4ftstreffen! Und genie\u00dfen Sie dabei alle Serviceangebote von My Place Hotel.\" \/>\n<meta property=\"og:url\" content=\"https:\/\/www.myplacehotel.it\/de\/workspace-businesspoint\/\" \/>\n<meta property=\"og:site_name\" content=\"My Place Hotel\" \/>\n<meta property=\"article:modified_time\" content=\"2023-06-21T07:04:44+00:00\" \/>\n<meta property=\"og:image\" content=\"https:\/\/www.myplacehotel.it\/wp-content\/uploads\/2023\/03\/5.png\" \/>\n\t<meta property=\"og:image:width\" content=\"1600\" \/>\n\t<meta property=\"og:image:height\" content=\"900\" \/>\n\t<meta property=\"og:image:type\" content=\"image\/png\" \/>\n<meta name=\"twitter:card\" content=\"summary_large_image\" \/>\n<meta name=\"twitter:label1\" content=\"Gesch\u00e4tzte Lesezeit\" \/>\n\t<meta name=\"twitter:data1\" content=\"1\u00a0Minute\" \/>\n<script type=\"application\/ld+json\" class=\"yoast-schema-graph\">{\"@context\":\"https:\/\/schema.org\",\"@graph\":[{\"@type\":\"WebPage\",\"@id\":\"https:\/\/www.myplacehotel.it\/de\/workspace-businesspoint\/\",\"url\":\"https:\/\/www.myplacehotel.it\/de\/workspace-businesspoint\/\",\"name\":\"Workspace & BusinessPoint - My Place Hotel\",\"isPartOf\":{\"@id\":\"https:\/\/www.myplacehotel.it\/de\/#website\"},\"primaryImageOfPage\":{\"@id\":\"https:\/\/www.myplacehotel.it\/de\/workspace-businesspoint\/#primaryimage\"},\"image\":{\"@id\":\"https:\/\/www.myplacehotel.it\/de\/workspace-businesspoint\/#primaryimage\"},\"thumbnailUrl\":\"https:\/\/www.myplacehotel.it\/wp-content\/uploads\/2023\/03\/5.png\",\"datePublished\":\"2022-03-30T09:52:22+00:00\",\"dateModified\":\"2023-06-21T07:04:44+00:00\",\"breadcrumb\":{\"@id\":\"https:\/\/www.myplacehotel.it\/de\/workspace-businesspoint\/#breadcrumb\"},\"inLanguage\":\"de\",\"potentialAction\":[{\"@type\":\"ReadAction\",\"target\":[\"https:\/\/www.myplacehotel.it\/de\/workspace-businesspoint\/\"]}]},{\"@type\":\"ImageObject\",\"inLanguage\":\"de\",\"@id\":\"https:\/\/www.myplacehotel.it\/de\/workspace-businesspoint\/#primaryimage\",\"url\":\"https:\/\/www.myplacehotel.it\/wp-content\/uploads\/2023\/03\/5.png\",\"contentUrl\":\"https:\/\/www.myplacehotel.it\/wp-content\/uploads\/2023\/03\/5.png\",\"width\":1600,\"height\":900},{\"@type\":\"BreadcrumbList\",\"@id\":\"https:\/\/www.myplacehotel.it\/de\/workspace-businesspoint\/#breadcrumb\",\"itemListElement\":[{\"@type\":\"ListItem\",\"position\":1,\"name\":\"Home\",\"item\":\"https:\/\/www.myplacehotel.it\/de\/\"},{\"@type\":\"ListItem\",\"position\":2,\"name\":\"Workspace &#038; BusinessPoint\"}]},{\"@type\":\"WebSite\",\"@id\":\"https:\/\/www.myplacehotel.it\/de\/#website\",\"url\":\"https:\/\/www.myplacehotel.it\/de\/\",\"name\":\"My Place Hotel\",\"description\":\"\",\"potentialAction\":[{\"@type\":\"SearchAction\",\"target\":{\"@type\":\"EntryPoint\",\"urlTemplate\":\"https:\/\/www.myplacehotel.it\/de\/?s={search_term_string}\"},\"query-input\":{\"@type\":\"PropertyValueSpecification\",\"valueRequired\":true,\"valueName\":\"search_term_string\"}}],\"inLanguage\":\"de\"}]}<\/script>\n<!-- \/ Yoast SEO plugin. -->","yoast_head_json":{"title":"Workspace & BusinessPoint - My Place Hotel","robots":{"index":"index","follow":"follow","max-snippet":"max-snippet:-1","max-image-preview":"max-image-preview:large","max-video-preview":"max-video-preview:-1"},"canonical":"https:\/\/www.myplacehotel.it\/de\/workspace-businesspoint\/","og_locale":"de_DE","og_type":"article","og_title":"Workspace & BusinessPoint - My Place Hotel","og_description":"Ein Raum f\u00fcr Gesch\u00e4ftskunden, die einen ruhigen Ort f\u00fcr ihre Arbeit ben\u00f6tigen. Perfekt f\u00fcr Meetings und Firmenveranstaltungen, ausgestattet mit High-Speed-Wi-Fi, Workstations, Videoprojektor und vielen anderen n\u00fctzlichen Ger\u00e4ten. Reservieren Sie unseren Meeting&amp;BusinessPoint f\u00fcr Ihre Gesch\u00e4ftstreffen! Und genie\u00dfen Sie dabei alle Serviceangebote von My Place Hotel.","og_url":"https:\/\/www.myplacehotel.it\/de\/workspace-businesspoint\/","og_site_name":"My Place Hotel","article_modified_time":"2023-06-21T07:04:44+00:00","og_image":[{"width":1600,"height":900,"url":"https:\/\/www.myplacehotel.it\/wp-content\/uploads\/2023\/03\/5.png","type":"image\/png"}],"twitter_card":"summary_large_image","twitter_misc":{"Gesch\u00e4tzte Lesezeit":"1\u00a0Minute"},"schema":{"@context":"https:\/\/schema.org","@graph":[{"@type":"WebPage","@id":"https:\/\/www.myplacehotel.it\/de\/workspace-businesspoint\/","url":"https:\/\/www.myplacehotel.it\/de\/workspace-businesspoint\/","name":"Workspace & BusinessPoint - My Place Hotel","isPartOf":{"@id":"https:\/\/www.myplacehotel.it\/de\/#website"},"primaryImageOfPage":{"@id":"https:\/\/www.myplacehotel.it\/de\/workspace-businesspoint\/#primaryimage"},"image":{"@id":"https:\/\/www.myplacehotel.it\/de\/workspace-businesspoint\/#primaryimage"},"thumbnailUrl":"https:\/\/www.myplacehotel.it\/wp-content\/uploads\/2023\/03\/5.png","datePublished":"2022-03-30T09:52:22+00:00","dateModified":"2023-06-21T07:04:44+00:00","breadcrumb":{"@id":"https:\/\/www.myplacehotel.it\/de\/workspace-businesspoint\/#breadcrumb"},"inLanguage":"de","potentialAction":[{"@type":"ReadAction","target":["https:\/\/www.myplacehotel.it\/de\/workspace-businesspoint\/"]}]},{"@type":"ImageObject","inLanguage":"de","@id":"https:\/\/www.myplacehotel.it\/de\/workspace-businesspoint\/#primaryimage","url":"https:\/\/www.myplacehotel.it\/wp-content\/uploads\/2023\/03\/5.png","contentUrl":"https:\/\/www.myplacehotel.it\/wp-content\/uploads\/2023\/03\/5.png","width":1600,"height":900},{"@type":"BreadcrumbList","@id":"https:\/\/www.myplacehotel.it\/de\/workspace-businesspoint\/#breadcrumb","itemListElement":[{"@type":"ListItem","position":1,"name":"Home","item":"https:\/\/www.myplacehotel.it\/de\/"},{"@type":"ListItem","position":2,"name":"Workspace &#038; BusinessPoint"}]},{"@type":"WebSite","@id":"https:\/\/www.myplacehotel.it\/de\/#website","url":"https:\/\/www.myplacehotel.it\/de\/","name":"My Place Hotel","description":"","potentialAction":[{"@type":"SearchAction","target":{"@type":"EntryPoint","urlTemplate":"https:\/\/www.myplacehotel.it\/de\/?s={search_term_string}"},"query-input":{"@type":"PropertyValueSpecification","valueRequired":true,"valueName":"search_term_string"}}],"inLanguage":"de"}]}},"_links":{"self":[{"href":"https:\/\/www.myplacehotel.it\/de\/wp-json\/wp\/v2\/pages\/1145","targetHints":{"allow":["GET"]}}],"collection":[{"href":"https:\/\/www.myplacehotel.it\/de\/wp-json\/wp\/v2\/pages"}],"about":[{"href":"https:\/\/www.myplacehotel.it\/de\/wp-json\/wp\/v2\/types\/page"}],"author":[{"embeddable":true,"href":"https:\/\/www.myplacehotel.it\/de\/wp-json\/wp\/v2\/users\/1"}],"replies":[{"embeddable":true,"href":"https:\/\/www.myplacehotel.it\/de\/wp-json\/wp\/v2\/comments?post=1145"}],"version-history":[{"count":4,"href":"https:\/\/www.myplacehotel.it\/de\/wp-json\/wp\/v2\/pages\/1145\/revisions"}],"predecessor-version":[{"id":1761,"href":"https:\/\/www.myplacehotel.it\/de\/wp-json\/wp\/v2\/pages\/1145\/revisions\/1761"}],"wp:featuredmedia":[{"embeddable":true,"href":"https:\/\/www.myplacehotel.it\/de\/wp-json\/wp\/v2\/media\/1649"}],"wp:attachment":[{"href":"https:\/\/www.myplacehotel.it\/de\/wp-json\/wp\/v2\/media?parent=1145"}],"curies":[{"name":"wp","href":"https:\/\/api.w.org\/{rel}","templated":true}]}}