{"id":1138,"date":"2022-03-30T11:47:46","date_gmt":"2022-03-30T09:47:46","guid":{"rendered":"https:\/\/www.myplacehotel.it\/?page_id=1138"},"modified":"2023-02-09T16:04:21","modified_gmt":"2023-02-09T15:04:21","slug":"breakfast-restaurant","status":"publish","type":"page","link":"https:\/\/www.myplacehotel.it\/de\/breakfast-restaurant\/","title":{"rendered":"Breakfast &#038; Restaurant"},"content":{"rendered":"\n<div class=\"wp-block-columns is-layout-flex wp-container-core-columns-is-layout-9d6595d7 wp-block-columns-is-layout-flex\">\n<div class=\"wp-block-column wow slideInLeft is-layout-flow wp-block-column-is-layout-flow\">\n<p><strong>Fr\u00fchst\u00fcck<\/strong><\/p>\n\n\n\n<p>Hier im My Place Hotel verw\u00f6hnen wir unsere G\u00e4ste gerne von dem Moment an, an dem sie erwachen.<br>Das herzhafte Buffet bietet eine Auswahl an Wurst- und K\u00e4sesorten aus der Romagna, herzhafte Pasteten aus unserer K\u00fcche und Toasts, die Sie nach Belieben belegen k\u00f6nnen. Zu allem gibt es erstklassigen Kaffee, S\u00e4fte und t\u00e4glich frisches Obst.<br><\/p>\n\n\n\n<p><strong>Restaurant<\/strong><\/p>\n\n\n\n<p>Bei uns k\u00f6nnen Sie Ihr Mittagessen unter dem Sonnenschirm oder, wo immer Sie m\u00f6chten, genie\u00dfen!<br>Wir haben uns f\u00fcr Sie eine schmackhafte und frische L\u00f6sung ausgedacht, die es Ihnen erm\u00f6glicht, frei von festen Zeiten zu sein.<\/p>\n\n\n\n<p><strong>Bestellen Sie Ihre MyLunch Box!<\/strong><\/p>\n\n\n\n<p>Oder, wenn Sie es vorziehen, k\u00f6nnen Sie die Option Halbpension oder Vollpension nutzen.<\/p>\n\n\n\n<p>Unsere lokale K\u00fcche achtet auf die Qualit\u00e4t der Zutaten, Saisonalit\u00e4t, Nachhaltigkeit und wenig Abfall.<\/p>\n<\/div>\n<\/div>\n\n\n\n<figure class=\"wp-block-gallery has-nested-images columns-3 is-cropped wp-block-gallery-1 is-layout-flex wp-block-gallery-is-layout-flex\">\n<figure class=\"wp-block-image size-large\"><img fetchpriority=\"high\" decoding=\"async\" width=\"1024\" height=\"683\" data-id=\"662\" src=\"https:\/\/www.myplacehotel.it\/wp-content\/uploads\/2021\/05\/NY6A3318-1024x683.jpg\" alt=\"\" class=\"wp-image-662\" srcset=\"https:\/\/www.myplacehotel.it\/wp-content\/uploads\/2021\/05\/NY6A3318-1024x683.jpg 1024w, https:\/\/www.myplacehotel.it\/wp-content\/uploads\/2021\/05\/NY6A3318-300x200.jpg 300w, https:\/\/www.myplacehotel.it\/wp-content\/uploads\/2021\/05\/NY6A3318-768x512.jpg 768w, https:\/\/www.myplacehotel.it\/wp-content\/uploads\/2021\/05\/NY6A3318-1536x1024.jpg 1536w, https:\/\/www.myplacehotel.it\/wp-content\/uploads\/2021\/05\/NY6A3318-2048x1365.jpg 2048w\" sizes=\"(max-width: 1024px) 100vw, 1024px\" \/><\/figure>\n\n\n\n<figure class=\"wp-block-image size-large\"><img decoding=\"async\" width=\"1000\" height=\"678\" data-id=\"471\" src=\"https:\/\/www.myplacehotel.it\/wp-content\/uploads\/2021\/05\/ristorante-colazione-1.jpg\" alt=\"\" class=\"wp-image-471\" srcset=\"https:\/\/www.myplacehotel.it\/wp-content\/uploads\/2021\/05\/ristorante-colazione-1.jpg 1000w, https:\/\/www.myplacehotel.it\/wp-content\/uploads\/2021\/05\/ristorante-colazione-1-300x203.jpg 300w, https:\/\/www.myplacehotel.it\/wp-content\/uploads\/2021\/05\/ristorante-colazione-1-768x521.jpg 768w\" sizes=\"(max-width: 1000px) 100vw, 1000px\" \/><\/figure>\n\n\n\n<figure class=\"wp-block-image size-large\"><img decoding=\"async\" width=\"611\" height=\"917\" data-id=\"105\" src=\"https:\/\/www.myplacehotel.it\/wp-content\/uploads\/2021\/05\/900x917-138_8494_183642-1.jpg-1.jpg\" alt=\"\" class=\"wp-image-105\" srcset=\"https:\/\/www.myplacehotel.it\/wp-content\/uploads\/2021\/05\/900x917-138_8494_183642-1.jpg-1.jpg 611w, https:\/\/www.myplacehotel.it\/wp-content\/uploads\/2021\/05\/900x917-138_8494_183642-1.jpg-1-200x300.jpg 200w\" sizes=\"(max-width: 611px) 100vw, 611px\" \/><\/figure>\n<\/figure>\n","protected":false},"excerpt":{"rendered":"<p>Fr\u00fchst\u00fcck Hier im My Place Hotel verw\u00f6hnen wir unsere G\u00e4ste gerne von dem Moment an, an dem sie erwachen.Das herzhafte Buffet bietet eine Auswahl an Wurst- und K\u00e4sesorten aus der Romagna, herzhafte Pasteten aus unserer K\u00fcche und Toasts, die Sie nach Belieben belegen k\u00f6nnen. Zu allem gibt es erstklassigen Kaffee, S\u00e4fte und t\u00e4glich frisches Obst. [&hellip;]<\/p>\n","protected":false},"author":1,"featured_media":1633,"parent":0,"menu_order":0,"comment_status":"closed","ping_status":"closed","template":"","meta":{"_acf_changed":false,"footnotes":""},"class_list":["post-1138","page","type-page","status-publish","has-post-thumbnail","hentry"],"acf":[],"yoast_head":"<!-- This site is optimized with the Yoast SEO plugin v27.0 - https:\/\/yoast.com\/product\/yoast-seo-wordpress\/ -->\n<title>Breakfast &amp; Restaurant - My Place Hotel<\/title>\n<meta name=\"robots\" content=\"index, follow, max-snippet:-1, max-image-preview:large, max-video-preview:-1\" \/>\n<link rel=\"canonical\" href=\"https:\/\/www.myplacehotel.it\/de\/breakfast-restaurant\/\" \/>\n<meta property=\"og:locale\" content=\"de_DE\" \/>\n<meta property=\"og:type\" content=\"article\" \/>\n<meta property=\"og:title\" content=\"Breakfast &amp; Restaurant - My Place Hotel\" \/>\n<meta property=\"og:description\" content=\"Fr\u00fchst\u00fcck Hier im My Place Hotel verw\u00f6hnen wir unsere G\u00e4ste gerne von dem Moment an, an dem sie erwachen.Das herzhafte Buffet bietet eine Auswahl an Wurst- und K\u00e4sesorten aus der Romagna, herzhafte Pasteten aus unserer K\u00fcche und Toasts, die Sie nach Belieben belegen k\u00f6nnen. Zu allem gibt es erstklassigen Kaffee, S\u00e4fte und t\u00e4glich frisches Obst. [&hellip;]\" \/>\n<meta property=\"og:url\" content=\"https:\/\/www.myplacehotel.it\/de\/breakfast-restaurant\/\" \/>\n<meta property=\"og:site_name\" content=\"My Place Hotel\" \/>\n<meta property=\"article:modified_time\" content=\"2023-02-09T15:04:21+00:00\" \/>\n<meta property=\"og:image\" content=\"https:\/\/www.myplacehotel.it\/wp-content\/uploads\/2022\/03\/NY6A3308.jpg\" \/>\n\t<meta property=\"og:image:width\" content=\"2560\" \/>\n\t<meta property=\"og:image:height\" content=\"1707\" \/>\n\t<meta property=\"og:image:type\" content=\"image\/jpeg\" \/>\n<meta name=\"twitter:card\" content=\"summary_large_image\" \/>\n<meta name=\"twitter:label1\" content=\"Gesch\u00e4tzte Lesezeit\" \/>\n\t<meta name=\"twitter:data1\" content=\"2\u00a0Minuten\" \/>\n<script type=\"application\/ld+json\" class=\"yoast-schema-graph\">{\"@context\":\"https:\/\/schema.org\",\"@graph\":[{\"@type\":\"WebPage\",\"@id\":\"https:\/\/www.myplacehotel.it\/de\/breakfast-restaurant\/\",\"url\":\"https:\/\/www.myplacehotel.it\/de\/breakfast-restaurant\/\",\"name\":\"Breakfast & Restaurant - My Place Hotel\",\"isPartOf\":{\"@id\":\"https:\/\/www.myplacehotel.it\/de\/#website\"},\"primaryImageOfPage\":{\"@id\":\"https:\/\/www.myplacehotel.it\/de\/breakfast-restaurant\/#primaryimage\"},\"image\":{\"@id\":\"https:\/\/www.myplacehotel.it\/de\/breakfast-restaurant\/#primaryimage\"},\"thumbnailUrl\":\"https:\/\/www.myplacehotel.it\/wp-content\/uploads\/2023\/03\/1.png\",\"datePublished\":\"2022-03-30T09:47:46+00:00\",\"dateModified\":\"2023-02-09T15:04:21+00:00\",\"breadcrumb\":{\"@id\":\"https:\/\/www.myplacehotel.it\/de\/breakfast-restaurant\/#breadcrumb\"},\"inLanguage\":\"de\",\"potentialAction\":[{\"@type\":\"ReadAction\",\"target\":[\"https:\/\/www.myplacehotel.it\/de\/breakfast-restaurant\/\"]}]},{\"@type\":\"ImageObject\",\"inLanguage\":\"de\",\"@id\":\"https:\/\/www.myplacehotel.it\/de\/breakfast-restaurant\/#primaryimage\",\"url\":\"https:\/\/www.myplacehotel.it\/wp-content\/uploads\/2023\/03\/1.png\",\"contentUrl\":\"https:\/\/www.myplacehotel.it\/wp-content\/uploads\/2023\/03\/1.png\",\"width\":1600,\"height\":900},{\"@type\":\"BreadcrumbList\",\"@id\":\"https:\/\/www.myplacehotel.it\/de\/breakfast-restaurant\/#breadcrumb\",\"itemListElement\":[{\"@type\":\"ListItem\",\"position\":1,\"name\":\"Home\",\"item\":\"https:\/\/www.myplacehotel.it\/de\/\"},{\"@type\":\"ListItem\",\"position\":2,\"name\":\"Breakfast &#038; Restaurant\"}]},{\"@type\":\"WebSite\",\"@id\":\"https:\/\/www.myplacehotel.it\/de\/#website\",\"url\":\"https:\/\/www.myplacehotel.it\/de\/\",\"name\":\"My Place Hotel\",\"description\":\"\",\"potentialAction\":[{\"@type\":\"SearchAction\",\"target\":{\"@type\":\"EntryPoint\",\"urlTemplate\":\"https:\/\/www.myplacehotel.it\/de\/?s={search_term_string}\"},\"query-input\":{\"@type\":\"PropertyValueSpecification\",\"valueRequired\":true,\"valueName\":\"search_term_string\"}}],\"inLanguage\":\"de\"}]}<\/script>\n<!-- \/ Yoast SEO plugin. -->","yoast_head_json":{"title":"Breakfast & Restaurant - My Place Hotel","robots":{"index":"index","follow":"follow","max-snippet":"max-snippet:-1","max-image-preview":"max-image-preview:large","max-video-preview":"max-video-preview:-1"},"canonical":"https:\/\/www.myplacehotel.it\/de\/breakfast-restaurant\/","og_locale":"de_DE","og_type":"article","og_title":"Breakfast & Restaurant - My Place Hotel","og_description":"Fr\u00fchst\u00fcck Hier im My Place Hotel verw\u00f6hnen wir unsere G\u00e4ste gerne von dem Moment an, an dem sie erwachen.Das herzhafte Buffet bietet eine Auswahl an Wurst- und K\u00e4sesorten aus der Romagna, herzhafte Pasteten aus unserer K\u00fcche und Toasts, die Sie nach Belieben belegen k\u00f6nnen. Zu allem gibt es erstklassigen Kaffee, S\u00e4fte und t\u00e4glich frisches Obst. [&hellip;]","og_url":"https:\/\/www.myplacehotel.it\/de\/breakfast-restaurant\/","og_site_name":"My Place Hotel","article_modified_time":"2023-02-09T15:04:21+00:00","og_image":[{"width":2560,"height":1707,"url":"https:\/\/www.myplacehotel.it\/wp-content\/uploads\/2022\/03\/NY6A3308.jpg","type":"image\/jpeg"}],"twitter_card":"summary_large_image","twitter_misc":{"Gesch\u00e4tzte Lesezeit":"2\u00a0Minuten"},"schema":{"@context":"https:\/\/schema.org","@graph":[{"@type":"WebPage","@id":"https:\/\/www.myplacehotel.it\/de\/breakfast-restaurant\/","url":"https:\/\/www.myplacehotel.it\/de\/breakfast-restaurant\/","name":"Breakfast & Restaurant - My Place Hotel","isPartOf":{"@id":"https:\/\/www.myplacehotel.it\/de\/#website"},"primaryImageOfPage":{"@id":"https:\/\/www.myplacehotel.it\/de\/breakfast-restaurant\/#primaryimage"},"image":{"@id":"https:\/\/www.myplacehotel.it\/de\/breakfast-restaurant\/#primaryimage"},"thumbnailUrl":"https:\/\/www.myplacehotel.it\/wp-content\/uploads\/2023\/03\/1.png","datePublished":"2022-03-30T09:47:46+00:00","dateModified":"2023-02-09T15:04:21+00:00","breadcrumb":{"@id":"https:\/\/www.myplacehotel.it\/de\/breakfast-restaurant\/#breadcrumb"},"inLanguage":"de","potentialAction":[{"@type":"ReadAction","target":["https:\/\/www.myplacehotel.it\/de\/breakfast-restaurant\/"]}]},{"@type":"ImageObject","inLanguage":"de","@id":"https:\/\/www.myplacehotel.it\/de\/breakfast-restaurant\/#primaryimage","url":"https:\/\/www.myplacehotel.it\/wp-content\/uploads\/2023\/03\/1.png","contentUrl":"https:\/\/www.myplacehotel.it\/wp-content\/uploads\/2023\/03\/1.png","width":1600,"height":900},{"@type":"BreadcrumbList","@id":"https:\/\/www.myplacehotel.it\/de\/breakfast-restaurant\/#breadcrumb","itemListElement":[{"@type":"ListItem","position":1,"name":"Home","item":"https:\/\/www.myplacehotel.it\/de\/"},{"@type":"ListItem","position":2,"name":"Breakfast &#038; Restaurant"}]},{"@type":"WebSite","@id":"https:\/\/www.myplacehotel.it\/de\/#website","url":"https:\/\/www.myplacehotel.it\/de\/","name":"My Place Hotel","description":"","potentialAction":[{"@type":"SearchAction","target":{"@type":"EntryPoint","urlTemplate":"https:\/\/www.myplacehotel.it\/de\/?s={search_term_string}"},"query-input":{"@type":"PropertyValueSpecification","valueRequired":true,"valueName":"search_term_string"}}],"inLanguage":"de"}]}},"_links":{"self":[{"href":"https:\/\/www.myplacehotel.it\/de\/wp-json\/wp\/v2\/pages\/1138","targetHints":{"allow":["GET"]}}],"collection":[{"href":"https:\/\/www.myplacehotel.it\/de\/wp-json\/wp\/v2\/pages"}],"about":[{"href":"https:\/\/www.myplacehotel.it\/de\/wp-json\/wp\/v2\/types\/page"}],"author":[{"embeddable":true,"href":"https:\/\/www.myplacehotel.it\/de\/wp-json\/wp\/v2\/users\/1"}],"replies":[{"embeddable":true,"href":"https:\/\/www.myplacehotel.it\/de\/wp-json\/wp\/v2\/comments?post=1138"}],"version-history":[{"count":2,"href":"https:\/\/www.myplacehotel.it\/de\/wp-json\/wp\/v2\/pages\/1138\/revisions"}],"predecessor-version":[{"id":1589,"href":"https:\/\/www.myplacehotel.it\/de\/wp-json\/wp\/v2\/pages\/1138\/revisions\/1589"}],"wp:featuredmedia":[{"embeddable":true,"href":"https:\/\/www.myplacehotel.it\/de\/wp-json\/wp\/v2\/media\/1633"}],"wp:attachment":[{"href":"https:\/\/www.myplacehotel.it\/de\/wp-json\/wp\/v2\/media?parent=1138"}],"curies":[{"name":"wp","href":"https:\/\/api.w.org\/{rel}","templated":true}]}}