{"id":1136,"date":"2022-03-30T11:46:05","date_gmt":"2022-03-30T09:46:05","guid":{"rendered":"https:\/\/www.myplacehotel.it\/?page_id=1136"},"modified":"2022-03-30T11:46:07","modified_gmt":"2022-03-30T09:46:07","slug":"my-place","status":"publish","type":"page","link":"https:\/\/www.myplacehotel.it\/de\/my-place\/","title":{"rendered":"My Place"},"content":{"rendered":"\n<p>Das My Place Hotel liegt nur wenige Schritte vom Meer entfernt; es ist umgeben von gr\u00fcner Natur in einer exklusiven Wohngegend von Marina Centro, 15 Gehminuten vom historischen Zentrum von Rimini und dem charmanten Dorf San Giuliano.<\/p>\n\n\n\n<div class=\"wp-block-columns is-layout-flex wp-container-core-columns-is-layout-9d6595d7 wp-block-columns-is-layout-flex\">\n<div class=\"wp-block-column wow slideInLeft is-layout-flow wp-block-column-is-layout-flow\">\n<p>Bei einem Spaziergang zwischen dem Hafen und dem Grand Hotel, zwischen dem Augustusbogen und der Tiberiusbr\u00fccke k\u00f6nnen Sie die Orte erkunden, die Federico Fellini am Herzen lagen, und dabei die Luft von Kunst, Kultur, Sch\u00f6nheit und\u2026 dem Meer einatmen!<\/p>\n\n\n\n<p>Sie haben die Wahl zwischen \u00dcbernachtung mit Fr\u00fchst\u00fcck, Halbpension oder Vollpension.<\/p>\n\n\n\n<p>Unser Hotel verf\u00fcgt \u00fcber einen geschlossenen Parkplatz, bietet die M\u00f6glichkeit, Fahrr\u00e4der zu mieten und verf\u00fcgt \u00fcber einen Swimmingpool mit Solarium, wo Sie Ihren Aufenthalt in v\u00f6lliger Entspannung genie\u00dfen k\u00f6nnen.<\/p>\n<\/div>\n\n\n\n<div class=\"wp-block-column wow slideInRight is-layout-flow wp-block-column-is-layout-flow\">\n<figure class=\"wp-block-image size-large\"><img fetchpriority=\"high\" decoding=\"async\" width=\"1024\" height=\"614\" src=\"https:\/\/www.myplacehotel.it\/wp-content\/uploads\/2022\/02\/2022-hotel-esterno-1024x614.jpg\" alt=\"\" class=\"wp-image-795\" srcset=\"https:\/\/www.myplacehotel.it\/wp-content\/uploads\/2022\/02\/2022-hotel-esterno-1024x614.jpg 1024w, https:\/\/www.myplacehotel.it\/wp-content\/uploads\/2022\/02\/2022-hotel-esterno-300x180.jpg 300w, https:\/\/www.myplacehotel.it\/wp-content\/uploads\/2022\/02\/2022-hotel-esterno-768x461.jpg 768w, https:\/\/www.myplacehotel.it\/wp-content\/uploads\/2022\/02\/2022-hotel-esterno-1600x960.jpg 1600w, https:\/\/www.myplacehotel.it\/wp-content\/uploads\/2022\/02\/2022-hotel-esterno-1536x922.jpg 1536w, https:\/\/www.myplacehotel.it\/wp-content\/uploads\/2022\/02\/2022-hotel-esterno-2048x1229.jpg 2048w\" sizes=\"(max-width: 1024px) 100vw, 1024px\" \/><\/figure>\n<\/div>\n<\/div>\n\n\n\n<figure class=\"wp-block-gallery has-nested-images columns-default is-cropped wp-block-gallery-1 is-layout-flex wp-block-gallery-is-layout-flex\">\n<figure class=\"wp-block-image size-large\"><img decoding=\"async\" width=\"1024\" height=\"726\" data-id=\"667\" src=\"https:\/\/www.myplacehotel.it\/wp-content\/uploads\/2021\/05\/COCCINELLA-001B-1024x726.jpg\" alt=\"\" class=\"wp-image-667\" srcset=\"https:\/\/www.myplacehotel.it\/wp-content\/uploads\/2021\/05\/COCCINELLA-001B-1024x726.jpg 1024w, https:\/\/www.myplacehotel.it\/wp-content\/uploads\/2021\/05\/COCCINELLA-001B-300x213.jpg 300w, https:\/\/www.myplacehotel.it\/wp-content\/uploads\/2021\/05\/COCCINELLA-001B-768x544.jpg 768w, https:\/\/www.myplacehotel.it\/wp-content\/uploads\/2021\/05\/COCCINELLA-001B-1536x1089.jpg 1536w, https:\/\/www.myplacehotel.it\/wp-content\/uploads\/2021\/05\/COCCINELLA-001B-2048x1452.jpg 2048w\" sizes=\"(max-width: 1024px) 100vw, 1024px\" \/><\/figure>\n\n\n\n<figure class=\"wp-block-image size-large\"><img decoding=\"async\" width=\"1000\" height=\"833\" data-id=\"403\" src=\"https:\/\/www.myplacehotel.it\/wp-content\/uploads\/2021\/05\/camera-.jpg\" alt=\"\" class=\"wp-image-403\" srcset=\"https:\/\/www.myplacehotel.it\/wp-content\/uploads\/2021\/05\/camera-.jpg 1000w, https:\/\/www.myplacehotel.it\/wp-content\/uploads\/2021\/05\/camera--300x250.jpg 300w, https:\/\/www.myplacehotel.it\/wp-content\/uploads\/2021\/05\/camera--768x640.jpg 768w\" sizes=\"(max-width: 1000px) 100vw, 1000px\" \/><\/figure>\n\n\n\n<figure class=\"wp-block-image size-large\"><img loading=\"lazy\" decoding=\"async\" width=\"768\" height=\"1024\" data-id=\"821\" src=\"https:\/\/www.myplacehotel.it\/wp-content\/uploads\/2022\/02\/ee34cc7f-df72-4cdb-8003-2e229b03b23c-768x1024.jpg\" alt=\"\" class=\"wp-image-821\" srcset=\"https:\/\/www.myplacehotel.it\/wp-content\/uploads\/2022\/02\/ee34cc7f-df72-4cdb-8003-2e229b03b23c-768x1024.jpg 768w, https:\/\/www.myplacehotel.it\/wp-content\/uploads\/2022\/02\/ee34cc7f-df72-4cdb-8003-2e229b03b23c-225x300.jpg 225w, https:\/\/www.myplacehotel.it\/wp-content\/uploads\/2022\/02\/ee34cc7f-df72-4cdb-8003-2e229b03b23c-1152x1536.jpg 1152w, https:\/\/www.myplacehotel.it\/wp-content\/uploads\/2022\/02\/ee34cc7f-df72-4cdb-8003-2e229b03b23c.jpg 1200w\" sizes=\"(max-width: 768px) 100vw, 768px\" \/><\/figure>\n<\/figure>\n","protected":false},"excerpt":{"rendered":"<p>Das My Place Hotel liegt nur wenige Schritte vom Meer entfernt; es ist umgeben von gr\u00fcner Natur in einer exklusiven Wohngegend von Marina Centro, 15 Gehminuten vom historischen Zentrum von Rimini und dem charmanten Dorf San Giuliano. Bei einem Spaziergang zwischen dem Hafen und dem Grand Hotel, zwischen dem Augustusbogen und der Tiberiusbr\u00fccke k\u00f6nnen Sie [&hellip;]<\/p>\n","protected":false},"author":1,"featured_media":795,"parent":0,"menu_order":0,"comment_status":"closed","ping_status":"closed","template":"","meta":{"_acf_changed":false,"footnotes":""},"class_list":["post-1136","page","type-page","status-publish","has-post-thumbnail","hentry"],"acf":[],"yoast_head":"<!-- This site is optimized with the Yoast SEO plugin v27.0 - https:\/\/yoast.com\/product\/yoast-seo-wordpress\/ -->\n<title>My Place - My Place Hotel<\/title>\n<meta name=\"robots\" content=\"index, follow, max-snippet:-1, max-image-preview:large, max-video-preview:-1\" \/>\n<link rel=\"canonical\" href=\"https:\/\/www.myplacehotel.it\/de\/my-place\/\" \/>\n<meta property=\"og:locale\" content=\"de_DE\" \/>\n<meta property=\"og:type\" content=\"article\" \/>\n<meta property=\"og:title\" content=\"My Place - My Place Hotel\" \/>\n<meta property=\"og:description\" content=\"Das My Place Hotel liegt nur wenige Schritte vom Meer entfernt; es ist umgeben von gr\u00fcner Natur in einer exklusiven Wohngegend von Marina Centro, 15 Gehminuten vom historischen Zentrum von Rimini und dem charmanten Dorf San Giuliano. Bei einem Spaziergang zwischen dem Hafen und dem Grand Hotel, zwischen dem Augustusbogen und der Tiberiusbr\u00fccke k\u00f6nnen Sie [&hellip;]\" \/>\n<meta property=\"og:url\" content=\"https:\/\/www.myplacehotel.it\/de\/my-place\/\" \/>\n<meta property=\"og:site_name\" content=\"My Place Hotel\" \/>\n<meta property=\"article:modified_time\" content=\"2022-03-30T09:46:07+00:00\" \/>\n<meta property=\"og:image\" content=\"https:\/\/www.myplacehotel.it\/wp-content\/uploads\/2022\/02\/2022-hotel-esterno.jpg\" \/>\n\t<meta property=\"og:image:width\" content=\"2480\" \/>\n\t<meta property=\"og:image:height\" content=\"1488\" \/>\n\t<meta property=\"og:image:type\" content=\"image\/jpeg\" \/>\n<meta name=\"twitter:card\" content=\"summary_large_image\" \/>\n<meta name=\"twitter:label1\" content=\"Gesch\u00e4tzte Lesezeit\" \/>\n\t<meta name=\"twitter:data1\" content=\"2\u00a0Minuten\" \/>\n<script type=\"application\/ld+json\" class=\"yoast-schema-graph\">{\"@context\":\"https:\/\/schema.org\",\"@graph\":[{\"@type\":\"WebPage\",\"@id\":\"https:\/\/www.myplacehotel.it\/de\/my-place\/\",\"url\":\"https:\/\/www.myplacehotel.it\/de\/my-place\/\",\"name\":\"My Place - My Place Hotel\",\"isPartOf\":{\"@id\":\"https:\/\/www.myplacehotel.it\/de\/#website\"},\"primaryImageOfPage\":{\"@id\":\"https:\/\/www.myplacehotel.it\/de\/my-place\/#primaryimage\"},\"image\":{\"@id\":\"https:\/\/www.myplacehotel.it\/de\/my-place\/#primaryimage\"},\"thumbnailUrl\":\"https:\/\/www.myplacehotel.it\/wp-content\/uploads\/2022\/02\/2022-hotel-esterno.jpg\",\"datePublished\":\"2022-03-30T09:46:05+00:00\",\"dateModified\":\"2022-03-30T09:46:07+00:00\",\"breadcrumb\":{\"@id\":\"https:\/\/www.myplacehotel.it\/de\/my-place\/#breadcrumb\"},\"inLanguage\":\"de\",\"potentialAction\":[{\"@type\":\"ReadAction\",\"target\":[\"https:\/\/www.myplacehotel.it\/de\/my-place\/\"]}]},{\"@type\":\"ImageObject\",\"inLanguage\":\"de\",\"@id\":\"https:\/\/www.myplacehotel.it\/de\/my-place\/#primaryimage\",\"url\":\"https:\/\/www.myplacehotel.it\/wp-content\/uploads\/2022\/02\/2022-hotel-esterno.jpg\",\"contentUrl\":\"https:\/\/www.myplacehotel.it\/wp-content\/uploads\/2022\/02\/2022-hotel-esterno.jpg\",\"width\":2480,\"height\":1488},{\"@type\":\"BreadcrumbList\",\"@id\":\"https:\/\/www.myplacehotel.it\/de\/my-place\/#breadcrumb\",\"itemListElement\":[{\"@type\":\"ListItem\",\"position\":1,\"name\":\"Home\",\"item\":\"https:\/\/www.myplacehotel.it\/de\/\"},{\"@type\":\"ListItem\",\"position\":2,\"name\":\"My Place\"}]},{\"@type\":\"WebSite\",\"@id\":\"https:\/\/www.myplacehotel.it\/de\/#website\",\"url\":\"https:\/\/www.myplacehotel.it\/de\/\",\"name\":\"My Place Hotel\",\"description\":\"\",\"potentialAction\":[{\"@type\":\"SearchAction\",\"target\":{\"@type\":\"EntryPoint\",\"urlTemplate\":\"https:\/\/www.myplacehotel.it\/de\/?s={search_term_string}\"},\"query-input\":{\"@type\":\"PropertyValueSpecification\",\"valueRequired\":true,\"valueName\":\"search_term_string\"}}],\"inLanguage\":\"de\"}]}<\/script>\n<!-- \/ Yoast SEO plugin. -->","yoast_head_json":{"title":"My Place - My Place Hotel","robots":{"index":"index","follow":"follow","max-snippet":"max-snippet:-1","max-image-preview":"max-image-preview:large","max-video-preview":"max-video-preview:-1"},"canonical":"https:\/\/www.myplacehotel.it\/de\/my-place\/","og_locale":"de_DE","og_type":"article","og_title":"My Place - My Place Hotel","og_description":"Das My Place Hotel liegt nur wenige Schritte vom Meer entfernt; es ist umgeben von gr\u00fcner Natur in einer exklusiven Wohngegend von Marina Centro, 15 Gehminuten vom historischen Zentrum von Rimini und dem charmanten Dorf San Giuliano. Bei einem Spaziergang zwischen dem Hafen und dem Grand Hotel, zwischen dem Augustusbogen und der Tiberiusbr\u00fccke k\u00f6nnen Sie [&hellip;]","og_url":"https:\/\/www.myplacehotel.it\/de\/my-place\/","og_site_name":"My Place Hotel","article_modified_time":"2022-03-30T09:46:07+00:00","og_image":[{"width":2480,"height":1488,"url":"https:\/\/www.myplacehotel.it\/wp-content\/uploads\/2022\/02\/2022-hotel-esterno.jpg","type":"image\/jpeg"}],"twitter_card":"summary_large_image","twitter_misc":{"Gesch\u00e4tzte Lesezeit":"2\u00a0Minuten"},"schema":{"@context":"https:\/\/schema.org","@graph":[{"@type":"WebPage","@id":"https:\/\/www.myplacehotel.it\/de\/my-place\/","url":"https:\/\/www.myplacehotel.it\/de\/my-place\/","name":"My Place - My Place Hotel","isPartOf":{"@id":"https:\/\/www.myplacehotel.it\/de\/#website"},"primaryImageOfPage":{"@id":"https:\/\/www.myplacehotel.it\/de\/my-place\/#primaryimage"},"image":{"@id":"https:\/\/www.myplacehotel.it\/de\/my-place\/#primaryimage"},"thumbnailUrl":"https:\/\/www.myplacehotel.it\/wp-content\/uploads\/2022\/02\/2022-hotel-esterno.jpg","datePublished":"2022-03-30T09:46:05+00:00","dateModified":"2022-03-30T09:46:07+00:00","breadcrumb":{"@id":"https:\/\/www.myplacehotel.it\/de\/my-place\/#breadcrumb"},"inLanguage":"de","potentialAction":[{"@type":"ReadAction","target":["https:\/\/www.myplacehotel.it\/de\/my-place\/"]}]},{"@type":"ImageObject","inLanguage":"de","@id":"https:\/\/www.myplacehotel.it\/de\/my-place\/#primaryimage","url":"https:\/\/www.myplacehotel.it\/wp-content\/uploads\/2022\/02\/2022-hotel-esterno.jpg","contentUrl":"https:\/\/www.myplacehotel.it\/wp-content\/uploads\/2022\/02\/2022-hotel-esterno.jpg","width":2480,"height":1488},{"@type":"BreadcrumbList","@id":"https:\/\/www.myplacehotel.it\/de\/my-place\/#breadcrumb","itemListElement":[{"@type":"ListItem","position":1,"name":"Home","item":"https:\/\/www.myplacehotel.it\/de\/"},{"@type":"ListItem","position":2,"name":"My Place"}]},{"@type":"WebSite","@id":"https:\/\/www.myplacehotel.it\/de\/#website","url":"https:\/\/www.myplacehotel.it\/de\/","name":"My Place Hotel","description":"","potentialAction":[{"@type":"SearchAction","target":{"@type":"EntryPoint","urlTemplate":"https:\/\/www.myplacehotel.it\/de\/?s={search_term_string}"},"query-input":{"@type":"PropertyValueSpecification","valueRequired":true,"valueName":"search_term_string"}}],"inLanguage":"de"}]}},"_links":{"self":[{"href":"https:\/\/www.myplacehotel.it\/de\/wp-json\/wp\/v2\/pages\/1136","targetHints":{"allow":["GET"]}}],"collection":[{"href":"https:\/\/www.myplacehotel.it\/de\/wp-json\/wp\/v2\/pages"}],"about":[{"href":"https:\/\/www.myplacehotel.it\/de\/wp-json\/wp\/v2\/types\/page"}],"author":[{"embeddable":true,"href":"https:\/\/www.myplacehotel.it\/de\/wp-json\/wp\/v2\/users\/1"}],"replies":[{"embeddable":true,"href":"https:\/\/www.myplacehotel.it\/de\/wp-json\/wp\/v2\/comments?post=1136"}],"version-history":[{"count":1,"href":"https:\/\/www.myplacehotel.it\/de\/wp-json\/wp\/v2\/pages\/1136\/revisions"}],"predecessor-version":[{"id":1137,"href":"https:\/\/www.myplacehotel.it\/de\/wp-json\/wp\/v2\/pages\/1136\/revisions\/1137"}],"wp:featuredmedia":[{"embeddable":true,"href":"https:\/\/www.myplacehotel.it\/de\/wp-json\/wp\/v2\/media\/795"}],"wp:attachment":[{"href":"https:\/\/www.myplacehotel.it\/de\/wp-json\/wp\/v2\/media?parent=1136"}],"curies":[{"name":"wp","href":"https:\/\/api.w.org\/{rel}","templated":true}]}}