{"id":1128,"date":"2022-03-30T11:32:28","date_gmt":"2022-03-30T09:32:28","guid":{"rendered":"https:\/\/www.myplacehotel.it\/?page_id=1128"},"modified":"2022-03-30T11:32:30","modified_gmt":"2022-03-30T09:32:30","slug":"gesicherter-aufenthalt","status":"publish","type":"page","link":"https:\/\/www.myplacehotel.it\/de\/gesicherter-aufenthalt\/","title":{"rendered":"Gesicherter Aufenthalt"},"content":{"rendered":"\n<div class=\"wp-block-columns is-layout-flex wp-container-core-columns-is-layout-9d6595d7 wp-block-columns-is-layout-flex\">\n<div class=\"wp-block-column wow slideInLeft is-layout-flow wp-block-column-is-layout-flow\">\n<h3 class=\"wp-block-heading\">Sichern Sie Ihre Reservierung mit unserer Versicherung ab<\/h3>\n\n\n\n<p>Im Hotel My Place haben wir uns schon immer um die Gesundheit und Sicherheit unserer G\u00e4ste gek\u00fcmmert.<\/p>\n\n\n\n<p>Deshalb bieten wir seit einigen Jahren in Zusammenarbeit mit der Allianz Insurance die Allianz Global Assistance* an, den Versicherungsschutz f\u00fcr diejenigen, die in aller Sicherheit und Gelassenheit in den Urlaub fahren m\u00f6chten.<\/p>\n\n\n\n<p>Durch die Aktivierung der Versicherung mit nur 3% der Anzahlung sch\u00fctzen Sie das, was Sie als Anzahlung oder Vorauszahlung geleistet haben, im Falle von:<\/p>\n\n\n\n<ul class=\"wp-block-list\"><li>Nicht-Ankunft<\/li><li>Unterbrechung Ihres Aufenthalts aus irgendeinem Grund<\/li><li>versp\u00e4teter Ankunft in unserem Hotel<\/li><\/ul>\n<\/div>\n\n\n\n<div class=\"wp-block-column wow slideInRight is-layout-flow wp-block-column-is-layout-flow\">\n<figure class=\"wp-block-image size-large\"><img fetchpriority=\"high\" decoding=\"async\" width=\"800\" height=\"534\" src=\"https:\/\/www.myplacehotel.it\/wp-content\/uploads\/2021\/05\/soggiorno-sicuro-1.jpg\" alt=\"\" class=\"wp-image-508\" srcset=\"https:\/\/www.myplacehotel.it\/wp-content\/uploads\/2021\/05\/soggiorno-sicuro-1.jpg 800w, https:\/\/www.myplacehotel.it\/wp-content\/uploads\/2021\/05\/soggiorno-sicuro-1-300x200.jpg 300w, https:\/\/www.myplacehotel.it\/wp-content\/uploads\/2021\/05\/soggiorno-sicuro-1-768x513.jpg 768w\" sizes=\"(max-width: 800px) 100vw, 800px\" \/><\/figure>\n<\/div>\n<\/div>\n\n\n\n<div class=\"wp-block-columns is-layout-flex wp-container-core-columns-is-layout-9d6595d7 wp-block-columns-is-layout-flex\">\n<div class=\"wp-block-column wow slideInLeft is-layout-flow wp-block-column-is-layout-flow\">\n<figure class=\"wp-block-image size-large\"><img decoding=\"async\" width=\"785\" height=\"525\" src=\"https:\/\/www.myplacehotel.it\/wp-content\/uploads\/2021\/05\/assicurazione-allianz.jpg\" alt=\"\" class=\"wp-image-504\" srcset=\"https:\/\/www.myplacehotel.it\/wp-content\/uploads\/2021\/05\/assicurazione-allianz.jpg 785w, https:\/\/www.myplacehotel.it\/wp-content\/uploads\/2021\/05\/assicurazione-allianz-300x201.jpg 300w, https:\/\/www.myplacehotel.it\/wp-content\/uploads\/2021\/05\/assicurazione-allianz-768x514.jpg 768w\" sizes=\"(max-width: 785px) 100vw, 785px\" \/><\/figure>\n<\/div>\n\n\n\n<div class=\"wp-block-column wow slideInRight is-layout-flow wp-block-column-is-layout-flow\">\n<h3 class=\"wp-block-heading\">Booking Protection<\/h3>\n\n\n\n<p>Diese Versicherung dient der Erstattung von Kosten, die entstehen, wenn der Gast den geplanten Urlaub stornieren, seinen Beginn verschieben oder ihn vorzeitig beenden muss aufgrund von:<\/p>\n\n\n\n<ul class=\"wp-block-list\"><li>schwerer Krankheit<\/li><li>Verletzung des Gastes oder eines Familienmitglieds<\/li><li>Schwierigkeiten, das Hotel zu erreichen<\/li><\/ul>\n\n\n\n<h3 class=\"wp-block-heading\">Booking Protection Plus<\/h3>\n\n\n\n<p>Es handelt sich um eine Versicherungspolice, die den grundlegenden Reservierungsschutz und zus\u00e4tzliche Leistungen umfasst. Dazu geh\u00f6ren: telefonisch medizinischer Beistand f\u00fcr Informationen und\/oder medizinische Beratung, kostenloser Einsatz eines Arztes, Transport zu ausgestatteten Einrichtungen und medizinischer R\u00fccktransport zum Wohnsitz des Versicherten.<\/p>\n<\/div>\n<\/div>\n\n\n\n<p class=\"has-text-align-center\"><strong>M\u00f6chten Sie mehr wissen?<br>Kontaktieren Sie uns, um Informationen anzufordern oder Ihr pers\u00f6nliches Angebot zu erhalten!<\/strong><\/p>\n\n\n\n<p class=\"has-text-align-center\"><em>*Der Versicherungsschutz von Allianz Global Assistance kann nicht f\u00fcr Versp\u00e4tungen, Nichtanreise oder Unterbrechungen des Aufenthalts aufgrund von Covid-19 in Anspruch genommen werden.<\/em><\/p>\n","protected":false},"excerpt":{"rendered":"<p>Sichern Sie Ihre Reservierung mit unserer Versicherung ab Im Hotel My Place haben wir uns schon immer um die Gesundheit und Sicherheit unserer G\u00e4ste gek\u00fcmmert. Deshalb bieten wir seit einigen Jahren in Zusammenarbeit mit der Allianz Insurance die Allianz Global Assistance* an, den Versicherungsschutz f\u00fcr diejenigen, die in aller Sicherheit und Gelassenheit in den Urlaub [&hellip;]<\/p>\n","protected":false},"author":1,"featured_media":319,"parent":0,"menu_order":0,"comment_status":"closed","ping_status":"closed","template":"","meta":{"_acf_changed":false,"footnotes":""},"class_list":["post-1128","page","type-page","status-publish","has-post-thumbnail","hentry"],"acf":[],"yoast_head":"<!-- This site is optimized with the Yoast SEO plugin v27.0 - https:\/\/yoast.com\/product\/yoast-seo-wordpress\/ -->\n<title>Gesicherter Aufenthalt - My Place Hotel<\/title>\n<meta name=\"robots\" content=\"index, follow, max-snippet:-1, max-image-preview:large, max-video-preview:-1\" \/>\n<link rel=\"canonical\" href=\"https:\/\/www.myplacehotel.it\/de\/gesicherter-aufenthalt\/\" \/>\n<meta property=\"og:locale\" content=\"de_DE\" \/>\n<meta property=\"og:type\" content=\"article\" \/>\n<meta property=\"og:title\" content=\"Gesicherter Aufenthalt - My Place Hotel\" \/>\n<meta property=\"og:description\" content=\"Sichern Sie Ihre Reservierung mit unserer Versicherung ab Im Hotel My Place haben wir uns schon immer um die Gesundheit und Sicherheit unserer G\u00e4ste gek\u00fcmmert. Deshalb bieten wir seit einigen Jahren in Zusammenarbeit mit der Allianz Insurance die Allianz Global Assistance* an, den Versicherungsschutz f\u00fcr diejenigen, die in aller Sicherheit und Gelassenheit in den Urlaub [&hellip;]\" \/>\n<meta property=\"og:url\" content=\"https:\/\/www.myplacehotel.it\/de\/gesicherter-aufenthalt\/\" \/>\n<meta property=\"og:site_name\" content=\"My Place Hotel\" \/>\n<meta property=\"article:modified_time\" content=\"2022-03-30T09:32:30+00:00\" \/>\n<meta property=\"og:image\" content=\"https:\/\/www.myplacehotel.it\/wp-content\/uploads\/2021\/05\/soggiorno-sicuro.jpg\" \/>\n\t<meta property=\"og:image:width\" content=\"1920\" \/>\n\t<meta property=\"og:image:height\" content=\"1282\" \/>\n\t<meta property=\"og:image:type\" content=\"image\/jpeg\" \/>\n<meta name=\"twitter:card\" content=\"summary_large_image\" \/>\n<meta name=\"twitter:label1\" content=\"Gesch\u00e4tzte Lesezeit\" \/>\n\t<meta name=\"twitter:data1\" content=\"2\u00a0Minuten\" \/>\n<script type=\"application\/ld+json\" class=\"yoast-schema-graph\">{\"@context\":\"https:\/\/schema.org\",\"@graph\":[{\"@type\":\"WebPage\",\"@id\":\"https:\/\/www.myplacehotel.it\/de\/gesicherter-aufenthalt\/\",\"url\":\"https:\/\/www.myplacehotel.it\/de\/gesicherter-aufenthalt\/\",\"name\":\"Gesicherter Aufenthalt - My Place Hotel\",\"isPartOf\":{\"@id\":\"https:\/\/www.myplacehotel.it\/de\/#website\"},\"primaryImageOfPage\":{\"@id\":\"https:\/\/www.myplacehotel.it\/de\/gesicherter-aufenthalt\/#primaryimage\"},\"image\":{\"@id\":\"https:\/\/www.myplacehotel.it\/de\/gesicherter-aufenthalt\/#primaryimage\"},\"thumbnailUrl\":\"https:\/\/www.myplacehotel.it\/wp-content\/uploads\/2021\/05\/soggiorno-sicuro.jpg\",\"datePublished\":\"2022-03-30T09:32:28+00:00\",\"dateModified\":\"2022-03-30T09:32:30+00:00\",\"breadcrumb\":{\"@id\":\"https:\/\/www.myplacehotel.it\/de\/gesicherter-aufenthalt\/#breadcrumb\"},\"inLanguage\":\"de\",\"potentialAction\":[{\"@type\":\"ReadAction\",\"target\":[\"https:\/\/www.myplacehotel.it\/de\/gesicherter-aufenthalt\/\"]}]},{\"@type\":\"ImageObject\",\"inLanguage\":\"de\",\"@id\":\"https:\/\/www.myplacehotel.it\/de\/gesicherter-aufenthalt\/#primaryimage\",\"url\":\"https:\/\/www.myplacehotel.it\/wp-content\/uploads\/2021\/05\/soggiorno-sicuro.jpg\",\"contentUrl\":\"https:\/\/www.myplacehotel.it\/wp-content\/uploads\/2021\/05\/soggiorno-sicuro.jpg\",\"width\":1920,\"height\":1282},{\"@type\":\"BreadcrumbList\",\"@id\":\"https:\/\/www.myplacehotel.it\/de\/gesicherter-aufenthalt\/#breadcrumb\",\"itemListElement\":[{\"@type\":\"ListItem\",\"position\":1,\"name\":\"Home\",\"item\":\"https:\/\/www.myplacehotel.it\/de\/\"},{\"@type\":\"ListItem\",\"position\":2,\"name\":\"Gesicherter Aufenthalt\"}]},{\"@type\":\"WebSite\",\"@id\":\"https:\/\/www.myplacehotel.it\/de\/#website\",\"url\":\"https:\/\/www.myplacehotel.it\/de\/\",\"name\":\"My Place Hotel\",\"description\":\"\",\"potentialAction\":[{\"@type\":\"SearchAction\",\"target\":{\"@type\":\"EntryPoint\",\"urlTemplate\":\"https:\/\/www.myplacehotel.it\/de\/?s={search_term_string}\"},\"query-input\":{\"@type\":\"PropertyValueSpecification\",\"valueRequired\":true,\"valueName\":\"search_term_string\"}}],\"inLanguage\":\"de\"}]}<\/script>\n<!-- \/ Yoast SEO plugin. -->","yoast_head_json":{"title":"Gesicherter Aufenthalt - My Place Hotel","robots":{"index":"index","follow":"follow","max-snippet":"max-snippet:-1","max-image-preview":"max-image-preview:large","max-video-preview":"max-video-preview:-1"},"canonical":"https:\/\/www.myplacehotel.it\/de\/gesicherter-aufenthalt\/","og_locale":"de_DE","og_type":"article","og_title":"Gesicherter Aufenthalt - My Place Hotel","og_description":"Sichern Sie Ihre Reservierung mit unserer Versicherung ab Im Hotel My Place haben wir uns schon immer um die Gesundheit und Sicherheit unserer G\u00e4ste gek\u00fcmmert. Deshalb bieten wir seit einigen Jahren in Zusammenarbeit mit der Allianz Insurance die Allianz Global Assistance* an, den Versicherungsschutz f\u00fcr diejenigen, die in aller Sicherheit und Gelassenheit in den Urlaub [&hellip;]","og_url":"https:\/\/www.myplacehotel.it\/de\/gesicherter-aufenthalt\/","og_site_name":"My Place Hotel","article_modified_time":"2022-03-30T09:32:30+00:00","og_image":[{"width":1920,"height":1282,"url":"https:\/\/www.myplacehotel.it\/wp-content\/uploads\/2021\/05\/soggiorno-sicuro.jpg","type":"image\/jpeg"}],"twitter_card":"summary_large_image","twitter_misc":{"Gesch\u00e4tzte Lesezeit":"2\u00a0Minuten"},"schema":{"@context":"https:\/\/schema.org","@graph":[{"@type":"WebPage","@id":"https:\/\/www.myplacehotel.it\/de\/gesicherter-aufenthalt\/","url":"https:\/\/www.myplacehotel.it\/de\/gesicherter-aufenthalt\/","name":"Gesicherter Aufenthalt - My Place Hotel","isPartOf":{"@id":"https:\/\/www.myplacehotel.it\/de\/#website"},"primaryImageOfPage":{"@id":"https:\/\/www.myplacehotel.it\/de\/gesicherter-aufenthalt\/#primaryimage"},"image":{"@id":"https:\/\/www.myplacehotel.it\/de\/gesicherter-aufenthalt\/#primaryimage"},"thumbnailUrl":"https:\/\/www.myplacehotel.it\/wp-content\/uploads\/2021\/05\/soggiorno-sicuro.jpg","datePublished":"2022-03-30T09:32:28+00:00","dateModified":"2022-03-30T09:32:30+00:00","breadcrumb":{"@id":"https:\/\/www.myplacehotel.it\/de\/gesicherter-aufenthalt\/#breadcrumb"},"inLanguage":"de","potentialAction":[{"@type":"ReadAction","target":["https:\/\/www.myplacehotel.it\/de\/gesicherter-aufenthalt\/"]}]},{"@type":"ImageObject","inLanguage":"de","@id":"https:\/\/www.myplacehotel.it\/de\/gesicherter-aufenthalt\/#primaryimage","url":"https:\/\/www.myplacehotel.it\/wp-content\/uploads\/2021\/05\/soggiorno-sicuro.jpg","contentUrl":"https:\/\/www.myplacehotel.it\/wp-content\/uploads\/2021\/05\/soggiorno-sicuro.jpg","width":1920,"height":1282},{"@type":"BreadcrumbList","@id":"https:\/\/www.myplacehotel.it\/de\/gesicherter-aufenthalt\/#breadcrumb","itemListElement":[{"@type":"ListItem","position":1,"name":"Home","item":"https:\/\/www.myplacehotel.it\/de\/"},{"@type":"ListItem","position":2,"name":"Gesicherter Aufenthalt"}]},{"@type":"WebSite","@id":"https:\/\/www.myplacehotel.it\/de\/#website","url":"https:\/\/www.myplacehotel.it\/de\/","name":"My Place Hotel","description":"","potentialAction":[{"@type":"SearchAction","target":{"@type":"EntryPoint","urlTemplate":"https:\/\/www.myplacehotel.it\/de\/?s={search_term_string}"},"query-input":{"@type":"PropertyValueSpecification","valueRequired":true,"valueName":"search_term_string"}}],"inLanguage":"de"}]}},"_links":{"self":[{"href":"https:\/\/www.myplacehotel.it\/de\/wp-json\/wp\/v2\/pages\/1128","targetHints":{"allow":["GET"]}}],"collection":[{"href":"https:\/\/www.myplacehotel.it\/de\/wp-json\/wp\/v2\/pages"}],"about":[{"href":"https:\/\/www.myplacehotel.it\/de\/wp-json\/wp\/v2\/types\/page"}],"author":[{"embeddable":true,"href":"https:\/\/www.myplacehotel.it\/de\/wp-json\/wp\/v2\/users\/1"}],"replies":[{"embeddable":true,"href":"https:\/\/www.myplacehotel.it\/de\/wp-json\/wp\/v2\/comments?post=1128"}],"version-history":[{"count":1,"href":"https:\/\/www.myplacehotel.it\/de\/wp-json\/wp\/v2\/pages\/1128\/revisions"}],"predecessor-version":[{"id":1129,"href":"https:\/\/www.myplacehotel.it\/de\/wp-json\/wp\/v2\/pages\/1128\/revisions\/1129"}],"wp:featuredmedia":[{"embeddable":true,"href":"https:\/\/www.myplacehotel.it\/de\/wp-json\/wp\/v2\/media\/319"}],"wp:attachment":[{"href":"https:\/\/www.myplacehotel.it\/de\/wp-json\/wp\/v2\/media?parent=1128"}],"curies":[{"name":"wp","href":"https:\/\/api.w.org\/{rel}","templated":true}]}}