{"id":1126,"date":"2022-03-30T11:30:25","date_gmt":"2022-03-30T09:30:25","guid":{"rendered":"https:\/\/www.myplacehotel.it\/?page_id=1126"},"modified":"2023-02-09T16:04:48","modified_gmt":"2023-02-09T15:04:48","slug":"pool","status":"publish","type":"page","link":"https:\/\/www.myplacehotel.it\/de\/pool\/","title":{"rendered":"Pool"},"content":{"rendered":"\n<div class=\"wp-block-columns is-layout-flex wp-container-core-columns-is-layout-9d6595d7 wp-block-columns-is-layout-flex\">\n<div class=\"wp-block-column wow slideInLeft is-layout-flow wp-block-column-is-layout-flow\">\n<p><strong>Hotel mit Schwimmbad und Solarium in Rimini<\/strong><\/p>\n\n\n\n<p>In unserem von Gr\u00fcn umgebenen Swimmingpool k\u00f6nnen Sie sich entspannen, ein Sonnenbad nehmen, ein Buch lesen oder einen Cocktail trinken.<\/p>\n\n\n\n<p>Der Pool ist auch bei Kindern sehr beliebt, die hier spielen und Spa\u00df haben k\u00f6nnen.<\/p>\n\n\n\n<p>Wenn es richtig hei\u00df ist, gibt es nichts Besseres, als ein Bad im Pool in guter Gesellschaft zu nehmen, um K\u00f6rper und Geist zu erfrischen.<\/p>\n<\/div>\n<\/div>\n\n\n\n<figure class=\"wp-block-gallery has-nested-images columns-default is-cropped wp-block-gallery-1 is-layout-flex wp-block-gallery-is-layout-flex\">\n<figure class=\"wp-block-image size-large\"><img fetchpriority=\"high\" decoding=\"async\" width=\"1000\" height=\"665\" data-id=\"362\" src=\"https:\/\/www.myplacehotel.it\/wp-content\/uploads\/2021\/05\/pool03.jpg\" alt=\"\" class=\"wp-image-362\" srcset=\"https:\/\/www.myplacehotel.it\/wp-content\/uploads\/2021\/05\/pool03.jpg 1000w, https:\/\/www.myplacehotel.it\/wp-content\/uploads\/2021\/05\/pool03-300x200.jpg 300w, https:\/\/www.myplacehotel.it\/wp-content\/uploads\/2021\/05\/pool03-768x511.jpg 768w\" sizes=\"(max-width: 1000px) 100vw, 1000px\" \/><\/figure>\n\n\n\n<figure class=\"wp-block-image size-large\"><img decoding=\"async\" width=\"2000\" height=\"561\" data-id=\"366\" src=\"https:\/\/www.myplacehotel.it\/wp-content\/uploads\/2021\/05\/pool02.jpg\" alt=\"\" class=\"wp-image-366\" srcset=\"https:\/\/www.myplacehotel.it\/wp-content\/uploads\/2021\/05\/pool02.jpg 2000w, https:\/\/www.myplacehotel.it\/wp-content\/uploads\/2021\/05\/pool02-300x84.jpg 300w, https:\/\/www.myplacehotel.it\/wp-content\/uploads\/2021\/05\/pool02-1024x287.jpg 1024w, https:\/\/www.myplacehotel.it\/wp-content\/uploads\/2021\/05\/pool02-768x215.jpg 768w, https:\/\/www.myplacehotel.it\/wp-content\/uploads\/2021\/05\/pool02-1600x449.jpg 1600w, https:\/\/www.myplacehotel.it\/wp-content\/uploads\/2021\/05\/pool02-1536x431.jpg 1536w\" sizes=\"(max-width: 2000px) 100vw, 2000px\" \/><\/figure>\n<\/figure>\n","protected":false},"excerpt":{"rendered":"<p>Hotel mit Schwimmbad und Solarium in Rimini In unserem von Gr\u00fcn umgebenen Swimmingpool k\u00f6nnen Sie sich entspannen, ein Sonnenbad nehmen, ein Buch lesen oder einen Cocktail trinken. Der Pool ist auch bei Kindern sehr beliebt, die hier spielen und Spa\u00df haben k\u00f6nnen. Wenn es richtig hei\u00df ist, gibt es nichts Besseres, als ein Bad im [&hellip;]<\/p>\n","protected":false},"author":1,"featured_media":1637,"parent":0,"menu_order":0,"comment_status":"closed","ping_status":"closed","template":"","meta":{"_acf_changed":false,"footnotes":""},"class_list":["post-1126","page","type-page","status-publish","has-post-thumbnail","hentry"],"acf":[],"yoast_head":"<!-- This site is optimized with the Yoast SEO plugin v27.0 - https:\/\/yoast.com\/product\/yoast-seo-wordpress\/ -->\n<title>Pool - My Place Hotel<\/title>\n<meta name=\"robots\" content=\"index, follow, max-snippet:-1, max-image-preview:large, max-video-preview:-1\" \/>\n<link rel=\"canonical\" href=\"https:\/\/www.myplacehotel.it\/de\/pool\/\" \/>\n<meta property=\"og:locale\" content=\"de_DE\" \/>\n<meta property=\"og:type\" content=\"article\" \/>\n<meta property=\"og:title\" content=\"Pool - My Place Hotel\" \/>\n<meta property=\"og:description\" content=\"Hotel mit Schwimmbad und Solarium in Rimini In unserem von Gr\u00fcn umgebenen Swimmingpool k\u00f6nnen Sie sich entspannen, ein Sonnenbad nehmen, ein Buch lesen oder einen Cocktail trinken. Der Pool ist auch bei Kindern sehr beliebt, die hier spielen und Spa\u00df haben k\u00f6nnen. Wenn es richtig hei\u00df ist, gibt es nichts Besseres, als ein Bad im [&hellip;]\" \/>\n<meta property=\"og:url\" content=\"https:\/\/www.myplacehotel.it\/de\/pool\/\" \/>\n<meta property=\"og:site_name\" content=\"My Place Hotel\" \/>\n<meta property=\"article:modified_time\" content=\"2023-02-09T15:04:48+00:00\" \/>\n<meta property=\"og:image\" content=\"https:\/\/www.myplacehotel.it\/wp-content\/uploads\/2021\/05\/pool-e1619977071971.jpg\" \/>\n\t<meta property=\"og:image:width\" content=\"1920\" \/>\n\t<meta property=\"og:image:height\" content=\"1288\" \/>\n\t<meta property=\"og:image:type\" content=\"image\/jpeg\" \/>\n<meta name=\"twitter:card\" content=\"summary_large_image\" \/>\n<meta name=\"twitter:label1\" content=\"Gesch\u00e4tzte Lesezeit\" \/>\n\t<meta name=\"twitter:data1\" content=\"1\u00a0Minute\" \/>\n<script type=\"application\/ld+json\" class=\"yoast-schema-graph\">{\"@context\":\"https:\/\/schema.org\",\"@graph\":[{\"@type\":\"WebPage\",\"@id\":\"https:\/\/www.myplacehotel.it\/de\/pool\/\",\"url\":\"https:\/\/www.myplacehotel.it\/de\/pool\/\",\"name\":\"Pool - My Place Hotel\",\"isPartOf\":{\"@id\":\"https:\/\/www.myplacehotel.it\/de\/#website\"},\"primaryImageOfPage\":{\"@id\":\"https:\/\/www.myplacehotel.it\/de\/pool\/#primaryimage\"},\"image\":{\"@id\":\"https:\/\/www.myplacehotel.it\/de\/pool\/#primaryimage\"},\"thumbnailUrl\":\"https:\/\/www.myplacehotel.it\/wp-content\/uploads\/2023\/03\/2.png\",\"datePublished\":\"2022-03-30T09:30:25+00:00\",\"dateModified\":\"2023-02-09T15:04:48+00:00\",\"breadcrumb\":{\"@id\":\"https:\/\/www.myplacehotel.it\/de\/pool\/#breadcrumb\"},\"inLanguage\":\"de\",\"potentialAction\":[{\"@type\":\"ReadAction\",\"target\":[\"https:\/\/www.myplacehotel.it\/de\/pool\/\"]}]},{\"@type\":\"ImageObject\",\"inLanguage\":\"de\",\"@id\":\"https:\/\/www.myplacehotel.it\/de\/pool\/#primaryimage\",\"url\":\"https:\/\/www.myplacehotel.it\/wp-content\/uploads\/2023\/03\/2.png\",\"contentUrl\":\"https:\/\/www.myplacehotel.it\/wp-content\/uploads\/2023\/03\/2.png\",\"width\":1600,\"height\":900},{\"@type\":\"BreadcrumbList\",\"@id\":\"https:\/\/www.myplacehotel.it\/de\/pool\/#breadcrumb\",\"itemListElement\":[{\"@type\":\"ListItem\",\"position\":1,\"name\":\"Home\",\"item\":\"https:\/\/www.myplacehotel.it\/de\/\"},{\"@type\":\"ListItem\",\"position\":2,\"name\":\"Pool\"}]},{\"@type\":\"WebSite\",\"@id\":\"https:\/\/www.myplacehotel.it\/de\/#website\",\"url\":\"https:\/\/www.myplacehotel.it\/de\/\",\"name\":\"My Place Hotel\",\"description\":\"\",\"potentialAction\":[{\"@type\":\"SearchAction\",\"target\":{\"@type\":\"EntryPoint\",\"urlTemplate\":\"https:\/\/www.myplacehotel.it\/de\/?s={search_term_string}\"},\"query-input\":{\"@type\":\"PropertyValueSpecification\",\"valueRequired\":true,\"valueName\":\"search_term_string\"}}],\"inLanguage\":\"de\"}]}<\/script>\n<!-- \/ Yoast SEO plugin. -->","yoast_head_json":{"title":"Pool - My Place Hotel","robots":{"index":"index","follow":"follow","max-snippet":"max-snippet:-1","max-image-preview":"max-image-preview:large","max-video-preview":"max-video-preview:-1"},"canonical":"https:\/\/www.myplacehotel.it\/de\/pool\/","og_locale":"de_DE","og_type":"article","og_title":"Pool - My Place Hotel","og_description":"Hotel mit Schwimmbad und Solarium in Rimini In unserem von Gr\u00fcn umgebenen Swimmingpool k\u00f6nnen Sie sich entspannen, ein Sonnenbad nehmen, ein Buch lesen oder einen Cocktail trinken. Der Pool ist auch bei Kindern sehr beliebt, die hier spielen und Spa\u00df haben k\u00f6nnen. Wenn es richtig hei\u00df ist, gibt es nichts Besseres, als ein Bad im [&hellip;]","og_url":"https:\/\/www.myplacehotel.it\/de\/pool\/","og_site_name":"My Place Hotel","article_modified_time":"2023-02-09T15:04:48+00:00","og_image":[{"width":1920,"height":1288,"url":"https:\/\/www.myplacehotel.it\/wp-content\/uploads\/2021\/05\/pool-e1619977071971.jpg","type":"image\/jpeg"}],"twitter_card":"summary_large_image","twitter_misc":{"Gesch\u00e4tzte Lesezeit":"1\u00a0Minute"},"schema":{"@context":"https:\/\/schema.org","@graph":[{"@type":"WebPage","@id":"https:\/\/www.myplacehotel.it\/de\/pool\/","url":"https:\/\/www.myplacehotel.it\/de\/pool\/","name":"Pool - My Place Hotel","isPartOf":{"@id":"https:\/\/www.myplacehotel.it\/de\/#website"},"primaryImageOfPage":{"@id":"https:\/\/www.myplacehotel.it\/de\/pool\/#primaryimage"},"image":{"@id":"https:\/\/www.myplacehotel.it\/de\/pool\/#primaryimage"},"thumbnailUrl":"https:\/\/www.myplacehotel.it\/wp-content\/uploads\/2023\/03\/2.png","datePublished":"2022-03-30T09:30:25+00:00","dateModified":"2023-02-09T15:04:48+00:00","breadcrumb":{"@id":"https:\/\/www.myplacehotel.it\/de\/pool\/#breadcrumb"},"inLanguage":"de","potentialAction":[{"@type":"ReadAction","target":["https:\/\/www.myplacehotel.it\/de\/pool\/"]}]},{"@type":"ImageObject","inLanguage":"de","@id":"https:\/\/www.myplacehotel.it\/de\/pool\/#primaryimage","url":"https:\/\/www.myplacehotel.it\/wp-content\/uploads\/2023\/03\/2.png","contentUrl":"https:\/\/www.myplacehotel.it\/wp-content\/uploads\/2023\/03\/2.png","width":1600,"height":900},{"@type":"BreadcrumbList","@id":"https:\/\/www.myplacehotel.it\/de\/pool\/#breadcrumb","itemListElement":[{"@type":"ListItem","position":1,"name":"Home","item":"https:\/\/www.myplacehotel.it\/de\/"},{"@type":"ListItem","position":2,"name":"Pool"}]},{"@type":"WebSite","@id":"https:\/\/www.myplacehotel.it\/de\/#website","url":"https:\/\/www.myplacehotel.it\/de\/","name":"My Place Hotel","description":"","potentialAction":[{"@type":"SearchAction","target":{"@type":"EntryPoint","urlTemplate":"https:\/\/www.myplacehotel.it\/de\/?s={search_term_string}"},"query-input":{"@type":"PropertyValueSpecification","valueRequired":true,"valueName":"search_term_string"}}],"inLanguage":"de"}]}},"_links":{"self":[{"href":"https:\/\/www.myplacehotel.it\/de\/wp-json\/wp\/v2\/pages\/1126","targetHints":{"allow":["GET"]}}],"collection":[{"href":"https:\/\/www.myplacehotel.it\/de\/wp-json\/wp\/v2\/pages"}],"about":[{"href":"https:\/\/www.myplacehotel.it\/de\/wp-json\/wp\/v2\/types\/page"}],"author":[{"embeddable":true,"href":"https:\/\/www.myplacehotel.it\/de\/wp-json\/wp\/v2\/users\/1"}],"replies":[{"embeddable":true,"href":"https:\/\/www.myplacehotel.it\/de\/wp-json\/wp\/v2\/comments?post=1126"}],"version-history":[{"count":2,"href":"https:\/\/www.myplacehotel.it\/de\/wp-json\/wp\/v2\/pages\/1126\/revisions"}],"predecessor-version":[{"id":1592,"href":"https:\/\/www.myplacehotel.it\/de\/wp-json\/wp\/v2\/pages\/1126\/revisions\/1592"}],"wp:featuredmedia":[{"embeddable":true,"href":"https:\/\/www.myplacehotel.it\/de\/wp-json\/wp\/v2\/media\/1637"}],"wp:attachment":[{"href":"https:\/\/www.myplacehotel.it\/de\/wp-json\/wp\/v2\/media?parent=1126"}],"curies":[{"name":"wp","href":"https:\/\/api.w.org\/{rel}","templated":true}]}}